{"id":17057,"date":"2025-04-10T12:05:09","date_gmt":"2025-04-10T10:05:09","guid":{"rendered":"https:\/\/myspainfood.com\/producto\/kimbos-gordal-gordal-olive-e-cetriolini-900-gr-chicon\/"},"modified":"2025-05-12T23:24:06","modified_gmt":"2025-05-12T21:24:06","slug":"kimbos-gordal-gordal-olive-e-cetriolini-900-gr-chicon","status":"publish","type":"product","link":"https:\/\/myspainfood.com\/it\/producto\/kimbos-gordal-gordal-olive-e-cetriolini-900-gr-chicon\/","title":{"rendered":"Kimbos Gordal - gordal olive e cetriolini 900 gr Chic\u00f3n"},"content":{"rendered":"<h3>Perch\u00e9 usare le olive Kimbos Gordal ripiene di cetriolini?<\/h3>\n<p>Il Kimbos Gordal \u00e8 una variante di una delle olive ripiene pi\u00f9 popolari sia in Spagna che all&#8217;estero.<\/p>\n<p>Una delle sue peculiarit\u00e0 sono le dimensioni, che di solito sono maggiori rispetto alle altre variet\u00e0.<\/p>\n<p>Questo la rende un&#8217;oliva ideale da servire in tavola farcita con diversi tipi di alimenti come acciughe, cetriolini o peperoni, ad esempio.<\/p>\n<p>Il nome &#8220;Aceituna Gordal&#8221; gli \u00e8 stato dato per le sue dimensioni.<\/p>\n<p>Si pu\u00f2 dire che si distingue per il suo aspetto piuttosto attraente e accattivante.<\/p>\n<p>Sebbene la sua origine sia in <a href=\"https:\/\/aceitunaschiconlebron.com\/catalogo\/aceituna-gordal-rellena-de-pepinillo\/\" target=\"_blank\" rel=\"noopener noreferrer nofollow\">Andalusia<\/a>, il consumo dell&#8217;oliva Gordal ripiena di cetriolini si \u00e8 diffuso negli Stati Uniti, essendo il luogo in cui si \u00e8 maggiormente diffuso al di fuori della Spagna.<\/p>\n<p>Se vuoi acquistare olive o qualsiasi altro tipo di <a href=\"https:\/\/latiendadesami.com\/categoria-producto\/encurtidos\/\" rel=\"noopener noreferrer nofollow\" target=\"_blank\">sottaceti<\/a>, non esitare a dare un&#8217;occhiata al nostro catalogo online per vedere l&#8217;ampia variet\u00e0 di <a href=\"https:\/\/latiendadesami.com\/categoria-producto\/encurtidos\/aceitunas\/\" target=\"_blank\" rel=\"noopener noreferrer nofollow\">olive<\/a> che abbiamo.<\/p>\n","protected":false},"excerpt":{"rendered":"<p>Perch\u00e9 usare le olive Kimbos Gordal ripiene di cetriolini? Il Kimbos Gordal \u00e8 una variante di una delle olive ripiene pi\u00f9 popolari sia in Spagna che all&#8217;estero. Una delle sue peculiarit\u00e0 sono le dimensioni, che di solito sono maggiori rispetto alle altre variet\u00e0. Questo la rende un&#8217;oliva ideale da servire in tavola farcita con diversi [&hellip;]<\/p>\n","protected":false},"featured_media":7103,"template":"","meta":{"_et_pb_use_builder":"","_et_pb_old_content":"","_et_gb_content_width":""},"product_brand":[1036],"product_cat":[1563,1562],"product_tag":[1621,1622],"class_list":{"0":"post-17057","1":"product","2":"type-product","3":"status-publish","4":"has-post-thumbnail","6":"product_brand-chicon","7":"product_cat-olive","8":"product_cat-sottaceti","9":"product_tag-gordal-it","10":"product_tag-kimbo-it","12":"first","13":"instock","14":"taxable","15":"shipping-taxable","16":"purchasable","17":"product-type-variable"},"_links":{"self":[{"href":"https:\/\/myspainfood.com\/it\/wp-json\/wp\/v2\/product\/17057","targetHints":{"allow":["GET"]}}],"collection":[{"href":"https:\/\/myspainfood.com\/it\/wp-json\/wp\/v2\/product"}],"about":[{"href":"https:\/\/myspainfood.com\/it\/wp-json\/wp\/v2\/types\/product"}],"wp:featuredmedia":[{"embeddable":true,"href":"https:\/\/myspainfood.com\/it\/wp-json\/wp\/v2\/media\/7103"}],"wp:attachment":[{"href":"https:\/\/myspainfood.com\/it\/wp-json\/wp\/v2\/media?parent=17057"}],"wp:term":[{"taxonomy":"product_brand","embeddable":true,"href":"https:\/\/myspainfood.com\/it\/wp-json\/wp\/v2\/product_brand?post=17057"},{"taxonomy":"product_cat","embeddable":true,"href":"https:\/\/myspainfood.com\/it\/wp-json\/wp\/v2\/product_cat?post=17057"},{"taxonomy":"product_tag","embeddable":true,"href":"https:\/\/myspainfood.com\/it\/wp-json\/wp\/v2\/product_tag?post=17057"}],"curies":[{"name":"wp","href":"https:\/\/api.w.org\/{rel}","templated":true}]}}