{"id":17943,"date":"2025-04-10T12:14:40","date_gmt":"2025-04-10T10:14:40","guid":{"rendered":"https:\/\/myspainfood.com\/producto\/almejon-mandorla-di-mare-naturale-estela-do-mar-111-gr\/"},"modified":"2026-01-20T13:35:53","modified_gmt":"2026-01-20T12:35:53","slug":"almejon-mandorla-di-mare-naturale-estela-do-mar-111-gr","status":"publish","type":"product","link":"https:\/\/myspainfood.com\/it\/producto\/almejon-mandorla-di-mare-naturale-estela-do-mar-111-gr\/","title":{"rendered":"Almej\u00f3n (Mandorla di mare) naturale Estela do Mar 111 gr"},"content":{"rendered":"<p>Scopra l&#8217;autentico sapore del mare con <strong>Estela do Mar Natural Almej\u00f3n<\/strong>. Questa mandorla di mare in scatola da 111 grammi cattura tutta la freschezza e la purezza delle migliori vongole, senza additivi n\u00e9 conservanti. Perfetta per chi cerca un frutto di mare naturale e di alta qualit\u00e0, questa vongola \u00e8 ideale da gustare da sola o nelle sue ricette preferite, offrendo una consistenza tenera e un sapore intenso.  <\/p>\n<p>Ricca di proteine, omega-3 e minerali essenziali, la <strong>vongola naturale Estela do Mar<\/strong> \u00e8 un&#8217;opzione nutriente per qualsiasi dieta. Aggiunga un tocco gourmet e salutare ai suoi piatti ed esplori altre opzioni nella nostra <a target=\"_new\" rel=\"noopener\">sezione dedicata ai frutti di mare<\/a> o verifichi i benefici dei frutti di mare freschi in siti di riferimento come <a href=\"https:\/\/www.fen.org.es\" target=\"_new\" rel=\"noopener noreferrer nofollow\" target=\"_blank\">la Spanish Nutrition Foundation<\/a>. <\/p>\n<p>Aggiunga la vongola Estela do Mar ai suoi pasti e goda di un tocco gourmet!<\/p>\n<p><span class=\"BxUVEf ILfuVd\" lang=\"es\"><span class=\"hgKElc\"> <\/span><\/span><\/p>\n","protected":false},"excerpt":{"rendered":"<p>Scopra l&#8217;autentico sapore del mare con Estela do Mar Natural Almej\u00f3n. Questa mandorla di mare in scatola da 111 grammi cattura tutta la freschezza e la purezza delle migliori vongole, senza additivi n\u00e9 conservanti. Perfetta per chi cerca un frutto di mare naturale e di alta qualit\u00e0, questa vongola \u00e8 ideale da gustare da sola [&hellip;]<\/p>\n","protected":false},"featured_media":14951,"template":"","meta":{"_et_pb_use_builder":"","_et_pb_old_content":"","_et_gb_content_width":""},"product_brand":[1469],"product_cat":[1959,1962],"product_tag":[],"class_list":{"0":"post-17943","1":"product","2":"type-product","3":"status-publish","4":"has-post-thumbnail","6":"product_brand-estela-do-mar","7":"product_cat-conserve","8":"product_cat-vongole","10":"first","11":"outofstock","12":"taxable","13":"shipping-taxable","14":"product-type-variable"},"_links":{"self":[{"href":"https:\/\/myspainfood.com\/it\/wp-json\/wp\/v2\/product\/17943","targetHints":{"allow":["GET"]}}],"collection":[{"href":"https:\/\/myspainfood.com\/it\/wp-json\/wp\/v2\/product"}],"about":[{"href":"https:\/\/myspainfood.com\/it\/wp-json\/wp\/v2\/types\/product"}],"wp:featuredmedia":[{"embeddable":true,"href":"https:\/\/myspainfood.com\/it\/wp-json\/wp\/v2\/media\/14951"}],"wp:attachment":[{"href":"https:\/\/myspainfood.com\/it\/wp-json\/wp\/v2\/media?parent=17943"}],"wp:term":[{"taxonomy":"product_brand","embeddable":true,"href":"https:\/\/myspainfood.com\/it\/wp-json\/wp\/v2\/product_brand?post=17943"},{"taxonomy":"product_cat","embeddable":true,"href":"https:\/\/myspainfood.com\/it\/wp-json\/wp\/v2\/product_cat?post=17943"},{"taxonomy":"product_tag","embeddable":true,"href":"https:\/\/myspainfood.com\/it\/wp-json\/wp\/v2\/product_tag?post=17943"}],"curies":[{"name":"wp","href":"https:\/\/api.w.org\/{rel}","templated":true}]}}