{"id":18028,"date":"2025-04-10T12:05:44","date_gmt":"2025-04-10T10:05:44","guid":{"rendered":"https:\/\/myspainfood.com\/producto\/cetriolo-ripieno-di-camomilla-38-kg-kimbitos\/"},"modified":"2025-04-10T12:05:44","modified_gmt":"2025-04-10T10:05:44","slug":"cetriolo-ripieno-di-camomilla-38-kg-kimbitos","status":"publish","type":"product","link":"https:\/\/myspainfood.com\/it\/producto\/cetriolo-ripieno-di-camomilla-38-kg-kimbitos\/","title":{"rendered":"Cetriolo ripieno di camomilla 3,8 kg Kimbitos"},"content":{"rendered":"<p>Cetriolo ripieno Manzanilla 3,8 kg Kimbitos \u00e8 uno snack in cui troviamo le tradizionali olive <a href=\"https:\/\/www.laencajera.es\/encurtidos-de-almagro\" target=\"_blank\" rel=\"noopener noreferrer nofollow\">manzanilla<\/a> ripiene di cetriolini.<\/p>\n<p>Un accompagnamento ideale per i piatti tradizionali.<\/p>\n<p>Kimbitos \u00e8 il nome con cui conosciamo, in alcune zone della Spagna, l&#8217;oliva manzanilla snocciolata con un cetriolino sott&#8217;aceto.<\/p>\n<p>\u00c8 realizzato a mano per creare questa unione.<\/p>\n<h3>Benefici del cetriolo ripieno di camomilla da 3,8 kg di Kimbitos<\/h3>\n<p>Conosceva i molteplici benefici di queste olive? Sono molto efficaci nella prevenzione delle malattie cardiache e circolatorie in generale. <\/p>\n<p>Ci\u00f2 \u00e8 dovuto al suo alto contenuto di grassi insaturi. Inoltre, \u00e8 un alimento che contiene molto ferro e fibre ed \u00e8 altamente saziante, il che lo rende uno spuntino perfetto. <\/p>\n<p>Se vuoi acquistare olive o qualsiasi altro tipo di <a href=\"https:\/\/latiendadesami.com\/categoria-producto\/encurtidos\/\" rel=\"noopener noreferrer nofollow\" target=\"_blank\">sottaceti<\/a>, non esitare a dare un&#8217;occhiata al nostro catalogo online per vedere l&#8217;ampia variet\u00e0 di <a href=\"https:\/\/latiendadesami.com\/categoria-producto\/encurtidos\/aceitunas\/\" target=\"_blank\" rel=\"noopener noreferrer nofollow\">olive<\/a> che abbiamo.<\/p>\n<p>Origine: Castilla la Mancha.<\/p>\n<p>Ingredienti: Olive, cetriolini, acqua, sale, acidificante (E-330), conservanti (E211, E-202, E-260), esaltatore di sapidit\u00e0 (E-621, E-631, E-627), antiossidanti (E-300) e aromi naturali. Pu\u00f2 contenere tracce di solfiti. <\/p>\n<h3>Informazioni nutrizionali<\/h3>\n<p>Valore energetico 132 kcal\/ 553 kj Grassi 13,4 g di cui saturi 1,7 g Carboidrati 0,8 g di cui zucchero 0,09 g Fibra alimentare 0,5 g Proteine 2,6 g Sale 2,0 g<\/p>\n","protected":false},"excerpt":{"rendered":"<p>Cetriolo ripieno Manzanilla 3,8 kg Kimbitos \u00e8 uno snack in cui troviamo le tradizionali olive manzanilla ripiene di cetriolini. Un accompagnamento ideale per i piatti tradizionali. Kimbitos \u00e8 il nome con cui conosciamo, in alcune zone della Spagna, l&#8217;oliva manzanilla snocciolata con un cetriolino sott&#8217;aceto. \u00c8 realizzato a mano per creare questa unione. Benefici del [&hellip;]<\/p>\n","protected":false},"featured_media":7742,"template":"","meta":{"_et_pb_use_builder":"","_et_pb_old_content":"","_et_gb_content_width":""},"product_brand":[],"product_cat":[2011,1563,1562],"product_tag":[1622],"class_list":{"0":"post-18028","1":"product","2":"type-product","3":"status-publish","4":"has-post-thumbnail","6":"product_cat-cetriolini","7":"product_cat-olive","8":"product_cat-sottaceti","9":"product_tag-kimbo-it","11":"first","12":"instock","13":"taxable","14":"shipping-taxable","15":"purchasable","16":"product-type-simple"},"_links":{"self":[{"href":"https:\/\/myspainfood.com\/it\/wp-json\/wp\/v2\/product\/18028","targetHints":{"allow":["GET"]}}],"collection":[{"href":"https:\/\/myspainfood.com\/it\/wp-json\/wp\/v2\/product"}],"about":[{"href":"https:\/\/myspainfood.com\/it\/wp-json\/wp\/v2\/types\/product"}],"wp:featuredmedia":[{"embeddable":true,"href":"https:\/\/myspainfood.com\/it\/wp-json\/wp\/v2\/media\/7742"}],"wp:attachment":[{"href":"https:\/\/myspainfood.com\/it\/wp-json\/wp\/v2\/media?parent=18028"}],"wp:term":[{"taxonomy":"product_brand","embeddable":true,"href":"https:\/\/myspainfood.com\/it\/wp-json\/wp\/v2\/product_brand?post=18028"},{"taxonomy":"product_cat","embeddable":true,"href":"https:\/\/myspainfood.com\/it\/wp-json\/wp\/v2\/product_cat?post=18028"},{"taxonomy":"product_tag","embeddable":true,"href":"https:\/\/myspainfood.com\/it\/wp-json\/wp\/v2\/product_tag?post=18028"}],"curies":[{"name":"wp","href":"https:\/\/api.w.org\/{rel}","templated":true}]}}