{"id":18259,"date":"2025-04-10T12:05:35","date_gmt":"2025-04-10T10:05:35","guid":{"rendered":"https:\/\/myspainfood.com\/producto\/olive-di-gordal-ripiene-di-melanzane-45-kg\/"},"modified":"2025-04-10T12:05:35","modified_gmt":"2025-04-10T10:05:35","slug":"olive-di-gordal-ripiene-di-melanzane-45-kg","status":"publish","type":"product","link":"https:\/\/myspainfood.com\/it\/producto\/olive-di-gordal-ripiene-di-melanzane-45-kg\/","title":{"rendered":"Olive di Gordal ripiene di melanzane 4,5 kg"},"content":{"rendered":"<p>Olive Gordal ripiene di melanzane della variet\u00e0 Gordal ripiene delle nostre tradizionali <a href=\"https:\/\/www.laencajera.es\/aceitunas\" target=\"_blank\" rel=\"noopener noreferrer nofollow\">melanzane<\/a> Almagro.<\/p>\n<p>Una delle variet\u00e0 pi\u00f9 popolari. Sono ideali come aperitivo. <\/p>\n<p>Ingredienti: NTES: Olive Gordal snocciolate, Melanzane &#8220;De Almagro&#8221;, Acqua, Sale, Aceto di vino, Cumino macinato, Paprika de la Vera, Origano, Esaltatore di sapidit\u00e0 (E-621, E-631, E-627) Acidificante (E-330), Conservanti (E-260, E-211, E-202), Antiossidante (E-300) ed Essenze naturali (Essenza di Pepe, Essenza di Aglio, Essenza di Cumino). Pu\u00f2 contenere solfiti. <\/p>\n<p>Conservi in un luogo fresco e asciutto, tra 3\u00baC e 10\u00baC.<\/p>\n<p>Protegga dalla luce del sole e dagli odori forti.<\/p>\n<p>Olive Gordal ripiene di melanzane. Una volta aperte, conservare in frigorifero e consumare entro 30 giorni.<\/p>\n<p>Se desidera acquistare olive o qualsiasi altro tipo di <a href=\"https:\/\/latiendadesami.com\/categoria-producto\/encurtidos\/\" rel=\"noopener noreferrer nofollow\" target=\"_blank\">sottaceti<\/a>, non esiti a dare un&#8217;occhiata al nostro catalogo online per vedere l&#8217;ampia variet\u00e0 di <a href=\"https:\/\/latiendadesami.com\/categoria-producto\/encurtidos\/berenjenas\/\" target=\"_blank\" rel=\"noopener noreferrer nofollow\">melanzane<\/a> che abbiamo.<\/p>\n<p>Il marchio \u00e8 La Encajonera, un&#8217;azienda familiare, fondata nel 1990, situata nel cuore della Mancia, nella citt\u00e0 di ALMAGRO, nella provincia di Ciudad Real.<\/p>\n<p>Il processo di fabbricazione dei suoi prodotti inizia nella stessa area di coltivazione, selezionando il prodotto di migliore qualit\u00e0.<\/p>\n<p>La fabbrica \u00e8 dotata della tecnologia pi\u00f9 avanzata, pur conservando la tradizione e il know-how dei suoi lavoratori artigiani.<\/p>\n","protected":false},"excerpt":{"rendered":"<p>Olive Gordal ripiene di melanzane della variet\u00e0 Gordal ripiene delle nostre tradizionali melanzane Almagro. Una delle variet\u00e0 pi\u00f9 popolari. Sono ideali come aperitivo. Ingredienti: NTES: Olive Gordal snocciolate, Melanzane &#8220;De Almagro&#8221;, Acqua, Sale, Aceto di vino, Cumino macinato, Paprika de la Vera, Origano, Esaltatore di sapidit\u00e0 (E-621, E-631, E-627) Acidificante (E-330), Conservanti (E-260, E-211, E-202), [&hellip;]<\/p>\n","protected":false},"featured_media":7519,"template":"","meta":{"_et_pb_use_builder":"","_et_pb_old_content":"","_et_gb_content_width":""},"product_brand":[],"product_cat":[1563,1562],"product_tag":[2165,2164],"class_list":{"0":"post-18259","1":"product","2":"type-product","3":"status-publish","4":"has-post-thumbnail","6":"product_cat-olive","7":"product_cat-sottaceti","8":"product_tag-compilare","9":"product_tag-melanzana","11":"first","12":"instock","13":"taxable","14":"shipping-taxable","15":"purchasable","16":"product-type-simple"},"_links":{"self":[{"href":"https:\/\/myspainfood.com\/it\/wp-json\/wp\/v2\/product\/18259","targetHints":{"allow":["GET"]}}],"collection":[{"href":"https:\/\/myspainfood.com\/it\/wp-json\/wp\/v2\/product"}],"about":[{"href":"https:\/\/myspainfood.com\/it\/wp-json\/wp\/v2\/types\/product"}],"wp:featuredmedia":[{"embeddable":true,"href":"https:\/\/myspainfood.com\/it\/wp-json\/wp\/v2\/media\/7519"}],"wp:attachment":[{"href":"https:\/\/myspainfood.com\/it\/wp-json\/wp\/v2\/media?parent=18259"}],"wp:term":[{"taxonomy":"product_brand","embeddable":true,"href":"https:\/\/myspainfood.com\/it\/wp-json\/wp\/v2\/product_brand?post=18259"},{"taxonomy":"product_cat","embeddable":true,"href":"https:\/\/myspainfood.com\/it\/wp-json\/wp\/v2\/product_cat?post=18259"},{"taxonomy":"product_tag","embeddable":true,"href":"https:\/\/myspainfood.com\/it\/wp-json\/wp\/v2\/product_tag?post=18259"}],"curies":[{"name":"wp","href":"https:\/\/api.w.org\/{rel}","templated":true}]}}