{"id":18298,"date":"2025-04-10T12:09:16","date_gmt":"2025-04-10T10:09:16","guid":{"rendered":"https:\/\/myspainfood.com\/producto\/olive-manzanilla-sapore-di-acciughe-140-160-5-kg-sgocciolati\/"},"modified":"2025-04-10T12:09:16","modified_gmt":"2025-04-10T10:09:16","slug":"olive-manzanilla-sapore-di-acciughe-140-160-5-kg-sgocciolati","status":"publish","type":"product","link":"https:\/\/myspainfood.com\/it\/producto\/olive-manzanilla-sapore-di-acciughe-140-160-5-kg-sgocciolati\/","title":{"rendered":"Olive Manzanilla Sapore di acciughe 140-160 5 kg sgocciolati"},"content":{"rendered":"<p>L&#8217;oliva manzanilla aromatizzata all&#8217;acciuga \u00e8 l&#8217;oliva pi\u00f9 popolare sul mercato. \u00c8 molto apprezzata per il suo sapore raffinato. Viene utilizzata principalmente come oliva da tavola. Di colore verde giallastro, \u00e8 snocciolata e ha un sapore delicato. Ampiamente utilizzata come aperitivo e come antipasto. Fa parte di ricette come pizze, insalate o piatti pi\u00f9 elaborati.     <\/p>\n<p>Ingredienti: Olive, Acqua, Sale, Acidificante (E-330), Conservanti<\/p>\n<p>(E-211, E-202, E-270) Antiossidante (E-300)<\/p>\n<p>Pu\u00f2 contenere solfiti.<\/p>\n<p>Conservi in un luogo fresco e asciutto, tra 3\u00baC e 10\u00baC.<\/p>\n<p>Protegga dalla luce del sole e dagli odori forti.<\/p>\n<p>Se desidera acquistare olive o qualsiasi altro tipo di <a href=\"https:\/\/latiendadesami.com\/categoria-producto\/encurtidos\/\" rel=\"noopener noreferrer nofollow\" target=\"_blank\">sottaceti<\/a>, non esiti a dare un&#8217;occhiata al nostro catalogo online per vedere l&#8217;ampia variet\u00e0 di <a href=\"https:\/\/latiendadesami.com\/categoria-producto\/encurtidos\/berenjenas\/\" target=\"_blank\" rel=\"noopener noreferrer nofollow\">melanzane<\/a> che abbiamo.<\/p>\n<p>Il marchio \u00e8 La Encajera, un&#8217;azienda familiare, fondata nel 1990, situata nel cuore della Mancia, nella citt\u00e0 di ALMAGRO, nella provincia di Ciudad Real.<\/p>\n<p>Il processo di fabbricazione dei suoi prodotti inizia nella stessa area di coltivazione, selezionando il prodotto di migliore qualit\u00e0.<\/p>\n<p>La fabbrica \u00e8 dotata della tecnologia pi\u00f9 avanzata, pur conservando la tradizione e il know-how dei suoi lavoratori artigiani.<\/p>\n","protected":false},"excerpt":{"rendered":"<p>L&#8217;oliva manzanilla aromatizzata all&#8217;acciuga \u00e8 l&#8217;oliva pi\u00f9 popolare sul mercato. \u00c8 molto apprezzata per il suo sapore raffinato. Viene utilizzata principalmente come oliva da tavola. Di colore verde giallastro, \u00e8 snocciolata e ha un sapore delicato. Ampiamente utilizzata come aperitivo e come antipasto. Fa parte di ricette come pizze, insalate o piatti pi\u00f9 elaborati. Ingredienti: [&hellip;]<\/p>\n","protected":false},"featured_media":11846,"template":"","meta":{"_et_pb_use_builder":"","_et_pb_old_content":"","_et_gb_content_width":""},"product_brand":[],"product_cat":[1563,1562],"product_tag":[2165,2164],"class_list":{"0":"post-18298","1":"product","2":"type-product","3":"status-publish","4":"has-post-thumbnail","6":"product_cat-olive","7":"product_cat-sottaceti","8":"product_tag-compilare","9":"product_tag-melanzana","11":"first","12":"instock","13":"taxable","14":"shipping-taxable","15":"purchasable","16":"product-type-simple"},"_links":{"self":[{"href":"https:\/\/myspainfood.com\/it\/wp-json\/wp\/v2\/product\/18298","targetHints":{"allow":["GET"]}}],"collection":[{"href":"https:\/\/myspainfood.com\/it\/wp-json\/wp\/v2\/product"}],"about":[{"href":"https:\/\/myspainfood.com\/it\/wp-json\/wp\/v2\/types\/product"}],"wp:featuredmedia":[{"embeddable":true,"href":"https:\/\/myspainfood.com\/it\/wp-json\/wp\/v2\/media\/11846"}],"wp:attachment":[{"href":"https:\/\/myspainfood.com\/it\/wp-json\/wp\/v2\/media?parent=18298"}],"wp:term":[{"taxonomy":"product_brand","embeddable":true,"href":"https:\/\/myspainfood.com\/it\/wp-json\/wp\/v2\/product_brand?post=18298"},{"taxonomy":"product_cat","embeddable":true,"href":"https:\/\/myspainfood.com\/it\/wp-json\/wp\/v2\/product_cat?post=18298"},{"taxonomy":"product_tag","embeddable":true,"href":"https:\/\/myspainfood.com\/it\/wp-json\/wp\/v2\/product_tag?post=18298"}],"curies":[{"name":"wp","href":"https:\/\/api.w.org\/{rel}","templated":true}]}}