{"id":19134,"date":"2025-04-10T12:16:39","date_gmt":"2025-04-10T10:16:39","guid":{"rendered":"https:\/\/myspainfood.com\/producto\/olio-extravergine-di-oliva-viejo-olivar-5-litri-cazorla-jaen\/"},"modified":"2026-01-29T12:36:23","modified_gmt":"2026-01-29T11:36:23","slug":"olio-extravergine-di-oliva-viejo-olivar-5-litri-cazorla-jaen","status":"publish","type":"product","link":"https:\/\/myspainfood.com\/it\/producto\/olio-extravergine-di-oliva-viejo-olivar-5-litri-cazorla-jaen\/","title":{"rendered":"Olio extravergine di oliva Viejo Olivar 5 litri Cazorla Ja\u00e9n"},"content":{"rendered":"<p>L <strong>&#8216;olio extravergine<\/strong> di <strong>oliva<\/strong> di Ja\u00e9n \u00e8 uno dei prodotti di punta della gastronomia spagnola, nonch\u00e9 la nostra lettera di presentazione in tutto il mondo. Acquistare l&#8217;olio d&#8217;oliva significa acquistare un prodotto eccezionale, grazie ai suoi incredibili benefici per la salute. Inoltre, \u00e8 l&#8217;ingrediente base della dieta mediterranea, un ingrediente che non dovrebbe mancare in nessuna cucina che si rispetti.  <\/p>\n<p>Tra gli oli di oliva, l&#8217;olio extra vergine di oliva \u00e8 il pi\u00f9 eccezionale per il suo sapore, il suo aroma e i suoi benefici per l&#8217;organismo. \u00c8 ricco di vitamine A, D, E e K, previene il rischio di accumulare colesterolo, migliora la pressione sanguigna e favorisce il transito intestinale. Per tutti questi motivi, l&#8217;acquisto di olio extra vergine di oliva sar\u00e0 sempre l&#8217;opzione migliore per la sua salute e il suo palato.  <\/p>\n<p>A Ja\u00e9n, siamo orgogliosi di essere i maggiori produttori di olio d&#8217;oliva al mondo, e gli oli extravergine d&#8217;oliva della nostra terra sono, senza dubbio, i pi\u00f9 famosi sia a livello nazionale che internazionale, e la pi\u00f9 alta qualit\u00e0 che si possa acquistare.<\/p>\n","protected":false},"excerpt":{"rendered":"<p>L &#8216;olio extravergine di oliva di Ja\u00e9n \u00e8 uno dei prodotti di punta della gastronomia spagnola, nonch\u00e9 la nostra lettera di presentazione in tutto il mondo. Acquistare l&#8217;olio d&#8217;oliva significa acquistare un prodotto eccezionale, grazie ai suoi incredibili benefici per la salute. Inoltre, \u00e8 l&#8217;ingrediente base della dieta mediterranea, un ingrediente che non dovrebbe mancare [&hellip;]<\/p>\n","protected":false},"featured_media":15176,"template":"","meta":{"_et_pb_use_builder":"","_et_pb_old_content":"","_et_gb_content_width":""},"product_brand":[1221],"product_cat":[2241,2242],"product_tag":[2243],"class_list":{"0":"post-19134","1":"product","2":"type-product","3":"status-publish","4":"has-post-thumbnail","6":"product_brand-valdezarza","7":"product_cat-olio","8":"product_cat-olio-extra-vergine-di-oliva","9":"product_tag-olio","11":"first","12":"outofstock","13":"featured","14":"taxable","15":"shipping-taxable","16":"product-type-variable"},"_links":{"self":[{"href":"https:\/\/myspainfood.com\/it\/wp-json\/wp\/v2\/product\/19134","targetHints":{"allow":["GET"]}}],"collection":[{"href":"https:\/\/myspainfood.com\/it\/wp-json\/wp\/v2\/product"}],"about":[{"href":"https:\/\/myspainfood.com\/it\/wp-json\/wp\/v2\/types\/product"}],"wp:featuredmedia":[{"embeddable":true,"href":"https:\/\/myspainfood.com\/it\/wp-json\/wp\/v2\/media\/15176"}],"wp:attachment":[{"href":"https:\/\/myspainfood.com\/it\/wp-json\/wp\/v2\/media?parent=19134"}],"wp:term":[{"taxonomy":"product_brand","embeddable":true,"href":"https:\/\/myspainfood.com\/it\/wp-json\/wp\/v2\/product_brand?post=19134"},{"taxonomy":"product_cat","embeddable":true,"href":"https:\/\/myspainfood.com\/it\/wp-json\/wp\/v2\/product_cat?post=19134"},{"taxonomy":"product_tag","embeddable":true,"href":"https:\/\/myspainfood.com\/it\/wp-json\/wp\/v2\/product_tag?post=19134"}],"curies":[{"name":"wp","href":"https:\/\/api.w.org\/{rel}","templated":true}]}}