{"id":19804,"date":"2025-04-10T12:16:17","date_gmt":"2025-04-10T10:16:17","guid":{"rendered":"https:\/\/myspainfood.com\/producto\/salmone-norvegese-affumicato-port-faroe-600-g\/"},"modified":"2026-01-30T14:33:22","modified_gmt":"2026-01-30T13:33:22","slug":"salmone-norvegese-affumicato-port-faroe-600-g","status":"publish","type":"product","link":"https:\/\/myspainfood.com\/it\/producto\/salmone-norvegese-affumicato-port-faroe-600-g\/","title":{"rendered":"Salmone norvegese affumicato - Port Faroe - 600 g"},"content":{"rendered":"<h3><strong>Salmone norvegese affumicato - Port Faroe - 600 g<\/strong><\/h3>\n<p><strong>  Ora pu\u00f2 godere di tutta la freschezza e la qualit\u00e0 del salmone di prima qualit\u00e0.<\/strong><\/p>\n<p><strong>Il Salmone norvegese affumicato - Port Faroe<\/strong> combina tradizione e sapore, ideale per le ricette gourmet. Proveniente da acque cristalline, offre un sapore affumicato delicato ed equilibrato. <\/p>\n<h4><strong>Vantaggi principali:<\/strong><\/h4>\n<ul>\n<li><strong>Origine certificata<\/strong>: acque pulite e sostenibili dalla Norvegia e da Port Faroe.<\/li>\n<li><strong>Ricco di Omega-3<\/strong>: perfetto per una dieta sana ed equilibrata.<\/li>\n<li><strong>Facile da usare<\/strong>: pronto per le sue insalate, il sushi o gli spuntini.<\/li>\n<\/ul>\n<p><strong>Ama la cucina gourmet? Esplori anche <a href=\"https:\/\/latiendadesami.com\/\" rel=\"noopener noreferrer nofollow\" target=\"_blank\">altri prodotti premium nel nostro negozio.<\/a> <\/strong><\/p>\n","protected":false},"excerpt":{"rendered":"<p>Salmone norvegese affumicato - Port Faroe - 600 g Ora pu\u00f2 godere di tutta la freschezza e la qualit\u00e0 del salmone di prima qualit\u00e0. Il Salmone norvegese affumicato - Port Faroe combina tradizione e sapore, ideale per le ricette gourmet. Proveniente da acque cristalline, offre un sapore affumicato delicato ed equilibrato. Vantaggi principali: Origine certificata: [&hellip;]<\/p>\n","protected":false},"featured_media":15491,"template":"","meta":{"_et_pb_use_builder":"","_et_pb_old_content":"","_et_gb_content_width":""},"product_brand":[],"product_cat":[8045],"product_tag":[],"class_list":{"0":"post-19804","1":"product","2":"type-product","3":"status-publish","4":"has-post-thumbnail","6":"product_cat-categoria-di-test","8":"first","9":"outofstock","10":"taxable","11":"shipping-taxable","12":"product-type-variable"},"_links":{"self":[{"href":"https:\/\/myspainfood.com\/it\/wp-json\/wp\/v2\/product\/19804","targetHints":{"allow":["GET"]}}],"collection":[{"href":"https:\/\/myspainfood.com\/it\/wp-json\/wp\/v2\/product"}],"about":[{"href":"https:\/\/myspainfood.com\/it\/wp-json\/wp\/v2\/types\/product"}],"wp:featuredmedia":[{"embeddable":true,"href":"https:\/\/myspainfood.com\/it\/wp-json\/wp\/v2\/media\/15491"}],"wp:attachment":[{"href":"https:\/\/myspainfood.com\/it\/wp-json\/wp\/v2\/media?parent=19804"}],"wp:term":[{"taxonomy":"product_brand","embeddable":true,"href":"https:\/\/myspainfood.com\/it\/wp-json\/wp\/v2\/product_brand?post=19804"},{"taxonomy":"product_cat","embeddable":true,"href":"https:\/\/myspainfood.com\/it\/wp-json\/wp\/v2\/product_cat?post=19804"},{"taxonomy":"product_tag","embeddable":true,"href":"https:\/\/myspainfood.com\/it\/wp-json\/wp\/v2\/product_tag?post=19804"}],"curies":[{"name":"wp","href":"https:\/\/api.w.org\/{rel}","templated":true}]}}