{"id":21312,"date":"2025-04-10T12:10:23","date_gmt":"2025-04-10T10:10:23","guid":{"rendered":"https:\/\/myspainfood.com\/producto\/insalata-di-peperoni-piquillo-15-kg\/"},"modified":"2025-04-10T12:10:23","modified_gmt":"2025-04-10T10:10:23","slug":"insalata-di-peperoni-piquillo-15-kg","status":"publish","type":"product","link":"https:\/\/myspainfood.com\/it\/producto\/insalata-di-peperoni-piquillo-15-kg\/","title":{"rendered":"Insalata di peperoni Piquillo 1,5 kg"},"content":{"rendered":"<p>L&#8217;insalata di peperoni piquillo di <a href=\"https:\/\/www.alsurvegetales.com\/producto\/id\/35\/pimiento-del-piquillo\" target=\"_blank\" rel=\"noopener noreferrer nofollow\">Alsur<\/a> \u00e8 preparata con un peperone dolce in scatola.<\/p>\n<p>Il pepe \u00e8 rinomato per la sua alta qualit\u00e0 e per il suo gusto molto particolare, con una nota di piccantezza.<\/p>\n<p>Si caratterizzano anche per il loro colore rosso intenso, la loro consistenza unica, le loro dimensioni e la loro particolare forma triangolare allungata.<\/p>\n<p>Ingredienti: Peperoni Piquillo, cipolla, acqua, zucchero, sale, aceto e acido citrico.<\/p>\n<p>Il vaso ha un peso netto di 410 grammi.<\/p>\n<p>Conservi in un luogo fresco e asciutto. Una volta aperto, lo trasferisca in un contenitore non metallico, lo conservi in frigorifero e lo consumi entro 7 giorni. <\/p>\n<p>Alsur \u00e8 un&#8217;azienda familiare, dove l&#8217;essenza del cibo \u00e8 la protagonista principale.<\/p>\n<h4>I principali vantaggi del cibo in scatola<\/h4>\n<ol>\n<li>Conservano tutte le propriet\u00e0 nutrizionali dell&#8217;alimento stesso. Gli alimenti mantengono la loro freschezza. <\/li>\n<li>Gli alimenti utilizzati sono sani e quindi adatti a una dieta ottimale, grazie al loro elevato contenuto di vitamine e proteine.<\/li>\n<li>Questi prodotti hanno una durata maggiore (2-5 anni \u00e8 tipico).<\/li>\n<li>Le conserve sono molto facili da conservare, poich\u00e9 la loro confezione \u00e8 facile da applicare.<\/li>\n<\/ol>\n<p>Se desidera acquistare Insalata di peperoni con tonno o qualsiasi altro tipo di <a href=\"https:\/\/latiendadesami.com\/categoria-producto\/conservas\/\" rel=\"noopener noreferrer nofollow\" target=\"_blank\">cibo in scatola<\/a>, non esiti a dare un&#8217;occhiata al nostro catalogo online per vedere l&#8217;ampia variet\u00e0 di <a href=\"https:\/\/latiendadesami.com\/categoria-producto\/conservas\/atun-y-bonito\/\" target=\"_blank\" rel=\"noopener noreferrer nofollow\">tonno<\/a> che abbiamo.<\/p>\n<p>Ci scriva per maggiori informazioni.<\/p>\n","protected":false},"excerpt":{"rendered":"<p>L&#8217;insalata di peperoni piquillo di Alsur \u00e8 preparata con un peperone dolce in scatola. Il pepe \u00e8 rinomato per la sua alta qualit\u00e0 e per il suo gusto molto particolare, con una nota di piccantezza. Si caratterizzano anche per il loro colore rosso intenso, la loro consistenza unica, le loro dimensioni e la loro particolare [&hellip;]<\/p>\n","protected":false},"featured_media":12719,"template":"","meta":{"_et_pb_use_builder":"","_et_pb_old_content":"","_et_gb_content_width":""},"product_brand":[1196],"product_cat":[1959,2676,3720],"product_tag":[],"class_list":{"0":"post-21312","1":"product","2":"type-product","3":"status-publish","4":"has-post-thumbnail","6":"product_brand-alsur","7":"product_cat-conserve","8":"product_cat-peperoni","9":"product_cat-verdure","11":"first","12":"outofstock","13":"taxable","14":"shipping-taxable","15":"purchasable","16":"product-type-simple"},"_links":{"self":[{"href":"https:\/\/myspainfood.com\/it\/wp-json\/wp\/v2\/product\/21312","targetHints":{"allow":["GET"]}}],"collection":[{"href":"https:\/\/myspainfood.com\/it\/wp-json\/wp\/v2\/product"}],"about":[{"href":"https:\/\/myspainfood.com\/it\/wp-json\/wp\/v2\/types\/product"}],"wp:featuredmedia":[{"embeddable":true,"href":"https:\/\/myspainfood.com\/it\/wp-json\/wp\/v2\/media\/12719"}],"wp:attachment":[{"href":"https:\/\/myspainfood.com\/it\/wp-json\/wp\/v2\/media?parent=21312"}],"wp:term":[{"taxonomy":"product_brand","embeddable":true,"href":"https:\/\/myspainfood.com\/it\/wp-json\/wp\/v2\/product_brand?post=21312"},{"taxonomy":"product_cat","embeddable":true,"href":"https:\/\/myspainfood.com\/it\/wp-json\/wp\/v2\/product_cat?post=21312"},{"taxonomy":"product_tag","embeddable":true,"href":"https:\/\/myspainfood.com\/it\/wp-json\/wp\/v2\/product_tag?post=21312"}],"curies":[{"name":"wp","href":"https:\/\/api.w.org\/{rel}","templated":true}]}}