{"id":21358,"date":"2025-04-10T12:10:26","date_gmt":"2025-04-10T10:10:26","guid":{"rendered":"https:\/\/myspainfood.com\/producto\/bocaditos-bacalao-salados\/"},"modified":"2025-06-24T13:15:32","modified_gmt":"2025-06-24T11:15:32","slug":"bocaditos-bacalao-salados","status":"publish","type":"product","link":"https:\/\/myspainfood.com\/it\/producto\/bocaditos-bacalao-salados\/","title":{"rendered":"Bocaditos Bacalao Salados"},"content":{"rendered":"<p style=\"text-align: left\">&#8220;Il merluzzo \u00e8 il nome comune di diverse specie di pesci del genere Gadus, anche se alcune dello stesso genere possono avere altri nomi. La specie pi\u00f9 comune \u00e8 il merluzzo atlantico<strong>(Gadus morhua<\/strong> o merluzzo comune). \u00c8 uno dei pesci pi\u00f9 conosciuti al mondo ed \u00e8 apprezzato per il suo ottimo sapore.  <\/p>\n<h6 style=\"text-align: left\"><u>VALORE NUTRIZIONALE<\/u><\/h6>\n<p>Dal punto di vista nutrizionale, il merluzzo \u00e8 un alimento ricco di proteine di alto valore biologico e digeribilit\u00e0, con un basso contenuto di grassi e calorie. Il suo contenuto di acqua \u00e8 di circa l&#8217;80% (nel merluzzo fresco) ed \u00e8 una buona fonte di vitamine (soprattutto del gruppo B) e sali minerali essenziali per l&#8217;organismo. Il merluzzo fresco o dissalato pu\u00f2 essere consumato dalle persone che soffrono di pressione alta, poich\u00e9 \u00e8 povero di sodio e ricco di potassio.  <\/p>\n","protected":false},"excerpt":{"rendered":"<p>&#8220;Il merluzzo \u00e8 il nome comune di diverse specie di pesci del genere Gadus, anche se alcune dello stesso genere possono avere altri nomi. La specie pi\u00f9 comune \u00e8 il merluzzo atlantico(Gadus morhua o merluzzo comune). \u00c8 uno dei pesci pi\u00f9 conosciuti al mondo ed \u00e8 apprezzato per il suo ottimo sapore. VALORE NUTRIZIONALE Dal [&hellip;]<\/p>\n","protected":false},"featured_media":12782,"template":"","meta":{"_et_pb_use_builder":"","_et_pb_old_content":"","_et_gb_content_width":""},"product_brand":[1290],"product_cat":[1829,3526],"product_tag":[],"class_list":{"0":"post-21358","1":"product","2":"type-product","3":"status-publish","4":"has-post-thumbnail","6":"product_brand-la-barajilla","7":"product_cat-freddo","8":"product_cat-merluzzo","9":"product_shipping_class-spedizione-a-freddo","11":"first","12":"outofstock","13":"taxable","14":"shipping-taxable","15":"purchasable","16":"product-type-simple"},"_links":{"self":[{"href":"https:\/\/myspainfood.com\/it\/wp-json\/wp\/v2\/product\/21358","targetHints":{"allow":["GET"]}}],"collection":[{"href":"https:\/\/myspainfood.com\/it\/wp-json\/wp\/v2\/product"}],"about":[{"href":"https:\/\/myspainfood.com\/it\/wp-json\/wp\/v2\/types\/product"}],"wp:featuredmedia":[{"embeddable":true,"href":"https:\/\/myspainfood.com\/it\/wp-json\/wp\/v2\/media\/12782"}],"wp:attachment":[{"href":"https:\/\/myspainfood.com\/it\/wp-json\/wp\/v2\/media?parent=21358"}],"wp:term":[{"taxonomy":"product_brand","embeddable":true,"href":"https:\/\/myspainfood.com\/it\/wp-json\/wp\/v2\/product_brand?post=21358"},{"taxonomy":"product_cat","embeddable":true,"href":"https:\/\/myspainfood.com\/it\/wp-json\/wp\/v2\/product_cat?post=21358"},{"taxonomy":"product_tag","embeddable":true,"href":"https:\/\/myspainfood.com\/it\/wp-json\/wp\/v2\/product_tag?post=21358"}],"curies":[{"name":"wp","href":"https:\/\/api.w.org\/{rel}","templated":true}]}}