{"id":21791,"date":"2025-04-10T12:10:34","date_gmt":"2025-04-10T10:10:34","guid":{"rendered":"https:\/\/myspainfood.com\/producto\/sardinilla-25-35-areoso-in-olio-doliva-120gr\/"},"modified":"2025-04-10T12:10:34","modified_gmt":"2025-04-10T10:10:34","slug":"sardinilla-25-35-areoso-in-olio-doliva-120gr","status":"publish","type":"product","link":"https:\/\/myspainfood.com\/it\/producto\/sardinilla-25-35-areoso-in-olio-doliva-120gr\/","title":{"rendered":"Sardinilla 25\/35 Areoso in olio d&#8217;oliva 120gr"},"content":{"rendered":"<p>Prodotto: Sardine in olio d&#8217;oliva 25\/35 pezzi<\/p>\n<p>Specifiche: Piccola sardina (Sardina pilchardus) delle Rias galiziane, di dimensioni omogenee in olio d&#8217;oliva. Selezionata a mano in ogni lattina. <\/p>\n<p>Ingredienti: Sardina 73%, olio d&#8217;oliva 27% e sale.<\/p>\n<p>Processo di produzione: La sardina, pur essendo un pesce, \u00e8 un prodotto esigente e ha un processo di produzione ad alta intensit\u00e0 di lavoro. All&#8217;arrivo in fabbrica, le sardine vengono accuratamente rimosse dalla testa e sventrate per evitare che si rompano e rovinino l&#8217;aspetto. Le sardine vengono poi posizionate su griglie, passate e immerse in salamoia (acqua e sale) per dare loro sapore e compattezza. Vengono poi arrostite tradizionalmente e confezionate a mano in ogni scatola. Una volta aggiunto il rivestimento di olio d&#8217;oliva, le lattine vengono sigillate e sterilizzate, un processo rigorosamente controllato che garantisce la conservazione e la qualit\u00e0 del prodotto per anni, senza la necessit\u00e0 di aggiungere conservanti o additivi artificiali. Dopodich\u00e9, le lattine sono pronte per la conservazione e l&#8217;ulteriore lavorazione.     <\/p>\n","protected":false},"excerpt":{"rendered":"<p>Prodotto: Sardine in olio d&#8217;oliva 25\/35 pezzi Specifiche: Piccola sardina (Sardina pilchardus) delle Rias galiziane, di dimensioni omogenee in olio d&#8217;oliva. Selezionata a mano in ogni lattina. Ingredienti: Sardina 73%, olio d&#8217;oliva 27% e sale. Processo di produzione: La sardina, pur essendo un pesce, \u00e8 un prodotto esigente e ha un processo di produzione ad [&hellip;]<\/p>\n","protected":false},"featured_media":12935,"template":"","meta":{"_et_pb_use_builder":"","_et_pb_old_content":"","_et_gb_content_width":""},"product_brand":[1358],"product_cat":[1959,3782],"product_tag":[],"class_list":{"0":"post-21791","1":"product","2":"type-product","3":"status-publish","4":"has-post-thumbnail","6":"product_brand-areoso","7":"product_cat-conserve","8":"product_cat-sardinillas-it","10":"first","11":"outofstock","12":"taxable","13":"shipping-taxable","14":"product-type-variable"},"_links":{"self":[{"href":"https:\/\/myspainfood.com\/it\/wp-json\/wp\/v2\/product\/21791","targetHints":{"allow":["GET"]}}],"collection":[{"href":"https:\/\/myspainfood.com\/it\/wp-json\/wp\/v2\/product"}],"about":[{"href":"https:\/\/myspainfood.com\/it\/wp-json\/wp\/v2\/types\/product"}],"wp:featuredmedia":[{"embeddable":true,"href":"https:\/\/myspainfood.com\/it\/wp-json\/wp\/v2\/media\/12935"}],"wp:attachment":[{"href":"https:\/\/myspainfood.com\/it\/wp-json\/wp\/v2\/media?parent=21791"}],"wp:term":[{"taxonomy":"product_brand","embeddable":true,"href":"https:\/\/myspainfood.com\/it\/wp-json\/wp\/v2\/product_brand?post=21791"},{"taxonomy":"product_cat","embeddable":true,"href":"https:\/\/myspainfood.com\/it\/wp-json\/wp\/v2\/product_cat?post=21791"},{"taxonomy":"product_tag","embeddable":true,"href":"https:\/\/myspainfood.com\/it\/wp-json\/wp\/v2\/product_tag?post=21791"}],"curies":[{"name":"wp","href":"https:\/\/api.w.org\/{rel}","templated":true}]}}