{"id":24060,"date":"2025-04-10T12:06:37","date_gmt":"2025-04-10T10:06:37","guid":{"rendered":"https:\/\/myspainfood.com\/producto\/cozze-marinate-4-6-pezzi-arlequin\/"},"modified":"2025-04-10T12:06:37","modified_gmt":"2025-04-10T10:06:37","slug":"cozze-marinate-4-6-pezzi-arlequin","status":"publish","type":"product","link":"https:\/\/myspainfood.com\/it\/producto\/cozze-marinate-4-6-pezzi-arlequin\/","title":{"rendered":"Cozze marinate 4\/6 pezzi Arlequ\u00edn"},"content":{"rendered":"<p>La cozza Arlequ\u00edn 4\/6 pezzi <a href=\"https:\/\/conservasarlequin.com\/arlequin\/\" target=\"_blank\" rel=\"noopener noreferrer nofollow\">Arlequ\u00edn<\/a> \u00e8 un prodotto artigianale in scatola.<\/p>\n<p><strong>Peso netto\/ Escu:<\/strong> 115g\/69g<\/p>\n<p><strong>Durata di conservazione:<\/strong> 5 anni<\/p>\n<p><strong>Conservazione:<\/strong> Ambiente<\/p>\n<p><strong>Numero di filetti\/numero di pezzi:<\/strong> 4\/6<\/p>\n<p>La missione di Conservas <a href=\"https:\/\/latiendadesami.com\/marca\/arlequin\/\" target=\"_blank\" rel=\"noopener noreferrer nofollow\">Arlequ\u00edn<\/a> \u00e8 quella di offrire un ottimo prodotto, il miglior servizio e un&#8217;ampia gamma di pesce in scatola al miglior prezzo.<\/p>\n<p>Sono inoltre specializzati in Acciughe, Acciughe, Acciughe, Bonito, Tonno Pinna Gialla, Cozze, Cozze Arlecchino 4\/6 pezzi, Sgombri e Sardine.<\/p>\n<p>Per esempio, il Comidista del quotidiano El Pa\u00eds ha detto della ventresca: &#8220;\u00c8 cos\u00ec tenera, quasi cremosa, che ti fa venire voglia di sposarla e di vivere felicemente fino a quando il Signore ti porter\u00e0 via&#8221;.<\/p>\n<h4>I principali vantaggi del cibo in scatola<\/h4>\n<ol>\n<li>Conservano tutte le propriet\u00e0 nutrizionali dell&#8217;alimento stesso. Gli alimenti mantengono la loro freschezza. <\/li>\n<li>Gli alimenti utilizzati sono sani e quindi adatti a una dieta ottimale, grazie al loro elevato contenuto di vitamine e proteine.<\/li>\n<li>Questi prodotti hanno una durata maggiore (2-5 anni \u00e8 tipico).<\/li>\n<li>Le conserve sono molto facili da conservare, poich\u00e9 la loro confezione \u00e8 facile da applicare.<\/li>\n<\/ol>\n<p>Se desidera acquistare tonno o qualsiasi altro tipo di <a href=\"https:\/\/latiendadesami.com\/categoria-producto\/conservas\/\" rel=\"noopener noreferrer nofollow\" target=\"_blank\">cibo in scatola<\/a>, non esiti a dare un&#8217;occhiata al nostro catalogo online per vedere l&#8217;ampia variet\u00e0 di <a href=\"https:\/\/latiendadesami.com\/categoria-producto\/conservas\/atun-y-bonito\/\" target=\"_blank\" rel=\"noopener noreferrer nofollow\">tonno<\/a> che abbiamo.<\/p>\n<p>Ci scriva per maggiori informazioni.<\/p>\n","protected":false},"excerpt":{"rendered":"<p>cozze in salsa marinata in olio d&#8217;oliva<\/p>\n","protected":false},"featured_media":8957,"template":"","meta":{"_et_pb_use_builder":"","_et_pb_old_content":"","_et_gb_content_width":""},"product_brand":[1162],"product_cat":[1959,4060],"product_tag":[],"class_list":{"0":"post-24060","1":"product","2":"type-product","3":"status-publish","4":"has-post-thumbnail","6":"product_brand-arlequin","7":"product_cat-conserve","8":"product_cat-cozze-it","10":"first","11":"outofstock","12":"taxable","13":"shipping-taxable","14":"purchasable","15":"product-type-variable"},"_links":{"self":[{"href":"https:\/\/myspainfood.com\/it\/wp-json\/wp\/v2\/product\/24060","targetHints":{"allow":["GET"]}}],"collection":[{"href":"https:\/\/myspainfood.com\/it\/wp-json\/wp\/v2\/product"}],"about":[{"href":"https:\/\/myspainfood.com\/it\/wp-json\/wp\/v2\/types\/product"}],"wp:featuredmedia":[{"embeddable":true,"href":"https:\/\/myspainfood.com\/it\/wp-json\/wp\/v2\/media\/8957"}],"wp:attachment":[{"href":"https:\/\/myspainfood.com\/it\/wp-json\/wp\/v2\/media?parent=24060"}],"wp:term":[{"taxonomy":"product_brand","embeddable":true,"href":"https:\/\/myspainfood.com\/it\/wp-json\/wp\/v2\/product_brand?post=24060"},{"taxonomy":"product_cat","embeddable":true,"href":"https:\/\/myspainfood.com\/it\/wp-json\/wp\/v2\/product_cat?post=24060"},{"taxonomy":"product_tag","embeddable":true,"href":"https:\/\/myspainfood.com\/it\/wp-json\/wp\/v2\/product_tag?post=24060"}],"curies":[{"name":"wp","href":"https:\/\/api.w.org\/{rel}","templated":true}]}}