{"id":25320,"date":"2025-04-10T12:05:46","date_gmt":"2025-04-10T10:05:46","guid":{"rendered":"https:\/\/myspainfood.com\/producto\/disossato-45-kg\/"},"modified":"2025-09-02T10:46:40","modified_gmt":"2025-09-02T08:46:40","slug":"disossato-45-kg","status":"publish","type":"product","link":"https:\/\/myspainfood.com\/it\/producto\/disossato-45-kg\/","title":{"rendered":"Disossato 4,5 kg"},"content":{"rendered":"<p>L&#8217;oliva snocciolata da 4,5 kg \u00e8 di colore verde e <a href=\"https:\/\/www.google.com\/search?q=aceitunas+deshuesadas&amp;sxsrf=APq-WBvbn4FM7rlwj2SbPE3GYq4nrKA1Ug:1644314369924&amp;source=lnms&amp;tbm=isch&amp;sa=X&amp;ved=2ahUKEwjE56uv7O_1AhWrgf0HHWvsDTUQ_AUoAXoECAEQAw&amp;biw=1577&amp;bih=780&amp;dpr=1\" target=\"_blank\" rel=\"noopener noreferrer nofollow\">snocciolata<\/a>. Mantiene la sua forma originale. <\/p>\n<p>\u00c8 un complemento molto salutare alla nostra tradizionale e nutriente dieta mediterranea.<\/p>\n<p>In Spagna troviamo olive, cetriolini, melanzane almagro, carote, cipolle, i tradizionalissimi capperi, l&#8217;aglio o anche un mix di questi.<\/p>\n<p>Spesso vengono serviti come tapas per accompagnare la birra (non il vino a causa del loro contenuto di aceto).<\/p>\n<p>I sottaceti sono passati dall&#8217;essere un&#8217;antica tecnica di conservazione del cibo in tutto il mondo ad essere una delle tapas o antipasti pi\u00f9 popolari della gastronomia spagnola.<\/p>\n<h3>I benefici delle olive snocciolate 4,5 kg<\/h3>\n<p>Conosceva i molteplici benefici di queste olive? Sono molto efficaci nella prevenzione delle malattie cardiache e circolatorie in generale. <\/p>\n<p>Ci\u00f2 \u00e8 dovuto al suo alto contenuto di grassi insaturi. Inoltre, \u00e8 un alimento che contiene molto ferro e fibre ed \u00e8 altamente saziante, il che lo rende uno spuntino perfetto. <\/p>\n<p>Se vuoi acquistare olive o qualsiasi altro tipo di <a href=\"https:\/\/latiendadesami.com\/categoria-producto\/encurtidos\/\" rel=\"noopener noreferrer nofollow\" target=\"_blank\">sottaceti<\/a>, non esitare a dare un&#8217;occhiata al nostro catalogo online per vedere l&#8217;ampia variet\u00e0 di <a href=\"https:\/\/latiendadesami.com\/categoria-producto\/encurtidos\/aceitunas\/\" target=\"_blank\" rel=\"noopener noreferrer nofollow\">olive<\/a> che abbiamo.<\/p>\n<p>Pu\u00f2 scriverci per avere maggiori informazioni su tutta la nostra gamma.<\/p>\n","protected":false},"excerpt":{"rendered":"<p>L&#8217;oliva snocciolata da 4,5 kg \u00e8 di colore verde e snocciolata. Mantiene la sua forma originale. \u00c8 un complemento molto salutare alla nostra tradizionale e nutriente dieta mediterranea. In Spagna troviamo olive, cetriolini, melanzane almagro, carote, cipolle, i tradizionalissimi capperi, l&#8217;aglio o anche un mix di questi. Spesso vengono serviti come tapas per accompagnare la [&hellip;]<\/p>\n","protected":false},"featured_media":7778,"template":"","meta":{"_et_pb_use_builder":"","_et_pb_old_content":"","_et_gb_content_width":""},"product_brand":[1069],"product_cat":[1563,1562],"product_tag":[5188],"class_list":{"0":"post-25320","1":"product","2":"type-product","3":"status-publish","4":"has-post-thumbnail","6":"product_brand-sangar","7":"product_cat-olive","8":"product_cat-sottaceti","9":"product_tag-disossato","11":"first","12":"outofstock","13":"taxable","14":"shipping-taxable","15":"product-type-variable"},"_links":{"self":[{"href":"https:\/\/myspainfood.com\/it\/wp-json\/wp\/v2\/product\/25320","targetHints":{"allow":["GET"]}}],"collection":[{"href":"https:\/\/myspainfood.com\/it\/wp-json\/wp\/v2\/product"}],"about":[{"href":"https:\/\/myspainfood.com\/it\/wp-json\/wp\/v2\/types\/product"}],"wp:featuredmedia":[{"embeddable":true,"href":"https:\/\/myspainfood.com\/it\/wp-json\/wp\/v2\/media\/7778"}],"wp:attachment":[{"href":"https:\/\/myspainfood.com\/it\/wp-json\/wp\/v2\/media?parent=25320"}],"wp:term":[{"taxonomy":"product_brand","embeddable":true,"href":"https:\/\/myspainfood.com\/it\/wp-json\/wp\/v2\/product_brand?post=25320"},{"taxonomy":"product_cat","embeddable":true,"href":"https:\/\/myspainfood.com\/it\/wp-json\/wp\/v2\/product_cat?post=25320"},{"taxonomy":"product_tag","embeddable":true,"href":"https:\/\/myspainfood.com\/it\/wp-json\/wp\/v2\/product_tag?post=25320"}],"curies":[{"name":"wp","href":"https:\/\/api.w.org\/{rel}","templated":true}]}}