{"id":26822,"date":"2025-04-10T12:07:39","date_gmt":"2025-04-10T10:07:39","guid":{"rendered":"https:\/\/myspainfood.com\/producto\/formaggio-di-capra-stagionato-con-paprica-circa-320gr\/"},"modified":"2025-06-24T14:09:26","modified_gmt":"2025-06-24T12:09:26","slug":"formaggio-di-capra-stagionato-con-paprica-circa-320gr","status":"publish","type":"product","link":"https:\/\/myspainfood.com\/it\/producto\/formaggio-di-capra-stagionato-con-paprica-circa-320gr\/","title":{"rendered":"Formaggio di capra stagionato con paprica circa 320gr"},"content":{"rendered":"<p>Il formaggio di capra stagionato con paprika, circa 320gr, \u00e8 prodotto dalla Queser\u00eda El <a href=\"https:\/\/www.facebook.com\/Queser%C3%ADa-El-Manjar-1564604537177140\/\" target=\"_blank\" rel=\"noopener noreferrer nofollow\">Manjar<\/a>.<\/p>\n<p>Questo caseificio si trova a Velada, Toledo, vicino a Talavera de la Reina.<\/p>\n<p>Viene prodotto con latte pastorizzato ed \u00e8 ricoperto da uno strato di paprika sulla crosta, che gli conferisce il suo sapore speciale e inconfondibile.<\/p>\n<p>Oltre alla produzione di formaggio di capra stagionato alla paprika, il suo catalogo di prodotti comprende anche una variet\u00e0 di altri formaggi, come i formaggi freschi.<\/p>\n<p>Tutti i prodotti sono fatti a mano in modo tradizionale. Il peso approssimativo di ogni porzione \u00e8 di 320 grammi. <\/p>\n<p>Questo prodotto deve essere conservato in frigorifero da 0\u00ba a 8\u00ba.<\/p>\n<p>Il formaggio di capra, o pi\u00f9 propriamente il formaggio di latte di capra, \u00e8 conosciuto come ch\u00e8vre (che in francese significa capra) ed \u00e8 il nome dato a qualsiasi formaggio prodotto con latte di capra.<\/p>\n<p>Il formaggio di capra viene prodotto da migliaia di anni e probabilmente \u00e8 stato uno dei primi prodotti caseari preparati. Nella sua forma pi\u00f9 semplice, il formaggio di capra si prepara lasciando che il latte crudo venga tagliato in modo naturale, quindi scolando e pressando la cagliata. <\/p>\n<p>Se desidera acquistare altri formaggi o qualsiasi altro tipo di <a href=\"https:\/\/latiendadesami.com\/\" rel=\"noopener noreferrer nofollow\" target=\"_blank\">alimento<\/a>, non esiti a dare un&#8217;occhiata al nostro catalogo online per vedere l&#8217;ampia variet\u00e0 di prodotti che abbiamo.<\/p>\n<p>Ci scriva per maggiori informazioni.<\/p>\n","protected":false},"excerpt":{"rendered":"<p>Il formaggio di capra stagionato con paprika, circa 320gr, \u00e8 prodotto dalla Queser\u00eda El Manjar. Questo caseificio si trova a Velada, Toledo, vicino a Talavera de la Reina. Viene prodotto con latte pastorizzato ed \u00e8 ricoperto da uno strato di paprika sulla crosta, che gli conferisce il suo sapore speciale e inconfondibile. Oltre alla produzione [&hellip;]<\/p>\n","protected":false},"featured_media":9956,"template":"","meta":{"_et_pb_use_builder":"","_et_pb_old_content":"","_et_gb_content_width":""},"product_brand":[],"product_cat":[2276,1829,5736],"product_tag":[],"class_list":{"0":"post-26822","1":"product","2":"type-product","3":"status-publish","4":"has-post-thumbnail","6":"product_cat-formaggio-e-salsiccia","7":"product_cat-freddo","8":"product_cat-polimerizzazione-it","9":"product_shipping_class-spedizione-a-freddo","11":"first","12":"instock","13":"taxable","14":"shipping-taxable","15":"purchasable","16":"product-type-simple"},"_links":{"self":[{"href":"https:\/\/myspainfood.com\/it\/wp-json\/wp\/v2\/product\/26822","targetHints":{"allow":["GET"]}}],"collection":[{"href":"https:\/\/myspainfood.com\/it\/wp-json\/wp\/v2\/product"}],"about":[{"href":"https:\/\/myspainfood.com\/it\/wp-json\/wp\/v2\/types\/product"}],"wp:featuredmedia":[{"embeddable":true,"href":"https:\/\/myspainfood.com\/it\/wp-json\/wp\/v2\/media\/9956"}],"wp:attachment":[{"href":"https:\/\/myspainfood.com\/it\/wp-json\/wp\/v2\/media?parent=26822"}],"wp:term":[{"taxonomy":"product_brand","embeddable":true,"href":"https:\/\/myspainfood.com\/it\/wp-json\/wp\/v2\/product_brand?post=26822"},{"taxonomy":"product_cat","embeddable":true,"href":"https:\/\/myspainfood.com\/it\/wp-json\/wp\/v2\/product_cat?post=26822"},{"taxonomy":"product_tag","embeddable":true,"href":"https:\/\/myspainfood.com\/it\/wp-json\/wp\/v2\/product_tag?post=26822"}],"curies":[{"name":"wp","href":"https:\/\/api.w.org\/{rel}","templated":true}]}}