{"id":26900,"date":"2025-04-10T12:07:32","date_gmt":"2025-04-10T10:07:32","guid":{"rendered":"https:\/\/myspainfood.com\/producto\/formaggio-stagionato-quattro-bastoni-25-kg-circa\/"},"modified":"2025-06-24T16:24:44","modified_gmt":"2025-06-24T14:24:44","slug":"formaggio-stagionato-quattro-bastoni-25-kg-circa","status":"publish","type":"product","link":"https:\/\/myspainfood.com\/it\/producto\/formaggio-stagionato-quattro-bastoni-25-kg-circa\/","title":{"rendered":"Formaggio stagionato Quattro Bastoni 2,5 kg circa."},"content":{"rendered":"<p>Il formaggio stagionato Cuatro barras \u00e8 prodotto con <a href=\"https:\/\/es.wikipedia.org\/wiki\/Queso_de_leche_de_oveja\" target=\"_blank\" rel=\"noopener noreferrer nofollow\">latte di pecora<\/a> e viene stagionato per circa 12 mesi.<\/p>\n<p>L&#8217;intero pezzo pesa circa 2,5 chili.<\/p>\n<p>Formaggio prodotto con latte di pecora pastorizzato (min. 65%) e latte di mucca, dal gusto squisito, la cui consistenza soda evidenzia il suo sapore intenso. Un formaggio eccellente che non la lascer\u00e0 indifferente. <\/p>\n<p>Si consiglia di conservarlo in un luogo asciutto e fresco, tra i 4 e gli 8 \u00baC, per migliorarne la conservazione.<\/p>\n<p>Le pecore hanno solo due capezzoli e producono un volume di latte molto pi\u00f9 piccolo rispetto alle mucche.<\/p>\n<p>Tuttavia, poich\u00e9 il latte di pecora contiene molti pi\u00f9 grassi, solidi e minerali rispetto al latte di mucca, \u00e8 ideale per il processo di caseificazione.<\/p>\n<p>Inoltre, resiste meglio alla contaminazione durante il raffreddamento, grazie al suo contenuto di calcio molto pi\u00f9 elevato.<\/p>\n<p>Sebbene il latte di pecora possa essere bevuto fresco, oggi viene utilizzato principalmente per la produzione di formaggio e yogurt.<\/p>\n<p>Se desidera acquistare Queso Curado Cuatro barras o qualsiasi altro tipo di <a href=\"https:\/\/latiendadesami.com\/categoria-producto\/queso-embutido\/\" rel=\"noopener noreferrer nofollow\" target=\"_blank\">formaggio o salume<\/a>, non esiti a dare un&#8217;occhiata al nostro catalogo online. Abbiamo la massima qualit\u00e0 al miglior prezzo.<\/p>\n<p>Ci scriva per maggiori informazioni o se ha domande su questo o altri prodotti.<\/p>\n","protected":false},"excerpt":{"rendered":"<p>Il formaggio stagionato Cuatro barras \u00e8 prodotto con latte di pecora e viene stagionato per circa 12 mesi. L&#8217;intero pezzo pesa circa 2,5 chili. Formaggio prodotto con latte di pecora pastorizzato (min. 65%) e latte di mucca, dal gusto squisito, la cui consistenza soda evidenzia il suo sapore intenso. Un formaggio eccellente che non la [&hellip;]<\/p>\n","protected":false},"featured_media":9803,"template":"","meta":{"_et_pb_use_builder":"","_et_pb_old_content":"","_et_gb_content_width":""},"product_brand":[1234],"product_cat":[2276,1829,5736],"product_tag":[],"class_list":{"0":"post-26900","1":"product","2":"type-product","3":"status-publish","4":"has-post-thumbnail","6":"product_brand-cuatro-barras","7":"product_cat-formaggio-e-salsiccia","8":"product_cat-freddo","9":"product_cat-polimerizzazione-it","10":"product_shipping_class-spedizione-a-freddo","12":"first","13":"outofstock","14":"taxable","15":"shipping-taxable","16":"product-type-variable"},"_links":{"self":[{"href":"https:\/\/myspainfood.com\/it\/wp-json\/wp\/v2\/product\/26900","targetHints":{"allow":["GET"]}}],"collection":[{"href":"https:\/\/myspainfood.com\/it\/wp-json\/wp\/v2\/product"}],"about":[{"href":"https:\/\/myspainfood.com\/it\/wp-json\/wp\/v2\/types\/product"}],"wp:featuredmedia":[{"embeddable":true,"href":"https:\/\/myspainfood.com\/it\/wp-json\/wp\/v2\/media\/9803"}],"wp:attachment":[{"href":"https:\/\/myspainfood.com\/it\/wp-json\/wp\/v2\/media?parent=26900"}],"wp:term":[{"taxonomy":"product_brand","embeddable":true,"href":"https:\/\/myspainfood.com\/it\/wp-json\/wp\/v2\/product_brand?post=26900"},{"taxonomy":"product_cat","embeddable":true,"href":"https:\/\/myspainfood.com\/it\/wp-json\/wp\/v2\/product_cat?post=26900"},{"taxonomy":"product_tag","embeddable":true,"href":"https:\/\/myspainfood.com\/it\/wp-json\/wp\/v2\/product_tag?post=26900"}],"curies":[{"name":"wp","href":"https:\/\/api.w.org\/{rel}","templated":true}]}}