{"id":27567,"date":"2025-04-10T12:07:31","date_gmt":"2025-04-10T10:07:31","guid":{"rendered":"https:\/\/myspainfood.com\/producto\/olive-campo-real-45-kg\/"},"modified":"2025-04-10T12:07:31","modified_gmt":"2025-04-10T10:07:31","slug":"olive-campo-real-45-kg","status":"publish","type":"product","link":"https:\/\/myspainfood.com\/it\/producto\/olive-campo-real-45-kg\/","title":{"rendered":"Olive Campo Real 4,5 kg"},"content":{"rendered":"<p>Se il comune di Campo Real \u00e8 conosciuto per qualcosa, \u00e8 per le sue famose Olive di Campo Real da 4,5 kg.<\/p>\n<p>Appartenente alle variet\u00e0 manzanilla de Campo Real e cacere\u00f1a, il segreto delle sue olive risiede negli ulivi centenari da cui provengono, nell&#8217;esperienza degli olivicoltori e nella stagionatura delle olive.<\/p>\n<p>Questa <a href=\"https:\/\/www.google.com\/search?q=revuelto+aceitunas+s%C3%A1ngar&amp;sxsrf=APq-WBt1wkTZta0IAEDoueZPBxEuaY8Dtw:1644308614563&amp;source=lnms&amp;tbm=isch&amp;sa=X&amp;ved=2ahUKEwjouvz21u_1AhVV_rsIHacjBd0Q_AUoAXoECAEQAw&amp;biw=1577&amp;bih=780&amp;dpr=1\" target=\"_blank\" rel=\"noopener noreferrer nofollow\">combinazione<\/a> di olive e sottaceti permette di gustare un sapore imbattibile nelle sue tapas o antipasti.<\/p>\n<p>\u00c8 un complemento molto salutare alla nostra tradizionale e nutriente dieta mediterranea.<\/p>\n<p>In Spagna troviamo olive, cetriolini, melanzane almagro, carote, cipolle, i tradizionalissimi capperi, l&#8217;aglio o anche un mix di questi.<\/p>\n<p>Spesso vengono serviti come tapas per accompagnare la birra (non il vino a causa del loro contenuto di aceto).<\/p>\n<p>I sottaceti sono passati dall&#8217;essere un&#8217;antica tecnica di conservazione del cibo in tutto il mondo ad essere una delle tapas o antipasti pi\u00f9 popolari della gastronomia spagnola.<\/p>\n<h3><strong>Vantaggi dell&#8217;oliva Campo Real 4,5 kg<\/strong><\/h3>\n<p>Conosceva i benefici delle Olive Campo Real 4,5 kg e dei sottaceti in generale? Ecco un elenco dei pi\u00f9 importanti: <\/p>\n<ul>\n<li>Ricco di probiotici.<\/li>\n<li>Favoriscono la digestione.<\/li>\n<li>Rafforzano il sistema immunitario.<\/li>\n<li>Riducono il desiderio di zucchero.<\/li>\n<li>Favorevole alla cistifellea.<\/li>\n<\/ul>\n<p>Se vuoi acquistare olive o qualsiasi altro tipo di <a href=\"https:\/\/latiendadesami.com\/categoria-producto\/encurtidos\/\" rel=\"noopener noreferrer nofollow\" target=\"_blank\">sottaceti<\/a>, non esitare a dare un&#8217;occhiata al nostro catalogo online per vedere l&#8217;ampia variet\u00e0 di <a href=\"https:\/\/latiendadesami.com\/categoria-producto\/encurtidos\/aceitunas\/\" target=\"_blank\" rel=\"noopener noreferrer nofollow\">olive<\/a> che abbiamo.<\/p>\n<p>Ci scriva per maggiori informazioni.<\/p>\n","protected":false},"excerpt":{"rendered":"<p>Se il comune di Campo Real \u00e8 conosciuto per qualcosa, \u00e8 per le sue famose Olive di Campo Real da 4,5 kg. Appartenente alle variet\u00e0 manzanilla de Campo Real e cacere\u00f1a, il segreto delle sue olive risiede negli ulivi centenari da cui provengono, nell&#8217;esperienza degli olivicoltori e nella stagionatura delle olive. Questa combinazione di olive [&hellip;]<\/p>\n","protected":false},"featured_media":9785,"template":"","meta":{"_et_pb_use_builder":"","_et_pb_old_content":"","_et_gb_content_width":""},"product_brand":[],"product_cat":[1563,1562],"product_tag":[3102],"class_list":{"0":"post-27567","1":"product","2":"type-product","3":"status-publish","4":"has-post-thumbnail","6":"product_cat-olive","7":"product_cat-sottaceti","8":"product_tag-campo-real-it","10":"first","11":"outofstock","12":"taxable","13":"shipping-taxable","14":"purchasable","15":"product-type-simple"},"_links":{"self":[{"href":"https:\/\/myspainfood.com\/it\/wp-json\/wp\/v2\/product\/27567","targetHints":{"allow":["GET"]}}],"collection":[{"href":"https:\/\/myspainfood.com\/it\/wp-json\/wp\/v2\/product"}],"about":[{"href":"https:\/\/myspainfood.com\/it\/wp-json\/wp\/v2\/types\/product"}],"wp:featuredmedia":[{"embeddable":true,"href":"https:\/\/myspainfood.com\/it\/wp-json\/wp\/v2\/media\/9785"}],"wp:attachment":[{"href":"https:\/\/myspainfood.com\/it\/wp-json\/wp\/v2\/media?parent=27567"}],"wp:term":[{"taxonomy":"product_brand","embeddable":true,"href":"https:\/\/myspainfood.com\/it\/wp-json\/wp\/v2\/product_brand?post=27567"},{"taxonomy":"product_cat","embeddable":true,"href":"https:\/\/myspainfood.com\/it\/wp-json\/wp\/v2\/product_cat?post=27567"},{"taxonomy":"product_tag","embeddable":true,"href":"https:\/\/myspainfood.com\/it\/wp-json\/wp\/v2\/product_tag?post=27567"}],"curies":[{"name":"wp","href":"https:\/\/api.w.org\/{rel}","templated":true}]}}