{"id":27970,"date":"2025-04-10T12:07:51","date_gmt":"2025-04-10T10:07:51","guid":{"rendered":"https:\/\/myspainfood.com\/producto\/olio-doliva-bonito-400-gr-scatola-12-unita\/"},"modified":"2025-04-10T12:07:51","modified_gmt":"2025-04-10T10:07:51","slug":"olio-doliva-bonito-400-gr-scatola-12-unita","status":"publish","type":"product","link":"https:\/\/myspainfood.com\/it\/producto\/olio-doliva-bonito-400-gr-scatola-12-unita\/","title":{"rendered":"Olio d&#8217;oliva Bonito 400 gr SCATOLA 12 UNIT\u00c0"},"content":{"rendered":"<p>L&#8217;Olio di Oliva <a href=\"https:\/\/conservasarlequin.com\/arlequin\/\" target=\"_blank\" rel=\"noopener noreferrer nofollow\">Arlequ\u00edn<\/a> Bonito 400 gr \u00e8 un prodotto in scatola realizzato in modo tradizionale.<\/p>\n<p><strong>Peso netto \/ Sgocciolato:<\/strong> 415g \/ 270g<\/p>\n<p><strong>Durata di conservazione:<\/strong> 5 anni<\/p>\n<p><strong>Conservazione:<\/strong> Ambiente<\/p>\n<p>La missione di Conservas <a href=\"https:\/\/latiendadesami.com\/marca\/arlequin\/\" target=\"_blank\" rel=\"noopener noreferrer nofollow\">Arlequ\u00edn<\/a> \u00e8 quella di offrire un ottimo prodotto, il miglior servizio e un&#8217;ampia gamma di pesce in scatola al miglior prezzo.<\/p>\n<p>Sono inoltre specializzati in Acciughe, Acciughe, Acciughe, Bonito, Olio di oliva di Bonito 400 gr, Tonno pinna gialla, Cozze, Sgombri e Sardine.<\/p>\n<p>Per esempio, il Comidista del quotidiano El Pa\u00eds ha detto della ventresca: &#8220;\u00c8 cos\u00ec tenera, quasi cremosa, che ti fa venire voglia di sposarla e di vivere felicemente fino a quando il Signore ti porter\u00e0 via&#8221;.<\/p>\n<h4>I principali vantaggi del cibo in scatola<\/h4>\n<ol>\n<li>Conservano tutte le propriet\u00e0 nutrizionali dell&#8217;alimento stesso. Gli alimenti mantengono la loro freschezza. <\/li>\n<li>Gli alimenti utilizzati sono sani e quindi adatti a una dieta ottimale, grazie al loro elevato contenuto di vitamine e proteine.<\/li>\n<li>Questi prodotti hanno una durata maggiore (2-5 anni \u00e8 tipico).<\/li>\n<li>Le conserve sono molto facili da conservare, poich\u00e9 la loro confezione \u00e8 facile da applicare.<\/li>\n<\/ol>\n<p>Se desidera acquistare tonno o qualsiasi altro tipo di <a href=\"https:\/\/latiendadesami.com\/categoria-producto\/conservas\/\" rel=\"noopener noreferrer nofollow\" target=\"_blank\">cibo in scatola<\/a>, non esiti a dare un&#8217;occhiata al nostro catalogo online per vedere l&#8217;ampia variet\u00e0 di <a href=\"https:\/\/latiendadesami.com\/categoria-producto\/conservas\/atun-y-bonito\/\" target=\"_blank\" rel=\"noopener noreferrer nofollow\">tonno<\/a> che abbiamo.<\/p>\n<p>Ci scriva per maggiori informazioni.<\/p>\n","protected":false},"excerpt":{"rendered":"<p>L&#8217;Olio di Oliva Arlequ\u00edn Bonito 400 gr \u00e8 un prodotto in scatola realizzato in modo tradizionale. Peso netto \/ Sgocciolato: 415g \/ 270g Durata di conservazione: 5 anni Conservazione: Ambiente La missione di Conservas Arlequ\u00edn \u00e8 quella di offrire un ottimo prodotto, il miglior servizio e un&#8217;ampia gamma di pesce in scatola al miglior prezzo. [&hellip;]<\/p>\n","protected":false},"featured_media":9227,"template":"","meta":{"_et_pb_use_builder":"","_et_pb_old_content":"","_et_gb_content_width":""},"product_brand":[1162],"product_cat":[1959,4284],"product_tag":[],"class_list":{"0":"post-27970","1":"product","2":"type-product","3":"status-publish","4":"has-post-thumbnail","6":"product_brand-arlequin","7":"product_cat-conserve","8":"product_cat-tonno-e-bonito","10":"first","11":"outofstock","12":"sale","13":"taxable","14":"shipping-taxable","15":"purchasable","16":"product-type-simple"},"_links":{"self":[{"href":"https:\/\/myspainfood.com\/it\/wp-json\/wp\/v2\/product\/27970","targetHints":{"allow":["GET"]}}],"collection":[{"href":"https:\/\/myspainfood.com\/it\/wp-json\/wp\/v2\/product"}],"about":[{"href":"https:\/\/myspainfood.com\/it\/wp-json\/wp\/v2\/types\/product"}],"wp:featuredmedia":[{"embeddable":true,"href":"https:\/\/myspainfood.com\/it\/wp-json\/wp\/v2\/media\/9227"}],"wp:attachment":[{"href":"https:\/\/myspainfood.com\/it\/wp-json\/wp\/v2\/media?parent=27970"}],"wp:term":[{"taxonomy":"product_brand","embeddable":true,"href":"https:\/\/myspainfood.com\/it\/wp-json\/wp\/v2\/product_brand?post=27970"},{"taxonomy":"product_cat","embeddable":true,"href":"https:\/\/myspainfood.com\/it\/wp-json\/wp\/v2\/product_cat?post=27970"},{"taxonomy":"product_tag","embeddable":true,"href":"https:\/\/myspainfood.com\/it\/wp-json\/wp\/v2\/product_tag?post=27970"}],"curies":[{"name":"wp","href":"https:\/\/api.w.org\/{rel}","templated":true}]}}