{"id":29217,"date":"2025-04-10T12:08:22","date_gmt":"2025-04-10T10:08:22","guid":{"rendered":"https:\/\/myspainfood.com\/producto\/merluzzo-30-40-merluzzo-delle-faroe-intero-e-salato\/"},"modified":"2026-02-27T19:00:57","modified_gmt":"2026-02-27T18:00:57","slug":"merluzzo-30-40-merluzzo-delle-faroe-intero-e-salato","status":"publish","type":"product","link":"https:\/\/myspainfood.com\/it\/producto\/merluzzo-30-40-merluzzo-delle-faroe-intero-e-salato\/","title":{"rendered":"Merluzzo 30\/40 Merluzzo delle Faroe intero e salato"},"content":{"rendered":"<div class=\"et_pb_tab clearfix et_pb_active_content et-pb-active-slide\">\n<div class=\"et_pb_tab_content\">\n<p>Il Merluzzo 30\/40 Intero Salato Faroe <a href=\"https:\/\/labarajilla.es\/bacalao\/\" target=\"_blank\" rel=\"noopener noreferrer nofollow\">La Barajilla<\/a> si basa su un pezzo intero di merluzzo tagliato a met\u00e0, salato e stagionato.<\/p>\n<p>La base per la preparazione di piatti regionali secondo le tradizioni di ogni Paese.<\/p>\n<ul>\n<li><strong>TAGLIA<\/strong>: 30\/40<\/li>\n<li><strong>SPECIE<\/strong>: Merluzzo ( Gadus Morhua )<u><\/u><u><\/u><\/li>\n<li><strong>ZONA DI PESCA<\/strong>: Atlantico nord-occidentale ( FAO 27 )<u><\/u><u><\/u><\/li>\n<li><strong>CONSERVAZIONE<\/strong>: tra 0\u00baC e 5\u00baC.<\/li>\n<\/ul>\n<p>Dal punto di vista nutrizionale, il merluzzo \u00e8 un alimento ricco di proteine di alto valore biologico e digeribilit\u00e0, con un basso contenuto di grassi e calorie.<\/p>\n<p>Il contenuto di acqua \u00e8 di circa l&#8217;80% (nel merluzzo fresco).<\/p>\n<p>Questo merluzzo \u00e8 una buona fonte di vitamine (soprattutto del gruppo B) e sali minerali essenziali per l&#8217;organismo.<\/p>\n<p>Il merluzzo fresco o dissalato pu\u00f2 essere consumato dalle persone che soffrono di pressione alta, poich\u00e9 \u00e8 povero di sodio e ricco di potassio.<\/p>\n<p>&#8220;Il merluzzo \u00e8 il nome comune di diverse specie di pesci del genere Gadus, anche se alcuni dello stesso genere possono avere altri nomi.<\/p>\n<p>La specie pi\u00f9 comune \u00e8 il merluzzo atlantico (Gadus morhua o merluzzo comune).<\/p>\n<p>Se desidera acquistare Merluzzo 30\/40 Intero Salato Faroe o qualsiasi altro tipo di prodotto <a href=\"https:\/\/latiendadesami.com\/categoria-producto\/frio\/\" rel=\"noopener noreferrer nofollow\" target=\"_blank\">freddo<\/a>, non esiti a dare un&#8217;occhiata al nostro intero catalogo online per vedere l&#8217;ampia variet\u00e0 di merluzzi che abbiamo a disposizione.<\/p>\n<p>Ci scriva per maggiori informazioni.<\/p>\n<\/div>\n<\/div>\n","protected":false},"excerpt":{"rendered":"<p>Il Merluzzo 30\/40 Intero Salato Faroe La Barajilla si basa su un pezzo intero di merluzzo tagliato a met\u00e0, salato e stagionato. La base per la preparazione di piatti regionali secondo le tradizioni di ogni Paese. TAGLIA: 30\/40 SPECIE: Merluzzo ( Gadus Morhua ) ZONA DI PESCA: Atlantico nord-occidentale ( FAO 27 ) CONSERVAZIONE: tra [&hellip;]<\/p>\n","protected":false},"featured_media":10901,"template":"","meta":{"_et_pb_use_builder":"","_et_pb_old_content":"","_et_gb_content_width":""},"product_brand":[1290],"product_cat":[1829,3526],"product_tag":[],"class_list":{"0":"post-29217","1":"product","2":"type-product","3":"status-publish","4":"has-post-thumbnail","6":"product_brand-la-barajilla","7":"product_cat-freddo","8":"product_cat-merluzzo","9":"product_shipping_class-spedizione-a-freddo","11":"first","12":"instock","13":"taxable","14":"shipping-taxable","15":"product-type-variable"},"_links":{"self":[{"href":"https:\/\/myspainfood.com\/it\/wp-json\/wp\/v2\/product\/29217","targetHints":{"allow":["GET"]}}],"collection":[{"href":"https:\/\/myspainfood.com\/it\/wp-json\/wp\/v2\/product"}],"about":[{"href":"https:\/\/myspainfood.com\/it\/wp-json\/wp\/v2\/types\/product"}],"wp:featuredmedia":[{"embeddable":true,"href":"https:\/\/myspainfood.com\/it\/wp-json\/wp\/v2\/media\/10901"}],"wp:attachment":[{"href":"https:\/\/myspainfood.com\/it\/wp-json\/wp\/v2\/media?parent=29217"}],"wp:term":[{"taxonomy":"product_brand","embeddable":true,"href":"https:\/\/myspainfood.com\/it\/wp-json\/wp\/v2\/product_brand?post=29217"},{"taxonomy":"product_cat","embeddable":true,"href":"https:\/\/myspainfood.com\/it\/wp-json\/wp\/v2\/product_cat?post=29217"},{"taxonomy":"product_tag","embeddable":true,"href":"https:\/\/myspainfood.com\/it\/wp-json\/wp\/v2\/product_tag?post=29217"}],"curies":[{"name":"wp","href":"https:\/\/api.w.org\/{rel}","templated":true}]}}