{"id":29517,"date":"2025-04-10T12:08:22","date_gmt":"2025-04-10T10:08:22","guid":{"rendered":"https:\/\/myspainfood.com\/producto\/sbriciolata-fine-di-eglefino-5-kg\/"},"modified":"2025-07-28T13:01:53","modified_gmt":"2025-07-28T11:01:53","slug":"sbriciolata-fine-di-eglefino-5-kg","status":"publish","type":"product","link":"https:\/\/myspainfood.com\/it\/producto\/sbriciolata-fine-di-eglefino-5-kg\/","title":{"rendered":"Sbriciolata fine di eglefino 5 kg"},"content":{"rendered":"<p>Desmigado Fino Abadejo 5kg di <a href=\"https:\/\/labarajilla.es\/bacalao\/\" target=\"_blank\" rel=\"noopener noreferrer nofollow\">La Barajilla<\/a> \u00e8 basato su pezzi di alta qualit\u00e0 senza pelle n\u00e9 ossa, ideali per frittate, crocchette e ajoarriero.<\/p>\n<p>Questo prodotto richiede una temperatura di conservazione compresa tra 0\u00baC e 5\u00baC per mantenere intatte le sue propriet\u00e0.<\/p>\n<p>Dal punto di vista nutrizionale, il merluzzo \u00e8 un alimento ricco di proteine di alto valore biologico e digeribilit\u00e0, con un basso contenuto di grassi e calorie.<\/p>\n<p>Il contenuto di acqua \u00e8 di circa l&#8217;80% (nel merluzzo fresco).<\/p>\n<p>Questo merluzzo \u00e8 una buona fonte di vitamine (soprattutto del gruppo B) e sali minerali essenziali per l&#8217;organismo.<\/p>\n<p>Il merluzzo fresco o dissalato pu\u00f2 essere consumato dalle persone che soffrono di pressione alta, poich\u00e9 \u00e8 povero di sodio e ricco di potassio.<\/p>\n<p>&#8220;Il merluzzo \u00e8 il nome comune di diverse specie di pesci del genere Gadus, anche se alcuni dello stesso genere possono avere altri nomi.<\/p>\n<p>La specie pi\u00f9 comune \u00e8 il merluzzo atlantico (Gadus morhua o merluzzo comune).<\/p>\n<p>Se desidera acquistare Desmigado Fino Abadejo 5kg o qualsiasi altro tipo di prodotto <a href=\"https:\/\/latiendadesami.com\/categoria-producto\/frio\/\" rel=\"noopener noreferrer nofollow\" target=\"_blank\">freddo<\/a>, non esiti a dare un&#8217;occhiata al nostro intero catalogo online per vedere l&#8217;ampia variet\u00e0 di merluzzi che abbiamo.<\/p>\n<p>Ci scriva per maggiori informazioni.<\/p>\n","protected":false},"excerpt":{"rendered":"<p>Desmigado Fino Abadejo 5kg di La Barajilla \u00e8 basato su pezzi di alta qualit\u00e0 senza pelle n\u00e9 ossa, ideali per frittate, crocchette e ajoarriero. Questo prodotto richiede una temperatura di conservazione compresa tra 0\u00baC e 5\u00baC per mantenere intatte le sue propriet\u00e0. Dal punto di vista nutrizionale, il merluzzo \u00e8 un alimento ricco di proteine [&hellip;]<\/p>\n","protected":false},"featured_media":11036,"template":"","meta":{"_et_pb_use_builder":"","_et_pb_old_content":"","_et_gb_content_width":""},"product_brand":[1290],"product_cat":[1829,3526],"product_tag":[],"class_list":{"0":"post-29517","1":"product","2":"type-product","3":"status-publish","4":"has-post-thumbnail","6":"product_brand-la-barajilla","7":"product_cat-freddo","8":"product_cat-merluzzo","9":"product_shipping_class-spedizione-a-freddo","11":"first","12":"outofstock","13":"taxable","14":"shipping-taxable","15":"purchasable","16":"product-type-simple"},"_links":{"self":[{"href":"https:\/\/myspainfood.com\/it\/wp-json\/wp\/v2\/product\/29517","targetHints":{"allow":["GET"]}}],"collection":[{"href":"https:\/\/myspainfood.com\/it\/wp-json\/wp\/v2\/product"}],"about":[{"href":"https:\/\/myspainfood.com\/it\/wp-json\/wp\/v2\/types\/product"}],"wp:featuredmedia":[{"embeddable":true,"href":"https:\/\/myspainfood.com\/it\/wp-json\/wp\/v2\/media\/11036"}],"wp:attachment":[{"href":"https:\/\/myspainfood.com\/it\/wp-json\/wp\/v2\/media?parent=29517"}],"wp:term":[{"taxonomy":"product_brand","embeddable":true,"href":"https:\/\/myspainfood.com\/it\/wp-json\/wp\/v2\/product_brand?post=29517"},{"taxonomy":"product_cat","embeddable":true,"href":"https:\/\/myspainfood.com\/it\/wp-json\/wp\/v2\/product_cat?post=29517"},{"taxonomy":"product_tag","embeddable":true,"href":"https:\/\/myspainfood.com\/it\/wp-json\/wp\/v2\/product_tag?post=29517"}],"curies":[{"name":"wp","href":"https:\/\/api.w.org\/{rel}","templated":true}]}}