{"id":30726,"date":"2025-04-10T12:08:41","date_gmt":"2025-04-10T10:08:41","guid":{"rendered":"https:\/\/myspainfood.com\/producto\/sbriciolato-di-merluzzo-salato-500g\/"},"modified":"2025-07-28T10:39:14","modified_gmt":"2025-07-28T08:39:14","slug":"sbriciolato-di-merluzzo-salato-500g","status":"publish","type":"product","link":"https:\/\/myspainfood.com\/it\/producto\/sbriciolato-di-merluzzo-salato-500g\/","title":{"rendered":"Sbriciolato di merluzzo salato 500G"},"content":{"rendered":"<div class=\"wpb_animate_when_almost_visible wpb_bottom-to-top bottom-to-top wpb_column vc_column_container vc_col-sm-6 wpb_start_animation animated\">\n<div class=\"vc_column-inner \">\n<div class=\"wpb_wrapper\">\n<div class=\"wpb_text_column wpb_content_element \">\n<div class=\"wpb_wrapper\">\n<p>Il bacalao salado desmigado 500G de <a href=\"https:\/\/labarajilla.es\/bacalao\/\" target=\"_blank\" rel=\"noopener noreferrer nofollow\">La Barajilla<\/a> si basa su pezzi di alta qualit\u00e0 senza pelle n\u00e9 ossa, ideali per frittate, crocchette e ajoarriero.<\/p>\n<ul>\n<li><strong>SPECIE<\/strong>: Merluzzo ( Gadus Morhua )<\/li>\n<li><strong>ZONA DI PESCA<\/strong>: Atlantico nord-occidentale ( FAO 27 )<\/li>\n<li><strong>CONSERVAZIONE<\/strong>: tra 0\u00baC e 5\u00baC.<\/li>\n<\/ul>\n<p>Dal punto di vista nutrizionale, il merluzzo \u00e8 un alimento ricco di proteine di alto valore biologico e digeribilit\u00e0, con un basso contenuto di grassi e calorie.<\/p>\n<p>Il contenuto di acqua \u00e8 di circa l&#8217;80% (nel merluzzo fresco).<\/p>\n<p>Questo merluzzo \u00e8 una buona fonte di vitamine (soprattutto del gruppo B) e sali minerali essenziali per l&#8217;organismo.<\/p>\n<p>Il merluzzo fresco o dissalato pu\u00f2 essere consumato dalle persone che soffrono di pressione alta, poich\u00e9 \u00e8 povero di sodio e ricco di potassio.<\/p>\n<p>&#8220;Il merluzzo \u00e8 il nome comune di diverse specie di pesci del genere Gadus, anche se alcuni dello stesso genere possono avere altri nomi.<\/p>\n<p>La specie pi\u00f9 comune \u00e8 il merluzzo atlantico (Gadus morhua o merluzzo comune).<\/p>\n<p>Se desidera acquistare Desmigado bacalao salado 500G o qualsiasi altro tipo di prodotto <a href=\"https:\/\/latiendadesami.com\/categoria-producto\/frio\/\" rel=\"noopener noreferrer nofollow\" target=\"_blank\">freddo<\/a>, non esiti a dare un&#8217;occhiata al nostro intero catalogo online per vedere l&#8217;ampia variet\u00e0 di merluzzi che abbiamo.<\/p>\n<p>Ci scriva per maggiori informazioni.<\/p>\n<\/div>\n<\/div>\n<\/div>\n<\/div>\n<\/div>\n","protected":false},"excerpt":{"rendered":"<p>Il bacalao salado desmigado 500G de La Barajilla si basa su pezzi di alta qualit\u00e0 senza pelle n\u00e9 ossa, ideali per frittate, crocchette e ajoarriero. SPECIE: Merluzzo ( Gadus Morhua ) ZONA DI PESCA: Atlantico nord-occidentale ( FAO 27 ) CONSERVAZIONE: tra 0\u00baC e 5\u00baC. Dal punto di vista nutrizionale, il merluzzo \u00e8 un alimento [&hellip;]<\/p>\n","protected":false},"featured_media":11216,"template":"","meta":{"_et_pb_use_builder":"","_et_pb_old_content":"","_et_gb_content_width":""},"product_brand":[1290],"product_cat":[1829,3526],"product_tag":[],"class_list":{"0":"post-30726","1":"product","2":"type-product","3":"status-publish","4":"has-post-thumbnail","6":"product_brand-la-barajilla","7":"product_cat-freddo","8":"product_cat-merluzzo","9":"product_shipping_class-spedizione-a-freddo","11":"first","12":"outofstock","13":"taxable","14":"shipping-taxable","15":"purchasable","16":"product-type-simple"},"_links":{"self":[{"href":"https:\/\/myspainfood.com\/it\/wp-json\/wp\/v2\/product\/30726","targetHints":{"allow":["GET"]}}],"collection":[{"href":"https:\/\/myspainfood.com\/it\/wp-json\/wp\/v2\/product"}],"about":[{"href":"https:\/\/myspainfood.com\/it\/wp-json\/wp\/v2\/types\/product"}],"wp:featuredmedia":[{"embeddable":true,"href":"https:\/\/myspainfood.com\/it\/wp-json\/wp\/v2\/media\/11216"}],"wp:attachment":[{"href":"https:\/\/myspainfood.com\/it\/wp-json\/wp\/v2\/media?parent=30726"}],"wp:term":[{"taxonomy":"product_brand","embeddable":true,"href":"https:\/\/myspainfood.com\/it\/wp-json\/wp\/v2\/product_brand?post=30726"},{"taxonomy":"product_cat","embeddable":true,"href":"https:\/\/myspainfood.com\/it\/wp-json\/wp\/v2\/product_cat?post=30726"},{"taxonomy":"product_tag","embeddable":true,"href":"https:\/\/myspainfood.com\/it\/wp-json\/wp\/v2\/product_tag?post=30726"}],"curies":[{"name":"wp","href":"https:\/\/api.w.org\/{rel}","templated":true}]}}