{"id":31036,"date":"2025-04-10T12:08:39","date_gmt":"2025-04-10T10:08:39","guid":{"rendered":"https:\/\/myspainfood.com\/producto\/kokotxas-iceland-extra-500gr\/"},"modified":"2025-09-02T10:41:52","modified_gmt":"2025-09-02T08:41:52","slug":"kokotxas-iceland-extra-500gr","status":"publish","type":"product","link":"https:\/\/myspainfood.com\/it\/producto\/kokotxas-iceland-extra-500gr\/","title":{"rendered":"Kokotxas Iceland Extra 500gr"},"content":{"rendered":"<p>I Kokotxas Islandia Extra 500gr di <a href=\"https:\/\/labarajilla.es\/bacalao\/\" target=\"_blank\" rel=\"noopener noreferrer nofollow\">La Barajilla<\/a> sono molto apprezzati per la loro consistenza.<\/p>\n<p>Questi kokotxa hanno una buona massa muscolare situata tra le due mascelle inferiori del pesce.<\/p>\n<ul>\n<li><strong>SPECIE<\/strong>: Merluzzo ( Gadus Morhua )<u><\/u><u><\/u><\/li>\n<li><strong>ZONA DI PESCA<\/strong>: Atlantico nord-occidentale ( FAO 27 )<u><\/u><u><\/u><\/li>\n<li><strong>CONSERVAZIONE<\/strong>: tra 0\u00baC e 5\u00baC.<\/li>\n<\/ul>\n<p>Dal punto di vista nutrizionale, il merluzzo \u00e8 un alimento ricco di proteine di alto valore biologico e digeribilit\u00e0, con un basso contenuto di grassi e calorie.<\/p>\n<p>Il contenuto di acqua \u00e8 di circa l&#8217;80% (nel merluzzo fresco).<\/p>\n<p>Questo merluzzo \u00e8 una buona fonte di vitamine (soprattutto del gruppo B) e sali minerali essenziali per l&#8217;organismo.<\/p>\n<p>Il merluzzo fresco o dissalato pu\u00f2 essere consumato dalle persone che soffrono di pressione alta, poich\u00e9 \u00e8 povero di sodio e ricco di potassio.<\/p>\n<p>&#8220;Il merluzzo \u00e8 il nome comune di diverse specie di pesci del genere Gadus, anche se alcuni dello stesso genere possono avere altri nomi.<\/p>\n<p>La specie pi\u00f9 comune \u00e8 il merluzzo atlantico (Gadus morhua o merluzzo comune).<\/p>\n<p>Se desidera acquistare Kokotxas Islandia Extra 500gr o qualsiasi altro tipo di prodotto <a href=\"https:\/\/latiendadesami.com\/categoria-producto\/frio\/\" rel=\"noopener noreferrer nofollow\" target=\"_blank\">freddo<\/a>, non esiti a dare un&#8217;occhiata al nostro catalogo online per vedere l&#8217;ampia variet\u00e0 di merluzzi che abbiamo.<\/p>\n<p>Ci scriva per maggiori informazioni.<\/p>\n","protected":false},"excerpt":{"rendered":"<p>I Kokotxas Islandia Extra 500gr di La Barajilla sono molto apprezzati per la loro consistenza. Questi kokotxa hanno una buona massa muscolare situata tra le due mascelle inferiori del pesce. SPECIE: Merluzzo ( Gadus Morhua ) ZONA DI PESCA: Atlantico nord-occidentale ( FAO 27 ) CONSERVAZIONE: tra 0\u00baC e 5\u00baC. Dal punto di vista nutrizionale, [&hellip;]<\/p>\n","protected":false},"featured_media":11162,"template":"","meta":{"_et_pb_use_builder":"","_et_pb_old_content":"","_et_gb_content_width":""},"product_brand":[1290],"product_cat":[1829,3526],"product_tag":[],"class_list":{"0":"post-31036","1":"product","2":"type-product","3":"status-publish","4":"has-post-thumbnail","6":"product_brand-la-barajilla","7":"product_cat-freddo","8":"product_cat-merluzzo","9":"product_shipping_class-spedizione-a-freddo","11":"first","12":"outofstock","13":"taxable","14":"shipping-taxable","15":"purchasable","16":"product-type-simple"},"_links":{"self":[{"href":"https:\/\/myspainfood.com\/it\/wp-json\/wp\/v2\/product\/31036","targetHints":{"allow":["GET"]}}],"collection":[{"href":"https:\/\/myspainfood.com\/it\/wp-json\/wp\/v2\/product"}],"about":[{"href":"https:\/\/myspainfood.com\/it\/wp-json\/wp\/v2\/types\/product"}],"wp:featuredmedia":[{"embeddable":true,"href":"https:\/\/myspainfood.com\/it\/wp-json\/wp\/v2\/media\/11162"}],"wp:attachment":[{"href":"https:\/\/myspainfood.com\/it\/wp-json\/wp\/v2\/media?parent=31036"}],"wp:term":[{"taxonomy":"product_brand","embeddable":true,"href":"https:\/\/myspainfood.com\/it\/wp-json\/wp\/v2\/product_brand?post=31036"},{"taxonomy":"product_cat","embeddable":true,"href":"https:\/\/myspainfood.com\/it\/wp-json\/wp\/v2\/product_cat?post=31036"},{"taxonomy":"product_tag","embeddable":true,"href":"https:\/\/myspainfood.com\/it\/wp-json\/wp\/v2\/product_tag?post=31036"}],"curies":[{"name":"wp","href":"https:\/\/api.w.org\/{rel}","templated":true}]}}