{"id":31437,"date":"2025-04-10T12:08:39","date_gmt":"2025-04-10T10:08:39","guid":{"rendered":"https:\/\/myspainfood.com\/producto\/cruceiro-de-ferreiros-albarino\/"},"modified":"2025-04-10T12:08:39","modified_gmt":"2025-04-10T10:08:39","slug":"cruceiro-de-ferreiros-albarino","status":"publish","type":"product","link":"https:\/\/myspainfood.com\/it\/producto\/cruceiro-de-ferreiros-albarino\/","title":{"rendered":"Cruceiro de Ferreiros Albari\u00f1o"},"content":{"rendered":"<p>Questo classico vino galiziano \u00e8 pulito e luminoso, con un colore quasi verde. Gli aromi di pompelmo cantano su un fondo floreale con note di mineralit\u00e0. Ha corpo, buona struttura e un finale forte, un ottimo vino per piatti di pesce leggeri o formaggi freschi.  <\/p>\n<div>vino ottenuto da uve Albari\u00f1o, Godello e Loureiro, \u00e8 stato premiato con la medaglia d&#8217;argento agli International Wine Awards 2017 nella categoria dei vini bianchi.<\/div>\n<p>Nome\/Area: Ixp Do Mi\u00f1o<\/p>\n","protected":false},"excerpt":{"rendered":"<p>Questo classico vino galiziano \u00e8 pulito e luminoso, con un colore quasi verde. Gli aromi di pompelmo cantano su un fondo floreale con note di mineralit\u00e0. Ha corpo, buona struttura e un finale forte, un ottimo vino per piatti di pesce leggeri o formaggi freschi. vino ottenuto da uve Albari\u00f1o, Godello e Loureiro, \u00e8 stato [&hellip;]<\/p>\n","protected":false},"featured_media":11450,"template":"","meta":{"_et_pb_use_builder":"","_et_pb_old_content":"","_et_gb_content_width":""},"product_brand":[1302],"product_cat":[4867,6282],"product_tag":[7020],"class_list":{"0":"post-31437","1":"product","2":"type-product","3":"status-publish","4":"has-post-thumbnail","6":"product_brand-galiciano","7":"product_cat-bevande","8":"product_cat-vino-it-3","9":"product_tag-albarino-it","11":"first","12":"instock","13":"taxable","14":"shipping-taxable","15":"purchasable","16":"product-type-variable"},"_links":{"self":[{"href":"https:\/\/myspainfood.com\/it\/wp-json\/wp\/v2\/product\/31437","targetHints":{"allow":["GET"]}}],"collection":[{"href":"https:\/\/myspainfood.com\/it\/wp-json\/wp\/v2\/product"}],"about":[{"href":"https:\/\/myspainfood.com\/it\/wp-json\/wp\/v2\/types\/product"}],"wp:featuredmedia":[{"embeddable":true,"href":"https:\/\/myspainfood.com\/it\/wp-json\/wp\/v2\/media\/11450"}],"wp:attachment":[{"href":"https:\/\/myspainfood.com\/it\/wp-json\/wp\/v2\/media?parent=31437"}],"wp:term":[{"taxonomy":"product_brand","embeddable":true,"href":"https:\/\/myspainfood.com\/it\/wp-json\/wp\/v2\/product_brand?post=31437"},{"taxonomy":"product_cat","embeddable":true,"href":"https:\/\/myspainfood.com\/it\/wp-json\/wp\/v2\/product_cat?post=31437"},{"taxonomy":"product_tag","embeddable":true,"href":"https:\/\/myspainfood.com\/it\/wp-json\/wp\/v2\/product_tag?post=31437"}],"curies":[{"name":"wp","href":"https:\/\/api.w.org\/{rel}","templated":true}]}}