{"id":31768,"date":"2025-04-10T12:09:10","date_gmt":"2025-04-10T10:09:10","guid":{"rendered":"https:\/\/myspainfood.com\/producto\/formaggio-di-capra-e-di-mucca-con-aglio-nero-el-gran-cardenal\/"},"modified":"2025-06-24T16:11:16","modified_gmt":"2025-06-24T14:11:16","slug":"formaggio-di-capra-e-di-mucca-con-aglio-nero-el-gran-cardenal","status":"publish","type":"product","link":"https:\/\/myspainfood.com\/it\/producto\/formaggio-di-capra-e-di-mucca-con-aglio-nero-el-gran-cardenal\/","title":{"rendered":"Formaggio di capra e di mucca con aglio nero El Gran Cardenal"},"content":{"rendered":"<div class=\"et_pb_blurb_container\">\n<div class=\"et_pb_blurb_container\">\n<div class=\"et_pb_blurb_container\">\n<h4 class=\"et_pb_module_header\">Capra con aglio nero<\/h4>\n<div class=\"et_pb_blurb_description\">Formaggio cremoso a base di latte di capra e di mucca, con porzioni di aglio nero all&#8217;interno. Questo gli conferisce un sapore leggermente dolce e propriet\u00e0 antiossidanti. <\/p>\n<p>Gli vengono attribuite anche altre propriet\u00e0, come la riduzione del rischio di cancro e l&#8217;allungamento della vita. Ci\u00f2 di cui siamo certi \u00e8 che il risultato del gusto del latte di capra unito all&#8217;aglio nero sar\u00e0 una piacevole sorpresa. <\/p><\/div>\n<\/div>\n<\/div>\n<\/div>\n","protected":false},"excerpt":{"rendered":"<p>Capra con aglio nero Formaggio cremoso a base di latte di capra e di mucca, con porzioni di aglio nero all&#8217;interno. Questo gli conferisce un sapore leggermente dolce e propriet\u00e0 antiossidanti. Gli vengono attribuite anche altre propriet\u00e0, come la riduzione del rischio di cancro e l&#8217;allungamento della vita. Ci\u00f2 di cui siamo certi \u00e8 che [&hellip;]<\/p>\n","protected":false},"featured_media":11747,"template":"","meta":{"_et_pb_use_builder":"","_et_pb_old_content":"","_et_gb_content_width":""},"product_brand":[1319],"product_cat":[2276,1829,2737],"product_tag":[],"class_list":{"0":"post-31768","1":"product","2":"type-product","3":"status-publish","4":"has-post-thumbnail","6":"product_brand-el-gran-cardenal","7":"product_cat-formaggio-e-salsiccia","8":"product_cat-freddo","9":"product_cat-polimerizzazione","10":"product_shipping_class-spedizione-a-freddo","12":"first","13":"outofstock","14":"taxable","15":"shipping-taxable","16":"purchasable","17":"product-type-variable"},"_links":{"self":[{"href":"https:\/\/myspainfood.com\/it\/wp-json\/wp\/v2\/product\/31768","targetHints":{"allow":["GET"]}}],"collection":[{"href":"https:\/\/myspainfood.com\/it\/wp-json\/wp\/v2\/product"}],"about":[{"href":"https:\/\/myspainfood.com\/it\/wp-json\/wp\/v2\/types\/product"}],"wp:featuredmedia":[{"embeddable":true,"href":"https:\/\/myspainfood.com\/it\/wp-json\/wp\/v2\/media\/11747"}],"wp:attachment":[{"href":"https:\/\/myspainfood.com\/it\/wp-json\/wp\/v2\/media?parent=31768"}],"wp:term":[{"taxonomy":"product_brand","embeddable":true,"href":"https:\/\/myspainfood.com\/it\/wp-json\/wp\/v2\/product_brand?post=31768"},{"taxonomy":"product_cat","embeddable":true,"href":"https:\/\/myspainfood.com\/it\/wp-json\/wp\/v2\/product_cat?post=31768"},{"taxonomy":"product_tag","embeddable":true,"href":"https:\/\/myspainfood.com\/it\/wp-json\/wp\/v2\/product_tag?post=31768"}],"curies":[{"name":"wp","href":"https:\/\/api.w.org\/{rel}","templated":true}]}}