{"id":33480,"date":"2025-04-10T12:10:14","date_gmt":"2025-04-10T10:10:14","guid":{"rendered":"https:\/\/myspainfood.com\/producto\/galletti-naturali-45-65-areoso\/"},"modified":"2025-04-10T12:10:14","modified_gmt":"2025-04-10T10:10:14","slug":"galletti-naturali-45-65-areoso","status":"publish","type":"product","link":"https:\/\/myspainfood.com\/it\/producto\/galletti-naturali-45-65-areoso\/","title":{"rendered":"Galletti naturali 45\/65 Areoso"},"content":{"rendered":"<p>Prodotto: Galletti 45\/65 pezzi.<\/p>\n<p>Ingredienti: Galletti, acqua e sale<\/p>\n<p>PROCESSO DI PREPARAZIONE: i galli vengono preparati in modo simile alle vongole, anche se non sono un prodotto cos\u00ec delicato come le vongole. Il processo \u00e8 il seguente: vengono cotti in acqua, con le corrette caratteristiche igienico-sanitarie. L&#8217;intero processo di sgusciatura e selezione \u00e8 automatizzato. Poi vengono lavate di nuovo in acqua calda e da l\u00ec vengono confezionate. Poi viene aggiunto il liquido di copertura, che in questo caso \u00e8 acqua naturale. Viene chiuso e sterilizzato con i parametri caratteristici e appropriati per questo prodotto. A questo punto \u00e8 pronto per la conservazione e la vendita.      <\/p>\n","protected":false},"excerpt":{"rendered":"<p>Prodotto: Galletti 45\/65 pezzi. Ingredienti: Galletti, acqua e sale PROCESSO DI PREPARAZIONE: i galli vengono preparati in modo simile alle vongole, anche se non sono un prodotto cos\u00ec delicato come le vongole. Il processo \u00e8 il seguente: vengono cotti in acqua, con le corrette caratteristiche igienico-sanitarie. L&#8217;intero processo di sgusciatura e selezione \u00e8 automatizzato. Poi [&hellip;]<\/p>\n","protected":false},"featured_media":12575,"template":"","meta":{"_et_pb_use_builder":"","_et_pb_old_content":"","_et_gb_content_width":""},"product_brand":[1358,1075],"product_cat":[1959,5669],"product_tag":[],"class_list":{"0":"post-33480","1":"product","2":"type-product","3":"status-publish","4":"has-post-thumbnail","6":"product_brand-areoso","7":"product_brand-oti","8":"product_cat-conserve","9":"product_cat-galletti","11":"first","12":"outofstock","13":"sale","14":"taxable","15":"shipping-taxable","16":"purchasable","17":"product-type-simple"},"_links":{"self":[{"href":"https:\/\/myspainfood.com\/it\/wp-json\/wp\/v2\/product\/33480","targetHints":{"allow":["GET"]}}],"collection":[{"href":"https:\/\/myspainfood.com\/it\/wp-json\/wp\/v2\/product"}],"about":[{"href":"https:\/\/myspainfood.com\/it\/wp-json\/wp\/v2\/types\/product"}],"wp:featuredmedia":[{"embeddable":true,"href":"https:\/\/myspainfood.com\/it\/wp-json\/wp\/v2\/media\/12575"}],"wp:attachment":[{"href":"https:\/\/myspainfood.com\/it\/wp-json\/wp\/v2\/media?parent=33480"}],"wp:term":[{"taxonomy":"product_brand","embeddable":true,"href":"https:\/\/myspainfood.com\/it\/wp-json\/wp\/v2\/product_brand?post=33480"},{"taxonomy":"product_cat","embeddable":true,"href":"https:\/\/myspainfood.com\/it\/wp-json\/wp\/v2\/product_cat?post=33480"},{"taxonomy":"product_tag","embeddable":true,"href":"https:\/\/myspainfood.com\/it\/wp-json\/wp\/v2\/product_tag?post=33480"}],"curies":[{"name":"wp","href":"https:\/\/api.w.org\/{rel}","templated":true}]}}