{"id":34071,"date":"2025-04-10T12:09:58","date_gmt":"2025-04-10T10:09:58","guid":{"rendered":"https:\/\/myspainfood.com\/producto\/banderillas-extra-piccante-chicon-900-grammi-confezione-da-6-unita\/"},"modified":"2025-04-10T12:09:58","modified_gmt":"2025-04-10T10:09:58","slug":"banderillas-extra-piccante-chicon-900-grammi-confezione-da-6-unita","status":"publish","type":"product","link":"https:\/\/myspainfood.com\/it\/producto\/banderillas-extra-piccante-chicon-900-grammi-confezione-da-6-unita\/","title":{"rendered":"Banderillas Extra (piccante) Chic\u00f3n 900 grammi confezione da 6 unit\u00e0"},"content":{"rendered":"<p>Le Banderillas extra picantes sono <a href=\"https:\/\/aceitunaschiconlebron.com\/catalogo\/banderillas-picantes\/\" target=\"_blank\" rel=\"noopener noreferrer nofollow\">sottaceti<\/a> consumati come antipasto ogni giorno come piatto in molti angoli del nostro Paese.<\/p>\n<p>La miscela di sapori fornita dai suoi ingredienti, insieme al tocco dell&#8217;aceto e alla piccantezza del peperoncino, conferisce un gusto speciale al sapore delle nostre banderillas piccanti.<\/p>\n<p>Le banderillas piccanti sono solitamente composte da cetriolini, peperoncino, cipolle, olive e peperoni. Ecco perch\u00e9 la miscela di questi sapori \u00e8 cos\u00ec squisita. <\/p>\n<h3><strong>I benefici delle Banderillas extra piccanti<\/strong><\/h3>\n<p>Conosceva i benefici delle banderillas piccanti e dei sottaceti in generale? Ecco un elenco dei pi\u00f9 importanti: <\/p>\n<ul>\n<li>Ricco di probiotici.<\/li>\n<li>Favoriscono la digestione.<\/li>\n<li>Rafforzano il sistema immunitario.<\/li>\n<li>Riducono il desiderio di zucchero.<\/li>\n<li>Favorevole alla cistifellea.<\/li>\n<\/ul>\n<p>&nbsp;<\/p>\n<p>Se vuoi acquistare olive o qualsiasi altro tipo di <a href=\"https:\/\/latiendadesami.com\/categoria-producto\/encurtidos\/\" rel=\"noopener noreferrer nofollow\" target=\"_blank\">sottaceti<\/a>, non esitare a dare un&#8217;occhiata al nostro catalogo online per vedere l&#8217;ampia variet\u00e0 di <a href=\"https:\/\/latiendadesami.com\/categoria-producto\/encurtidos\/aceitunas\/\" target=\"_blank\" rel=\"noopener noreferrer nofollow\">olive<\/a> che abbiamo.<\/p>\n","protected":false},"excerpt":{"rendered":"<p>banderillas picante<\/p>\n<p>Dipende dalla quantit\u00e0<\/p>\n","protected":false},"featured_media":12269,"template":"","meta":{"_et_pb_use_builder":"","_et_pb_old_content":"","_et_gb_content_width":""},"product_brand":[1036],"product_cat":[2903,3099],"product_tag":[4112,2081],"class_list":{"0":"post-34071","1":"product","2":"type-product","3":"status-publish","4":"has-post-thumbnail","6":"product_brand-chicon","7":"product_cat-allingrosso","8":"product_cat-sottaceti-it","9":"product_tag-extra-it","10":"product_tag-piccante","12":"first","13":"instock","14":"taxable","15":"shipping-taxable","16":"purchasable","17":"product-type-variable"},"_links":{"self":[{"href":"https:\/\/myspainfood.com\/it\/wp-json\/wp\/v2\/product\/34071","targetHints":{"allow":["GET"]}}],"collection":[{"href":"https:\/\/myspainfood.com\/it\/wp-json\/wp\/v2\/product"}],"about":[{"href":"https:\/\/myspainfood.com\/it\/wp-json\/wp\/v2\/types\/product"}],"wp:featuredmedia":[{"embeddable":true,"href":"https:\/\/myspainfood.com\/it\/wp-json\/wp\/v2\/media\/12269"}],"wp:attachment":[{"href":"https:\/\/myspainfood.com\/it\/wp-json\/wp\/v2\/media?parent=34071"}],"wp:term":[{"taxonomy":"product_brand","embeddable":true,"href":"https:\/\/myspainfood.com\/it\/wp-json\/wp\/v2\/product_brand?post=34071"},{"taxonomy":"product_cat","embeddable":true,"href":"https:\/\/myspainfood.com\/it\/wp-json\/wp\/v2\/product_cat?post=34071"},{"taxonomy":"product_tag","embeddable":true,"href":"https:\/\/myspainfood.com\/it\/wp-json\/wp\/v2\/product_tag?post=34071"}],"curies":[{"name":"wp","href":"https:\/\/api.w.org\/{rel}","templated":true}]}}