{"id":34291,"date":"2025-04-10T12:10:12","date_gmt":"2025-04-10T10:10:12","guid":{"rendered":"https:\/\/myspainfood.com\/producto\/salmone-norvegese-affumicato-port-faroe-600-g-2\/"},"modified":"2025-06-24T13:41:37","modified_gmt":"2025-06-24T11:41:37","slug":"salmone-norvegese-affumicato-port-faroe-600-g-2","status":"publish","type":"product","link":"https:\/\/myspainfood.com\/it\/producto\/salmone-norvegese-affumicato-port-faroe-600-g-2\/","title":{"rendered":"Salmone norvegese affumicato Port Faroe 600 g"},"content":{"rendered":"<p>L&#8217;affumicatura \u00e8 una tecnica utilizzata per conservare gli alimenti.<\/p>\n<p> Consiste nel sottoporre gli alimenti ad una fonte di fumo che proviene da fuochi fatti di legno con un basso livello di resina.<\/p>\n<p> Questo processo, oltre alla conservazione, \u00e8 ci\u00f2 che conferisce il suo peculiare sapore affumicato.<\/p>\n<p> Il salmone affumicato \u00e8 un alimento ottenuto sottoponendo il salmone all&#8217;affumicatura sopra descritta, che gli conferisce un tempo di conservazione pi\u00f9 lungo e un sapore diverso e caratteristico.<\/p>\n<p>&nbsp;<\/p>\n","protected":false},"excerpt":{"rendered":"<p>L&#8217;affumicatura \u00e8 una tecnica utilizzata per conservare gli alimenti. Consiste nel sottoporre gli alimenti ad una fonte di fumo che proviene da fuochi fatti di legno con un basso livello di resina. Questo processo, oltre alla conservazione, \u00e8 ci\u00f2 che conferisce il suo peculiare sapore affumicato. Il salmone affumicato \u00e8 un alimento ottenuto sottoponendo il [&hellip;]<\/p>\n","protected":false},"featured_media":12602,"template":"","meta":{"_et_pb_use_builder":"","_et_pb_old_content":"","_et_gb_content_width":""},"product_brand":[1361],"product_cat":[1829,7735,7733],"product_tag":[],"class_list":{"0":"post-34291","1":"product","2":"type-product","3":"status-publish","4":"has-post-thumbnail","6":"product_brand-ahumados-fernandez-molina","7":"product_cat-freddo","8":"product_cat-salmone","9":"product_cat-speciale-natale","10":"product_shipping_class-spedizione-a-freddo","12":"first","13":"instock","14":"sale","15":"taxable","16":"shipping-taxable","17":"purchasable","18":"product-type-variable"},"_links":{"self":[{"href":"https:\/\/myspainfood.com\/it\/wp-json\/wp\/v2\/product\/34291","targetHints":{"allow":["GET"]}}],"collection":[{"href":"https:\/\/myspainfood.com\/it\/wp-json\/wp\/v2\/product"}],"about":[{"href":"https:\/\/myspainfood.com\/it\/wp-json\/wp\/v2\/types\/product"}],"wp:featuredmedia":[{"embeddable":true,"href":"https:\/\/myspainfood.com\/it\/wp-json\/wp\/v2\/media\/12602"}],"wp:attachment":[{"href":"https:\/\/myspainfood.com\/it\/wp-json\/wp\/v2\/media?parent=34291"}],"wp:term":[{"taxonomy":"product_brand","embeddable":true,"href":"https:\/\/myspainfood.com\/it\/wp-json\/wp\/v2\/product_brand?post=34291"},{"taxonomy":"product_cat","embeddable":true,"href":"https:\/\/myspainfood.com\/it\/wp-json\/wp\/v2\/product_cat?post=34291"},{"taxonomy":"product_tag","embeddable":true,"href":"https:\/\/myspainfood.com\/it\/wp-json\/wp\/v2\/product_tag?post=34291"}],"curies":[{"name":"wp","href":"https:\/\/api.w.org\/{rel}","templated":true}]}}