{"id":34690,"date":"2025-04-10T12:10:13","date_gmt":"2025-04-10T10:10:13","guid":{"rendered":"https:\/\/myspainfood.com\/producto\/formaggio-flor-de-esgueva-viejo-32-kg\/"},"modified":"2025-06-24T13:44:45","modified_gmt":"2025-06-24T11:44:45","slug":"formaggio-flor-de-esgueva-viejo-32-kg","status":"publish","type":"product","link":"https:\/\/myspainfood.com\/it\/producto\/formaggio-flor-de-esgueva-viejo-32-kg\/","title":{"rendered":"Formaggio Flor de Esgueva Viejo 3,2 kg"},"content":{"rendered":"<div class=\"et_pb_blurb_container\">\n<div class=\"et_pb_blurb_container\">\n<h1 class=\"vc_custom_heading\">Fiore di Esgueva Viejo<\/h1>\n<p class=\"vc_custom_heading us_custom_c587e30b\">Prodotto solo con latte crudo di pecora e maturato in crosta naturale per un minimo di 7 mesi.<\/p>\n<div class=\"wpb_text_column us_custom_afe9a513\">\n<div class=\"wpb_wrapper\">\n<p>\u00c8 la perfezione in termini di intensit\u00e0 e consistenza. \u00c8 un formaggio molto adatto agli amanti del formaggio che amano una consistenza elastica e quasi fondente, ma senza perdere il puro sapore di pecora e l&#8217;intensit\u00e0 in bocca. Ha un retrogusto lungo e duraturo, che lascia una sensazione piacevole per alcuni minuti.  <\/p>\n<\/div>\n<\/div>\n<\/div>\n<\/div>\n","protected":false},"excerpt":{"rendered":"<p>Fiore di Esgueva Viejo Prodotto solo con latte crudo di pecora e maturato in crosta naturale per un minimo di 7 mesi. \u00c8 la perfezione in termini di intensit\u00e0 e consistenza. \u00c8 un formaggio molto adatto agli amanti del formaggio che amano una consistenza elastica e quasi fondente, ma senza perdere il puro sapore di [&hellip;]<\/p>\n","protected":false},"featured_media":12656,"template":"","meta":{"_et_pb_use_builder":"","_et_pb_old_content":"","_et_gb_content_width":""},"product_brand":[1367],"product_cat":[2276,1829,2737],"product_tag":[],"class_list":{"0":"post-34690","1":"product","2":"type-product","3":"status-publish","4":"has-post-thumbnail","6":"product_brand-flor-de-esgueva","7":"product_cat-formaggio-e-salsiccia","8":"product_cat-freddo","9":"product_cat-polimerizzazione","10":"product_shipping_class-spedizione-a-freddo","12":"first","13":"outofstock","14":"taxable","15":"shipping-taxable","16":"purchasable","17":"product-type-variable"},"_links":{"self":[{"href":"https:\/\/myspainfood.com\/it\/wp-json\/wp\/v2\/product\/34690","targetHints":{"allow":["GET"]}}],"collection":[{"href":"https:\/\/myspainfood.com\/it\/wp-json\/wp\/v2\/product"}],"about":[{"href":"https:\/\/myspainfood.com\/it\/wp-json\/wp\/v2\/types\/product"}],"wp:featuredmedia":[{"embeddable":true,"href":"https:\/\/myspainfood.com\/it\/wp-json\/wp\/v2\/media\/12656"}],"wp:attachment":[{"href":"https:\/\/myspainfood.com\/it\/wp-json\/wp\/v2\/media?parent=34690"}],"wp:term":[{"taxonomy":"product_brand","embeddable":true,"href":"https:\/\/myspainfood.com\/it\/wp-json\/wp\/v2\/product_brand?post=34690"},{"taxonomy":"product_cat","embeddable":true,"href":"https:\/\/myspainfood.com\/it\/wp-json\/wp\/v2\/product_cat?post=34690"},{"taxonomy":"product_tag","embeddable":true,"href":"https:\/\/myspainfood.com\/it\/wp-json\/wp\/v2\/product_tag?post=34690"}],"curies":[{"name":"wp","href":"https:\/\/api.w.org\/{rel}","templated":true}]}}