{"id":38248,"date":"2025-04-10T12:14:40","date_gmt":"2025-04-10T10:14:40","guid":{"rendered":"https:\/\/myspainfood.com\/producto\/cozze-della-nuova-zelanda-in-salsa-marinata-4-6-pezzi-portonovo-gigante-115-gr\/"},"modified":"2026-01-30T14:32:19","modified_gmt":"2026-01-30T13:32:19","slug":"cozze-della-nuova-zelanda-in-salsa-marinata-4-6-pezzi-portonovo-gigante-115-gr","status":"publish","type":"product","link":"https:\/\/myspainfood.com\/it\/producto\/cozze-della-nuova-zelanda-in-salsa-marinata-4-6-pezzi-portonovo-gigante-115-gr\/","title":{"rendered":"Cozze della Nuova Zelanda in salsa marinata 4-6 pezzi Portonovo Gigante - 115 Gr"},"content":{"rendered":"<p>Scopra l&#8217;intensit\u00e0 del sapore e la qualit\u00e0 delle <strong>Cozze della Nuova Zelanda in salsa marinata<\/strong> <strong>di Gigante Portonovo<\/strong>. Questo prodotto premium contiene da 4 a 6 pezzi selezionati di cozze grandi, in una presentazione di 115 grammi ideale da gustare in tapas, insalate o come antipasto gourmet. <\/p>\n<p>Allevate nelle acque cristalline della Nuova Zelanda, queste cozze si distinguono per la loro consistenza carnosa e il loro sapore impareggiabile, esaltato da una delicata marinatura che ne esalta la freschezza e la qualit\u00e0. Sono anche ricche di proteine, omega-3 e minerali essenziali, il che le rende una scelta sana e deliziosa per qualsiasi dieta. <\/p>\n<p>Per altre opzioni di frutti di mare, visiti la nostra <a href=\"https:\/\/latiendadesami.com\/categoria-producto\/conservas\/\" target=\"_new\" rel=\"noopener noreferrer nofollow\" target=\"_blank\">sezione di cibo in scatola<\/a> e scopra i benefici delle <strong>cozze neozelandesi in salamoia<\/strong> in una dieta equilibrata. Assaggi la qualit\u00e0 e l&#8217;autenticit\u00e0 che solo Portonovo pu\u00f2 offrire!<\/p>\n","protected":false},"excerpt":{"rendered":"<p>Scopra l&#8217;intensit\u00e0 del sapore e la qualit\u00e0 delle Cozze della Nuova Zelanda in salsa marinata di Gigante Portonovo. Questo prodotto premium contiene da 4 a 6 pezzi selezionati di cozze grandi, in una presentazione di 115 grammi ideale da gustare in tapas, insalate o come antipasto gourmet. Allevate nelle acque cristalline della Nuova Zelanda, queste [&hellip;]<\/p>\n","protected":false},"featured_media":14906,"template":"","meta":{"_et_pb_use_builder":"","_et_pb_old_content":"","_et_gb_content_width":""},"product_brand":[1428],"product_cat":[1959,4060],"product_tag":[],"class_list":{"0":"post-38248","1":"product","2":"type-product","3":"status-publish","4":"has-post-thumbnail","6":"product_brand-portonovo","7":"product_cat-conserve","8":"product_cat-cozze-it","10":"first","11":"outofstock","12":"taxable","13":"shipping-taxable","14":"product-type-variable"},"_links":{"self":[{"href":"https:\/\/myspainfood.com\/it\/wp-json\/wp\/v2\/product\/38248","targetHints":{"allow":["GET"]}}],"collection":[{"href":"https:\/\/myspainfood.com\/it\/wp-json\/wp\/v2\/product"}],"about":[{"href":"https:\/\/myspainfood.com\/it\/wp-json\/wp\/v2\/types\/product"}],"wp:featuredmedia":[{"embeddable":true,"href":"https:\/\/myspainfood.com\/it\/wp-json\/wp\/v2\/media\/14906"}],"wp:attachment":[{"href":"https:\/\/myspainfood.com\/it\/wp-json\/wp\/v2\/media?parent=38248"}],"wp:term":[{"taxonomy":"product_brand","embeddable":true,"href":"https:\/\/myspainfood.com\/it\/wp-json\/wp\/v2\/product_brand?post=38248"},{"taxonomy":"product_cat","embeddable":true,"href":"https:\/\/myspainfood.com\/it\/wp-json\/wp\/v2\/product_cat?post=38248"},{"taxonomy":"product_tag","embeddable":true,"href":"https:\/\/myspainfood.com\/it\/wp-json\/wp\/v2\/product_tag?post=38248"}],"curies":[{"name":"wp","href":"https:\/\/api.w.org\/{rel}","templated":true}]}}