{"id":38628,"date":"2025-04-10T12:09:10","date_gmt":"2025-04-10T10:09:10","guid":{"rendered":"https:\/\/myspainfood.com\/producto\/formaggio-di-capra-e-di-mucca-ribera-del-duero-vino-el-gran-cardenal\/"},"modified":"2025-06-24T16:15:14","modified_gmt":"2025-06-24T14:15:14","slug":"formaggio-di-capra-e-di-mucca-ribera-del-duero-vino-el-gran-cardenal","status":"publish","type":"product","link":"https:\/\/myspainfood.com\/it\/producto\/formaggio-di-capra-e-di-mucca-ribera-del-duero-vino-el-gran-cardenal\/","title":{"rendered":"Formaggio di capra e di mucca Ribera del Duero Vino El Gran Cardenal"},"content":{"rendered":"<div class=\"et_pb_blurb_container\">\n<div class=\"et_pb_blurb_container\">\n<h4 class=\"et_pb_module_header\">Capra con vino Ribera de Duero<\/h4>\n<div class=\"et_pb_blurb_description\">Formaggio cremoso a base di latte di capra e di mucca, accompagnato da uno degli eccellenti vini prodotti in Spagna, il vino Ribera del Duero (una denominazione che comprende vigneti situati in Castilla y Le\u00f3n).<\/p>\n<p>Il colore del vino \u00e8 visibile all&#8217;interno del formaggio, poich\u00e9 viene aggiunto al momento della produzione.<\/p><\/div>\n<\/div>\n<\/div>\n","protected":false},"excerpt":{"rendered":"<p>Capra con vino Ribera de Duero Formaggio cremoso a base di latte di capra e di mucca, accompagnato da uno degli eccellenti vini prodotti in Spagna, il vino Ribera del Duero (una denominazione che comprende vigneti situati in Castilla y Le\u00f3n). Il colore del vino \u00e8 visibile all&#8217;interno del formaggio, poich\u00e9 viene aggiunto al momento [&hellip;]<\/p>\n","protected":false},"featured_media":11738,"template":"","meta":{"_et_pb_use_builder":"","_et_pb_old_content":"","_et_gb_content_width":""},"product_brand":[1319],"product_cat":[2276,1829,2737],"product_tag":[],"class_list":{"0":"post-38628","1":"product","2":"type-product","3":"status-publish","4":"has-post-thumbnail","6":"product_brand-el-gran-cardenal","7":"product_cat-formaggio-e-salsiccia","8":"product_cat-freddo","9":"product_cat-polimerizzazione","10":"product_shipping_class-spedizione-a-freddo","12":"first","13":"instock","14":"taxable","15":"shipping-taxable","16":"purchasable","17":"product-type-variable"},"_links":{"self":[{"href":"https:\/\/myspainfood.com\/it\/wp-json\/wp\/v2\/product\/38628","targetHints":{"allow":["GET"]}}],"collection":[{"href":"https:\/\/myspainfood.com\/it\/wp-json\/wp\/v2\/product"}],"about":[{"href":"https:\/\/myspainfood.com\/it\/wp-json\/wp\/v2\/types\/product"}],"wp:featuredmedia":[{"embeddable":true,"href":"https:\/\/myspainfood.com\/it\/wp-json\/wp\/v2\/media\/11738"}],"wp:attachment":[{"href":"https:\/\/myspainfood.com\/it\/wp-json\/wp\/v2\/media?parent=38628"}],"wp:term":[{"taxonomy":"product_brand","embeddable":true,"href":"https:\/\/myspainfood.com\/it\/wp-json\/wp\/v2\/product_brand?post=38628"},{"taxonomy":"product_cat","embeddable":true,"href":"https:\/\/myspainfood.com\/it\/wp-json\/wp\/v2\/product_cat?post=38628"},{"taxonomy":"product_tag","embeddable":true,"href":"https:\/\/myspainfood.com\/it\/wp-json\/wp\/v2\/product_tag?post=38628"}],"curies":[{"name":"wp","href":"https:\/\/api.w.org\/{rel}","templated":true}]}}