{"id":38698,"date":"2025-04-10T12:09:16","date_gmt":"2025-04-10T10:09:16","guid":{"rendered":"https:\/\/myspainfood.com\/producto\/acciughe-del-mar-cantabrico-serie-platino-in-olio-doliva\/"},"modified":"2025-06-24T13:39:52","modified_gmt":"2025-06-24T11:39:52","slug":"acciughe-del-mar-cantabrico-serie-platino-in-olio-doliva","status":"publish","type":"product","link":"https:\/\/myspainfood.com\/it\/producto\/acciughe-del-mar-cantabrico-serie-platino-in-olio-doliva\/","title":{"rendered":"Acciughe del Mar Cantabrico serie platino in olio d&#8217;oliva"},"content":{"rendered":"<p>L&#8217;acciuga all&#8217;olio d&#8217;oliva <a href=\"https:\/\/conservasarlequin.com\/serie-oro\/\" target=\"_blank\" rel=\"noopener noreferrer nofollow\">Arlequin<\/a> Serie Platinum \u00e8 un prodotto artigianale in scatola.<\/p>\n<p><strong>E. A. N.:<\/strong> 8421993910985<\/p>\n<p><strong>Codice:<\/strong> 10010044<\/p>\n<p><strong>Peso netto: <\/strong>110g \/ 70g<\/p>\n<p><strong>Numero di filetti\/numero di pezzi:<\/strong> 12<\/p>\n<p>La missione di Conservas <a href=\"https:\/\/latiendadesami.com\/marca\/arlequin\/\" target=\"_blank\" rel=\"noopener noreferrer nofollow\">Arlequ\u00edn<\/a> \u00e8 quella di offrire un ottimo prodotto, il miglior servizio e un&#8217;ampia gamma di pesce in scatola al miglior prezzo.<\/p>\n<p>Sono anche specialisti in Acciughe, Anchoa Arlequin Serie Oro 00, Serie Platinum in olio d&#8217;oliva, Acciughe, Bonito, Tonno Pinna Gialla, Cozze, Sgombri e Sardine.<\/p>\n<p>Per esempio, il Comidista del quotidiano El Pa\u00eds ha detto della ventresca: &#8220;\u00c8 cos\u00ec tenera, quasi cremosa, che ti fa venire voglia di sposarla e di vivere felicemente fino a quando il Signore ti porter\u00e0 via&#8221;.<\/p>\n<h4>I principali vantaggi del cibo in scatola<\/h4>\n<ol>\n<li>Conservano tutte le propriet\u00e0 nutrizionali dell&#8217;alimento stesso. Gli alimenti mantengono la loro freschezza. <\/li>\n<li>Gli alimenti utilizzati sono sani e quindi adatti a una dieta ottimale, grazie al loro elevato contenuto di vitamine e proteine.<\/li>\n<li>Questi prodotti hanno una durata maggiore (2-5 anni \u00e8 tipico).<\/li>\n<li>Le conserve sono molto facili da conservare, poich\u00e9 la loro confezione \u00e8 facile da applicare.<\/li>\n<\/ol>\n<p>Se desidera acquistare tonno o qualsiasi altro tipo di <a href=\"https:\/\/latiendadesami.com\/categoria-producto\/conservas\/\" rel=\"noopener noreferrer nofollow\" target=\"_blank\">cibo in scatola<\/a>, non esiti a dare un&#8217;occhiata al nostro catalogo online per vedere l&#8217;ampia variet\u00e0 di <a href=\"https:\/\/latiendadesami.com\/categoria-producto\/conservas\/atun-y-bonito\/\" target=\"_blank\" rel=\"noopener noreferrer nofollow\">tonno<\/a> che abbiamo.<\/p>\n<p>Ci scriva per maggiori informazioni.<\/p>\n","protected":false},"excerpt":{"rendered":"<p>L&#8217;acciuga all&#8217;olio d&#8217;oliva Arlequin Serie Platinum \u00e8 un prodotto artigianale in scatola. E. A. N.: 8421993910985 Codice: 10010044 Peso netto: 110g \/ 70g Numero di filetti\/numero di pezzi: 12 La missione di Conservas Arlequ\u00edn \u00e8 quella di offrire un ottimo prodotto, il miglior servizio e un&#8217;ampia gamma di pesce in scatola al miglior prezzo. Sono [&hellip;]<\/p>\n","protected":false},"featured_media":11837,"template":"","meta":{"_et_pb_use_builder":"","_et_pb_old_content":"","_et_gb_content_width":""},"product_brand":[1162],"product_cat":[5216,1829],"product_tag":[8220],"class_list":{"0":"post-38698","1":"product","2":"type-product","3":"status-publish","4":"has-post-thumbnail","6":"product_brand-arlequin","7":"product_cat-acciughe-it-3","8":"product_cat-freddo","9":"product_tag-serie-platinum-it","10":"product_shipping_class-spedizione-a-freddo","12":"first","13":"outofstock","14":"sale","15":"taxable","16":"shipping-taxable","17":"purchasable","18":"product-type-simple"},"_links":{"self":[{"href":"https:\/\/myspainfood.com\/it\/wp-json\/wp\/v2\/product\/38698","targetHints":{"allow":["GET"]}}],"collection":[{"href":"https:\/\/myspainfood.com\/it\/wp-json\/wp\/v2\/product"}],"about":[{"href":"https:\/\/myspainfood.com\/it\/wp-json\/wp\/v2\/types\/product"}],"wp:featuredmedia":[{"embeddable":true,"href":"https:\/\/myspainfood.com\/it\/wp-json\/wp\/v2\/media\/11837"}],"wp:attachment":[{"href":"https:\/\/myspainfood.com\/it\/wp-json\/wp\/v2\/media?parent=38698"}],"wp:term":[{"taxonomy":"product_brand","embeddable":true,"href":"https:\/\/myspainfood.com\/it\/wp-json\/wp\/v2\/product_brand?post=38698"},{"taxonomy":"product_cat","embeddable":true,"href":"https:\/\/myspainfood.com\/it\/wp-json\/wp\/v2\/product_cat?post=38698"},{"taxonomy":"product_tag","embeddable":true,"href":"https:\/\/myspainfood.com\/it\/wp-json\/wp\/v2\/product_tag?post=38698"}],"curies":[{"name":"wp","href":"https:\/\/api.w.org\/{rel}","templated":true}]}}