{"id":39001,"date":"2025-04-10T12:09:43","date_gmt":"2025-04-10T10:09:43","guid":{"rendered":"https:\/\/myspainfood.com\/producto\/formaggio-el-gran-cardenal-semistagionato-san-isidro\/"},"modified":"2025-07-31T16:47:09","modified_gmt":"2025-07-31T14:47:09","slug":"formaggio-el-gran-cardenal-semistagionato-san-isidro","status":"publish","type":"product","link":"https:\/\/myspainfood.com\/it\/producto\/formaggio-el-gran-cardenal-semistagionato-san-isidro\/","title":{"rendered":"Formaggio El Gran Cardenal semistagionato San Isidro"},"content":{"rendered":"<p>\u00c8 il pi\u00f9 delicato dei formaggi, grazie al suo maggiore contenuto di latte vaccino e con un minimo del 10% di latte ovino.<\/p>\n<p>Si pu\u00f2 trovare in due tipi a seconda della sua stagionatura, semistagionato (da 2 a 4 mesi di stagionatura) e stagionato (da 4 a 6 mesi di stagionatura).<\/p>\n","protected":false},"excerpt":{"rendered":"<p>\u00c8 il pi\u00f9 delicato dei formaggi, grazie al suo maggiore contenuto di latte vaccino e con un minimo del 10% di latte ovino. Si pu\u00f2 trovare in due tipi a seconda della sua stagionatura, semistagionato (da 2 a 4 mesi di stagionatura) e stagionato (da 4 a 6 mesi di stagionatura).<\/p>\n","protected":false},"featured_media":12089,"template":"","meta":{"_et_pb_use_builder":"","_et_pb_old_content":"","_et_gb_content_width":""},"product_brand":[1319],"product_cat":[2276,1829,2737],"product_tag":[],"class_list":{"0":"post-39001","1":"product","2":"type-product","3":"status-publish","4":"has-post-thumbnail","6":"product_brand-el-gran-cardenal","7":"product_cat-formaggio-e-salsiccia","8":"product_cat-freddo","9":"product_cat-polimerizzazione","10":"product_shipping_class-spedizione-a-freddo","12":"first","13":"outofstock","14":"taxable","15":"shipping-taxable","16":"product-type-variable"},"_links":{"self":[{"href":"https:\/\/myspainfood.com\/it\/wp-json\/wp\/v2\/product\/39001","targetHints":{"allow":["GET"]}}],"collection":[{"href":"https:\/\/myspainfood.com\/it\/wp-json\/wp\/v2\/product"}],"about":[{"href":"https:\/\/myspainfood.com\/it\/wp-json\/wp\/v2\/types\/product"}],"wp:featuredmedia":[{"embeddable":true,"href":"https:\/\/myspainfood.com\/it\/wp-json\/wp\/v2\/media\/12089"}],"wp:attachment":[{"href":"https:\/\/myspainfood.com\/it\/wp-json\/wp\/v2\/media?parent=39001"}],"wp:term":[{"taxonomy":"product_brand","embeddable":true,"href":"https:\/\/myspainfood.com\/it\/wp-json\/wp\/v2\/product_brand?post=39001"},{"taxonomy":"product_cat","embeddable":true,"href":"https:\/\/myspainfood.com\/it\/wp-json\/wp\/v2\/product_cat?post=39001"},{"taxonomy":"product_tag","embeddable":true,"href":"https:\/\/myspainfood.com\/it\/wp-json\/wp\/v2\/product_tag?post=39001"}],"curies":[{"name":"wp","href":"https:\/\/api.w.org\/{rel}","templated":true}]}}