{"id":40319,"date":"2025-04-10T12:12:57","date_gmt":"2025-04-10T10:12:57","guid":{"rendered":"https:\/\/myspainfood.com\/producto\/carote-a-fette-a-inigo-400-g\/"},"modified":"2025-04-10T12:12:57","modified_gmt":"2025-04-10T10:12:57","slug":"carote-a-fette-a-inigo-400-g","status":"publish","type":"product","link":"https:\/\/myspainfood.com\/it\/producto\/carote-a-fette-a-inigo-400-g\/","title":{"rendered":"Carote a fette A.I\u00f1igo 400 g"},"content":{"rendered":"<p>Le carote A.I\u00f1igo sono la scelta perfetta per chi cerca qualit\u00e0 e sapore nella propria alimentazione. Coltivate con cura e selezionate con attenzione, queste carote offrono una consistenza croccante e un sapore dolce e naturale che arricchir\u00e0 qualsiasi piatto. <\/p>\n<p>&nbsp;<\/p>\n<p><strong>Valore energetico:<\/strong> 71,4 kJ \/ 16,8kcal<\/p>\n<p><strong>Grassi saturi<\/strong>: 0 g<\/p>\n<p><strong>Carboidrati<\/strong>: 4,2 g<\/p>\n<p><strong>Di cui zuccheri:<\/strong> 2,3 g<\/p>\n<p><strong>Fibra alimentare<\/strong>: 1,4 g<\/p>\n<p><strong>Proteine<\/strong>: 0g<\/p>\n<p><strong>Sale<\/strong>: 0,65 g<\/p>\n","protected":false},"excerpt":{"rendered":"<p>Le carote A.I\u00f1igo sono la scelta perfetta per chi cerca qualit\u00e0 e sapore nella propria alimentazione. Coltivate con cura e selezionate con attenzione, queste carote offrono una consistenza croccante e un sapore dolce e naturale che arricchir\u00e0 qualsiasi piatto. &nbsp; Valore energetico: 71,4 kJ \/ 16,8kcal Grassi saturi: 0 g Carboidrati: 4,2 g Di cui [&hellip;]<\/p>\n","protected":false},"featured_media":14501,"template":"","meta":{"_et_pb_use_builder":"","_et_pb_old_content":"","_et_gb_content_width":""},"product_brand":[1461],"product_cat":[1959],"product_tag":[],"class_list":{"0":"post-40319","1":"product","2":"type-product","3":"status-publish","4":"has-post-thumbnail","6":"product_brand-a-inigo","7":"product_cat-conserve","9":"first","10":"outofstock","11":"taxable","12":"shipping-taxable","13":"product-type-variable"},"_links":{"self":[{"href":"https:\/\/myspainfood.com\/it\/wp-json\/wp\/v2\/product\/40319","targetHints":{"allow":["GET"]}}],"collection":[{"href":"https:\/\/myspainfood.com\/it\/wp-json\/wp\/v2\/product"}],"about":[{"href":"https:\/\/myspainfood.com\/it\/wp-json\/wp\/v2\/types\/product"}],"wp:featuredmedia":[{"embeddable":true,"href":"https:\/\/myspainfood.com\/it\/wp-json\/wp\/v2\/media\/14501"}],"wp:attachment":[{"href":"https:\/\/myspainfood.com\/it\/wp-json\/wp\/v2\/media?parent=40319"}],"wp:term":[{"taxonomy":"product_brand","embeddable":true,"href":"https:\/\/myspainfood.com\/it\/wp-json\/wp\/v2\/product_brand?post=40319"},{"taxonomy":"product_cat","embeddable":true,"href":"https:\/\/myspainfood.com\/it\/wp-json\/wp\/v2\/product_cat?post=40319"},{"taxonomy":"product_tag","embeddable":true,"href":"https:\/\/myspainfood.com\/it\/wp-json\/wp\/v2\/product_tag?post=40319"}],"curies":[{"name":"wp","href":"https:\/\/api.w.org\/{rel}","templated":true}]}}