{"id":40410,"date":"2025-04-10T12:12:57","date_gmt":"2025-04-10T10:12:57","guid":{"rendered":"https:\/\/myspainfood.com\/producto\/marmellata-di-lamponi-la-vieja-fabrica-280-g\/"},"modified":"2025-04-10T12:12:57","modified_gmt":"2025-04-10T10:12:57","slug":"marmellata-di-lamponi-la-vieja-fabrica-280-g","status":"publish","type":"product","link":"https:\/\/myspainfood.com\/it\/producto\/marmellata-di-lamponi-la-vieja-fabrica-280-g\/","title":{"rendered":"Marmellata di lamponi La Vieja F\u00e1brica 280 g"},"content":{"rendered":"<p>La Confettura di Lamponi La Vieja F\u00e1brica \u00e8 un prodotto gourmet che si distingue per il suo sapore intenso e la sua preparazione con ingredienti di altissima qualit\u00e0. Realizzata con lamponi freschi e selezionati, questa confettura offre un&#8217;esperienza di gusto unica, catturando l&#8217;essenza del frutto in ogni morso. <\/p>\n<p><span class=\"info-key \"><strong>Nome del prodotto alimentare<\/strong>:<\/span> Marmellata di lamponi<\/p>\n<p><span class=\"info-key \"><strong>Nome dell&#8217;operatore<\/strong>:<\/span> \u00c1ngel Camacho Alimentaci\u00f3n, S.L.<\/p>\n<p><strong><span class=\"info-key \">Indirizzo dell&#8217;operatore:<\/span><\/strong> Avda. del Pilar, 6 - 41530 Mor\u00f3n de la Frontera (Siviglia).<\/p>\n<p><span class=\"info-key \"><strong>Luogo di origine del prodotto alimentare<\/strong>:<\/span> Prodotto della Spagna<\/p>\n<p><strong><span class=\"info-key \">Quantit\u00e0 netta:<\/span><\/strong> 350 g<\/p>\n<p><strong><span class=\"info-key \">Altre informazioni obbligatorie sull&#8217;etichetta:<\/span><\/strong> Realizzato con 45 g di lamponi per 100 g.<\/p>\n<p><strong>Contenuto totale di zucchero<\/strong> 50 g per 100 g.<\/p>\n","protected":false},"excerpt":{"rendered":"<p>La Confettura di Lamponi La Vieja F\u00e1brica \u00e8 un prodotto gourmet che si distingue per il suo sapore intenso e la sua preparazione con ingredienti di altissima qualit\u00e0. Realizzata con lamponi freschi e selezionati, questa confettura offre un&#8217;esperienza di gusto unica, catturando l&#8217;essenza del frutto in ogni morso. Nome del prodotto alimentare: Marmellata di lamponi [&hellip;]<\/p>\n","protected":false},"featured_media":14447,"template":"","meta":{"_et_pb_use_builder":"","_et_pb_old_content":"","_et_gb_content_width":""},"product_brand":[1460],"product_cat":[1959],"product_tag":[],"class_list":{"0":"post-40410","1":"product","2":"type-product","3":"status-publish","4":"has-post-thumbnail","6":"product_brand-la-vieja-fabrica","7":"product_cat-conserve","9":"first","10":"outofstock","11":"taxable","12":"shipping-taxable","13":"product-type-variable"},"_links":{"self":[{"href":"https:\/\/myspainfood.com\/it\/wp-json\/wp\/v2\/product\/40410","targetHints":{"allow":["GET"]}}],"collection":[{"href":"https:\/\/myspainfood.com\/it\/wp-json\/wp\/v2\/product"}],"about":[{"href":"https:\/\/myspainfood.com\/it\/wp-json\/wp\/v2\/types\/product"}],"wp:featuredmedia":[{"embeddable":true,"href":"https:\/\/myspainfood.com\/it\/wp-json\/wp\/v2\/media\/14447"}],"wp:attachment":[{"href":"https:\/\/myspainfood.com\/it\/wp-json\/wp\/v2\/media?parent=40410"}],"wp:term":[{"taxonomy":"product_brand","embeddable":true,"href":"https:\/\/myspainfood.com\/it\/wp-json\/wp\/v2\/product_brand?post=40410"},{"taxonomy":"product_cat","embeddable":true,"href":"https:\/\/myspainfood.com\/it\/wp-json\/wp\/v2\/product_cat?post=40410"},{"taxonomy":"product_tag","embeddable":true,"href":"https:\/\/myspainfood.com\/it\/wp-json\/wp\/v2\/product_tag?post=40410"}],"curies":[{"name":"wp","href":"https:\/\/api.w.org\/{rel}","templated":true}]}}