{"id":40499,"date":"2025-04-10T12:12:57","date_gmt":"2025-04-10T10:12:57","guid":{"rendered":"https:\/\/myspainfood.com\/producto\/marmellata-di-fragole-la-vieja-fabrica-diet-280-g\/"},"modified":"2025-09-02T10:53:20","modified_gmt":"2025-09-02T08:53:20","slug":"marmellata-di-fragole-la-vieja-fabrica-diet-280-g","status":"publish","type":"product","link":"https:\/\/myspainfood.com\/it\/producto\/marmellata-di-fragole-la-vieja-fabrica-diet-280-g\/","title":{"rendered":"Marmellata di fragole La Vieja F\u00e1brica DIET 280 g"},"content":{"rendered":"<p>La Marmellata di fragole dietetica di La Vieja F\u00e1brica \u00e8 un&#8217;opzione deliziosa e salutare per coloro che desiderano assaporare il gusto autentico delle fragole senza aggiungere zuccheri raffinati. Questa marmellata dietetica \u00e8 realizzata con ingredienti naturali e dolcificanti a basso contenuto calorico, offrendo un&#8217;alternativa perfetta per coloro che tengono sotto controllo l&#8217;apporto calorico e glicemico. <\/p>\n<p><span class=\"info-key \"><strong>Nome del prodotto alimentare<\/strong>:<\/span> Marmellata di fragole dietetica<\/p>\n<p><span class=\"info-key \"><strong>Nome dell&#8217;operatore<\/strong>:<\/span> \u00c1ngel Camacho Alimentaci\u00f3n, S.L.<\/p>\n<p><span class=\"info-key \"><strong>Indirizzo dell&#8217;operatore<\/strong>:<\/span> Avda. del Pilar, 6 - 41530 Mor\u00f3n de la Frontera (Sevilla)<\/p>\n<p><strong><span class=\"info-key \">Luogo di origine dell&#8217;alimento:<\/span><\/strong> Prodotto della Spagna<\/p>\n<p><strong><span class=\"info-key \">Quantit\u00e0 netta:<\/span><\/strong> 280 g<\/p>\n<p><strong><span class=\"info-key \">Altre informazioni obbligatorie sull&#8217;etichetta:<\/span><\/strong> Adatto ai diabetici. Realizzato con 55 g di fragole per 100 g. <\/p>\n<p><strong>Contenuto totale di zucchero<\/strong> 42 g per 100 g.<\/p>\n","protected":false},"excerpt":{"rendered":"<p>La Marmellata di fragole dietetica di La Vieja F\u00e1brica \u00e8 un&#8217;opzione deliziosa e salutare per coloro che desiderano assaporare il gusto autentico delle fragole senza aggiungere zuccheri raffinati. Questa marmellata dietetica \u00e8 realizzata con ingredienti naturali e dolcificanti a basso contenuto calorico, offrendo un&#8217;alternativa perfetta per coloro che tengono sotto controllo l&#8217;apporto calorico e glicemico. [&hellip;]<\/p>\n","protected":false},"featured_media":14393,"template":"","meta":{"_et_pb_use_builder":"","_et_pb_old_content":"","_et_gb_content_width":""},"product_brand":[1460],"product_cat":[1959],"product_tag":[],"class_list":{"0":"post-40499","1":"product","2":"type-product","3":"status-publish","4":"has-post-thumbnail","6":"product_brand-la-vieja-fabrica","7":"product_cat-conserve","9":"first","10":"outofstock","11":"taxable","12":"shipping-taxable","13":"product-type-variable"},"_links":{"self":[{"href":"https:\/\/myspainfood.com\/it\/wp-json\/wp\/v2\/product\/40499","targetHints":{"allow":["GET"]}}],"collection":[{"href":"https:\/\/myspainfood.com\/it\/wp-json\/wp\/v2\/product"}],"about":[{"href":"https:\/\/myspainfood.com\/it\/wp-json\/wp\/v2\/types\/product"}],"wp:featuredmedia":[{"embeddable":true,"href":"https:\/\/myspainfood.com\/it\/wp-json\/wp\/v2\/media\/14393"}],"wp:attachment":[{"href":"https:\/\/myspainfood.com\/it\/wp-json\/wp\/v2\/media?parent=40499"}],"wp:term":[{"taxonomy":"product_brand","embeddable":true,"href":"https:\/\/myspainfood.com\/it\/wp-json\/wp\/v2\/product_brand?post=40499"},{"taxonomy":"product_cat","embeddable":true,"href":"https:\/\/myspainfood.com\/it\/wp-json\/wp\/v2\/product_cat?post=40499"},{"taxonomy":"product_tag","embeddable":true,"href":"https:\/\/myspainfood.com\/it\/wp-json\/wp\/v2\/product_tag?post=40499"}],"curies":[{"name":"wp","href":"https:\/\/api.w.org\/{rel}","templated":true}]}}