{"id":40872,"date":"2025-04-10T12:14:06","date_gmt":"2025-04-10T10:14:06","guid":{"rendered":"https:\/\/myspainfood.com\/producto\/a-inigo-garbanzos-de-primera-3-kg\/"},"modified":"2025-04-10T12:14:06","modified_gmt":"2025-04-10T10:14:06","slug":"a-inigo-garbanzos-de-primera-3-kg","status":"publish","type":"product","link":"https:\/\/myspainfood.com\/it\/producto\/a-inigo-garbanzos-de-primera-3-kg\/","title":{"rendered":"A. I\u00f1igo Garbanzos de Primera 3 kg"},"content":{"rendered":"<p>Scopra i <strong>Ceci di Primera A. I\u00f1igo. I\u00f1igo<\/strong>, selezionati meticolosamente per offrirle la migliore qualit\u00e0 e il miglior sapore in ogni chicco. Questi ceci di prima qualit\u00e0 sono l&#8217;ingrediente perfetto per elevare i suoi piatti, offrendo una consistenza morbida e cremosa che si adatta a un&#8217;ampia variet\u00e0 di ricette. <\/p>\n<p><strong>Vantaggi:<\/strong><\/p>\n<ul>\n<li><strong>Nutriente:<\/strong> contiene molte fibre e proteine, essenziali per una dieta sana ed equilibrata.<\/li>\n<li><strong>Energetici:<\/strong> forniscono energia e saziet\u00e0 e sono ideali per qualsiasi pasto della giornata.<\/li>\n<li><strong>Sano:<\/strong> senza additivi e conservanti, sono una scelta naturale e sana per tutta la famiglia.<\/li>\n<li><strong>Versatilit\u00e0 in cucina:<\/strong> si adattano ad un&#8217;ampia variet\u00e0 di ricette, sia tradizionali che moderne, permettendole di creare piatti deliziosi e nutrienti.<\/li>\n<\/ul>\n<p><strong>Raccomandazioni per l&#8217;uso:<\/strong><\/p>\n<ul>\n<li><strong>Insalate:<\/strong> le aggiunga alle sue insalate per un tocco di consistenza e nutrizione.<\/li>\n<li><strong>Stufati e zuppe:<\/strong> perfetto per arricchire stufati di carne, pollame o verdure, nonch\u00e9 zuppe confortanti.<\/li>\n<li><strong>Hummus:<\/strong> li usi per preparare l&#8217;hummus fatto in casa, aggiungendo tahini, limone, aglio e olio d&#8217;oliva.<\/li>\n<li><strong>Piatti tradizionali:<\/strong> ideale per stufati, casseruole e altre ricette tradizionali spagnole.<\/li>\n<\/ul>\n<p><strong>Conservazione:<\/strong><\/p>\n<ul>\n<li>Conservi in un luogo fresco e asciutto.<\/li>\n<li>Tenga il contenitore ben chiuso per preservarne la freschezza.<\/li>\n<\/ul>\n","protected":false},"excerpt":{"rendered":"<p>Scopra i Ceci di Primera A. I\u00f1igo. I\u00f1igo, selezionati meticolosamente per offrirle la migliore qualit\u00e0 e il miglior sapore in ogni chicco. Questi ceci di prima qualit\u00e0 sono l&#8217;ingrediente perfetto per elevare i suoi piatti, offrendo una consistenza morbida e cremosa che si adatta a un&#8217;ampia variet\u00e0 di ricette. Vantaggi: Nutriente: contiene molte fibre e [&hellip;]<\/p>\n","protected":false},"featured_media":14807,"template":"","meta":{"_et_pb_use_builder":"","_et_pb_old_content":"","_et_gb_content_width":""},"product_brand":[1461],"product_cat":[8045],"product_tag":[],"class_list":{"0":"post-40872","1":"product","2":"type-product","3":"status-publish","4":"has-post-thumbnail","6":"product_brand-a-inigo","7":"product_cat-categoria-di-test","9":"first","10":"outofstock","11":"taxable","12":"shipping-taxable","13":"product-type-variable"},"_links":{"self":[{"href":"https:\/\/myspainfood.com\/it\/wp-json\/wp\/v2\/product\/40872","targetHints":{"allow":["GET"]}}],"collection":[{"href":"https:\/\/myspainfood.com\/it\/wp-json\/wp\/v2\/product"}],"about":[{"href":"https:\/\/myspainfood.com\/it\/wp-json\/wp\/v2\/types\/product"}],"wp:featuredmedia":[{"embeddable":true,"href":"https:\/\/myspainfood.com\/it\/wp-json\/wp\/v2\/media\/14807"}],"wp:attachment":[{"href":"https:\/\/myspainfood.com\/it\/wp-json\/wp\/v2\/media?parent=40872"}],"wp:term":[{"taxonomy":"product_brand","embeddable":true,"href":"https:\/\/myspainfood.com\/it\/wp-json\/wp\/v2\/product_brand?post=40872"},{"taxonomy":"product_cat","embeddable":true,"href":"https:\/\/myspainfood.com\/it\/wp-json\/wp\/v2\/product_cat?post=40872"},{"taxonomy":"product_tag","embeddable":true,"href":"https:\/\/myspainfood.com\/it\/wp-json\/wp\/v2\/product_tag?post=40872"}],"curies":[{"name":"wp","href":"https:\/\/api.w.org\/{rel}","templated":true}]}}