{"id":40963,"date":"2025-04-10T12:14:06","date_gmt":"2025-04-10T10:14:06","guid":{"rendered":"https:\/\/myspainfood.com\/producto\/sofrito-a-inigo\/"},"modified":"2025-04-10T12:14:06","modified_gmt":"2025-04-10T10:14:06","slug":"sofrito-a-inigo","status":"publish","type":"product","link":"https:\/\/myspainfood.com\/it\/producto\/sofrito-a-inigo\/","title":{"rendered":"Sofrito A.I\u00f1igo -"},"content":{"rendered":"<article class=\"4ever-article\" data-clipboard-cangjie=\"[\"root\",{\"copyFrom\":33891801},[\"p\",{\"jc\":\"left\",\"ind\":{},\"spacing\":{}},[\"span\",{\"data-type\":\"text\"},[\"span\",{\"data-type\":\"leaf\"},\"El \"],[\"span\",{\"bold\":true,\"data-type\":\"leaf\"},\"Sofrito A. I\u00f1igo\"],[\"span\",{\"data-type\":\"leaf\"},\" es un aut\u00e9ntico tesoro de la cocina tradicional espa\u00f1ola, elaborado con ingredientes frescos y seleccionados cuidadosamente para brindar el sabor casero que transforma cualquier plato. Este sofrito es la base perfecta para una infinidad de recetas, aportando un toque especial a cada bocado.\"]]],[\"p\",{\"jc\":\"left\",\"ind\":{},\"spacing\":{}},[\"span\",{\"data-type\":\"text\"},[\"span\",{\"data-type\":\"leaf\"},\"\"]]],[\"p\",{\"jc\":\"left\",\"ind\":{},\"spacing\":{}},[\"span\",{\"data-type\":\"text\"},[\"span\",{\"bold\":true,\"data-type\":\"leaf\"},\"Beneficios:\"]]],[\"p\",{\"list\":{\"listId\":\"2nmuyaj4lsn\",\"isOrdered\":false,\"level\":0},\"jc\":\"left\",\"spacing\":{}},[\"span\",{\"data-type\":\"text\"},[\"span\",{\"bold\":true,\"data-type\":\"leaf\"},\"Ahorra Tiempo:\"],[\"span\",{\"data-type\":\"leaf\"},\" Perfecto para quienes buscan la autenticidad del sofrito casero sin invertir horas en la cocina.\"]]],[\"p\",{\"list\":{\"listId\":\"2nmuyaj4lsn\",\"isOrdered\":false,\"level\":0},\"jc\":\"left\",\"spacing\":{}},[\"span\",{\"data-type\":\"text\"},[\"span\",{\"bold\":true,\"data-type\":\"leaf\"},\"Sabor Aut\u00e9ntico:\"],[\"span\",{\"data-type\":\"leaf\"},\" Reproduce fielmente el sofrito tradicional espa\u00f1ol, ofreciendo una base rica y sabrosa para cualquier receta.\"]]],[\"p\",{\"list\":{\"listId\":\"2nmuyaj4lsn\",\"isOrdered\":false,\"level\":0},\"jc\":\"left\",\"spacing\":{}},[\"span\",{\"data-type\":\"text\"},[\"span\",{\"bold\":true,\"data-type\":\"leaf\"},\"Saludable:\"],[\"span\",{\"data-type\":\"leaf\"},\" Hecho con ingredientes naturales y aceite de oliva extra virgen, aportando beneficios para la salud sin comprometer el sabor.\"]]],[\"p\",{\"jc\":\"left\",\"ind\":{},\"spacing\":{}},[\"span\",{\"data-type\":\"text\"},[\"span\",{\"data-type\":\"leaf\"},\"\"]]],[\"p\",{\"jc\":\"left\",\"ind\":{},\"spacing\":{}},[\"span\",{\"data-type\":\"text\"},[\"span\",{\"bold\":true,\"data-type\":\"leaf\"},\"Recomendaciones de Uso:\"]]],[\"p\",{\"list\":{\"listId\":\"yih4f0o7c2\",\"isOrdered\":false,\"level\":0},\"jc\":\"left\",\"spacing\":{}},[\"span\",{\"data-type\":\"text\"},[\"span\",{\"bold\":true,\"data-type\":\"leaf\"},\"Guisos:\"],[\"span\",{\"data-type\":\"leaf\"},\" A\u00f1\u00e1delo a tus guisos de carne, pollo o pescado para realzar su sabor y conseguir un plato m\u00e1s jugoso y sabroso.\"]]],[\"p\",{\"list\":{\"listId\":\"yih4f0o7c2\",\"isOrdered\":false,\"level\":0},\"jc\":\"left\",\"spacing\":{}},[\"span\",{\"data-type\":\"text\"},[\"span\",{\"bold\":true,\"data-type\":\"leaf\"},\"Arroces:\"],[\"span\",{\"data-type\":\"leaf\"},\" Util\u00edzalo como base para paellas y arroces caldosos, aportando el sabor y color caracter\u00edsticos de la cocina espa\u00f1ola.\"]]],[\"p\",{\"list\":{\"listId\":\"yih4f0o7c2\",\"isOrdered\":false,\"level\":0},\"jc\":\"left\",\"spacing\":{}},[\"span\",{\"data-type\":\"text\"},[\"span\",{\"bold\":true,\"data-type\":\"leaf\"},\"Pastas:\"],[\"span\",{\"data-type\":\"leaf\"},\" M\u00e9zclalo con pasta cocida y un poco de queso parmesano para un plato r\u00e1pido y delicioso.\"]]],[\"p\",{\"list\":{\"listId\":\"yih4f0o7c2\",\"isOrdered\":false,\"level\":0},\"jc\":\"left\",\"spacing\":{}},[\"span\",{\"data-type\":\"text\"},[\"span\",{\"bold\":true,\"data-type\":\"leaf\"},\"Salsas:\"],[\"span\",{\"data-type\":\"leaf\"},\" Ideal para preparar salsas de tomate caseras, simplemente a\u00f1adiendo unos pocos ingredientes adicionales seg\u00fan tu preferencia.\"]]],[\"p\",{\"jc\":\"left\",\"ind\":{},\"spacing\":{}},[\"span\",{\"data-type\":\"text\"},[\"span\",{\"data-type\":\"leaf\"},\"\"]]],[\"p\",{\"jc\":\"left\",\"ind\":{},\"spacing\":{}},[\"span\",{\"data-type\":\"text\"},[\"span\",{\"bold\":true,\"data-type\":\"leaf\"},\"Conservaci\u00f3n:\"]]],[\"p\",{\"list\":{\"listId\":\"xul99lc6zvi\",\"isOrdered\":false,\"level\":0},\"jc\":\"left\",\"spacing\":{}},[\"span\",{\"data-type\":\"text\"},[\"span\",{\"data-type\":\"leaf\"},\"Almacenar en un lugar fresco y seco.\"]]],[\"p\",{\"list\":{\"listId\":\"xul99lc6zvi\",\"isOrdered\":false,\"level\":0},\"jc\":\"left\",\"spacing\":{}},[\"span\",{\"data-type\":\"text\"},[\"span\",{\"data-type\":\"leaf\"},\"Una vez abierto, mantener refrigerado y consumir en los pr\u00f3ximos 3-4 d\u00edas.\"]]]]\">Il <strong>Sofrito di A. I\u00f1igo<\/strong> \u00e8 una base culinaria artigianale che arricchisce qualsiasi ricetta con ingredienti freschi e accuratamente selezionati. Ideale per chi cerca l&#8217;autenticit\u00e0 in ogni piatto, questo sofrito, realizzato con pomodori maturi, cipolla e aglio, garantisce un sapore equilibrato che eleva stufati, piatti di riso, pasta e altro ancora. La qualit\u00e0 di A. I\u00f1igo \u00e8 rinomata nel settore conserviero e apporta un tocco casalingo e naturale alle sue preparazioni quotidiane.  <\/p>\n<p>Perfetto per gli acquirenti che apprezzano i prodotti di qualit\u00e0 e la tradizione, il <strong>sofrito A. I\u00f1igo<\/strong> si adatta a qualsiasi cucina che cerca la praticit\u00e0 senza sacrificare il sapore. Con ogni vasetto, risparmia tempo e si assicura un sofrito che mantiene la sua freschezza e il suo sapore autentico, ideale sia per piatti semplici che per piatti gourmet. Per chi \u00e8 alla ricerca di prodotti artigianali, visiti la nostra <a href=\"https:\/\/latiendadesami.com\/categoria-producto\/conservas\/\" target=\"_new\" rel=\"noopener noreferrer nofollow\" target=\"_blank\">sezione conserve <\/a>e trovi la combinazione perfetta di ingredienti che esalta il meglio della cucina tradizionale.  <\/p>\n<p>Per ulteriori ispirazioni su come utilizzare il <strong>sofrito A. I\u00f1igo<\/strong> nelle sue ricette e per conoscere altri prodotti di qualit\u00e0, consulti siti di riferimento come l&#8217;<a href=\"https:\/\/academiadegastronomia.org\" target=\"_new\" rel=\"noopener noreferrer nofollow\" target=\"_blank\">Accademia Spagnola di Gastronomia<\/a>.<\/p>\n<\/article>\n","protected":false},"excerpt":{"rendered":"<p>Il Sofrito di A. I\u00f1igo \u00e8 una base culinaria artigianale che arricchisce qualsiasi ricetta con ingredienti freschi e accuratamente selezionati. Ideale per chi cerca l&#8217;autenticit\u00e0 in ogni piatto, questo sofrito, realizzato con pomodori maturi, cipolla e aglio, garantisce un sapore equilibrato che eleva stufati, piatti di riso, pasta e altro ancora. La qualit\u00e0 di A. [&hellip;]<\/p>\n","protected":false},"featured_media":14753,"template":"","meta":{"_et_pb_use_builder":"","_et_pb_old_content":"","_et_gb_content_width":""},"product_brand":[1461],"product_cat":[1959],"product_tag":[],"class_list":{"0":"post-40963","1":"product","2":"type-product","3":"status-publish","4":"has-post-thumbnail","6":"product_brand-a-inigo","7":"product_cat-conserve","9":"first","10":"outofstock","11":"taxable","12":"shipping-taxable","13":"product-type-variable"},"_links":{"self":[{"href":"https:\/\/myspainfood.com\/it\/wp-json\/wp\/v2\/product\/40963","targetHints":{"allow":["GET"]}}],"collection":[{"href":"https:\/\/myspainfood.com\/it\/wp-json\/wp\/v2\/product"}],"about":[{"href":"https:\/\/myspainfood.com\/it\/wp-json\/wp\/v2\/types\/product"}],"wp:featuredmedia":[{"embeddable":true,"href":"https:\/\/myspainfood.com\/it\/wp-json\/wp\/v2\/media\/14753"}],"wp:attachment":[{"href":"https:\/\/myspainfood.com\/it\/wp-json\/wp\/v2\/media?parent=40963"}],"wp:term":[{"taxonomy":"product_brand","embeddable":true,"href":"https:\/\/myspainfood.com\/it\/wp-json\/wp\/v2\/product_brand?post=40963"},{"taxonomy":"product_cat","embeddable":true,"href":"https:\/\/myspainfood.com\/it\/wp-json\/wp\/v2\/product_cat?post=40963"},{"taxonomy":"product_tag","embeddable":true,"href":"https:\/\/myspainfood.com\/it\/wp-json\/wp\/v2\/product_tag?post=40963"}],"curies":[{"name":"wp","href":"https:\/\/api.w.org\/{rel}","templated":true}]}}