{"id":41089,"date":"2025-04-10T12:14:06","date_gmt":"2025-04-10T10:14:06","guid":{"rendered":"https:\/\/myspainfood.com\/producto\/pochas-blancas-de-navarra-a-inigo-sapore-autentico-tradizionale-660-gr\/"},"modified":"2025-09-02T10:53:44","modified_gmt":"2025-09-02T08:53:44","slug":"pochas-blancas-de-navarra-a-inigo-sapore-autentico-tradizionale-660-gr","status":"publish","type":"product","link":"https:\/\/myspainfood.com\/it\/producto\/pochas-blancas-de-navarra-a-inigo-sapore-autentico-tradizionale-660-gr\/","title":{"rendered":"Pochas Blancas de Navarra A. I\u00f1igo - Sapore autentico tradizionale 660 gr"},"content":{"rendered":"<p>Le Pochas Blancas di A. I\u00f1igo sono una prelibatezza tradizionale della regione Navarra, nota per la sua qualit\u00e0 e il suo sapore eccezionali. Questi fagioli freschi vengono raccolti al punto ottimale di maturazione e confezionati con cura per preservarne tutta la freschezza e i nutrienti. <\/p>\n<ul>\n<li><strong>Origine:<\/strong> Navarra, Spagna<\/li>\n<li><strong>Tipo di fagiolo:<\/strong> Fagioli bianchi<\/li>\n<li><strong>Presentazione:<\/strong> Contenitore di vetro<\/li>\n<li><strong>Ingredienti:<\/strong> Fagioli bianchi di rene, acqua, sale, sale.<\/li>\n<li><strong>Conservazione:<\/strong> Conservare in un luogo fresco e asciutto.<\/li>\n<li><strong>Usi consigliati:<\/strong> Ideale per stufati, insalate e piatti tradizionali della Navarra e del Mediterraneo.<\/li>\n<\/ul>\n<p>I fagioli bianchi di A. I\u00f1igo si distinguono per la loro morbidezza e il loro sapore delicato, che si integra perfettamente con altri ingredienti in zuppe, stufati e insalate. La loro consistenza tenera e la buccia sottile li rendono particolarmente apprezzati dai buongustai e dagli appassionati di cucina tradizionale. <\/p>\n","protected":false},"excerpt":{"rendered":"<p>Le Pochas Blancas di A. I\u00f1igo sono una prelibatezza tradizionale della regione Navarra, nota per la sua qualit\u00e0 e il suo sapore eccezionali. Questi fagioli freschi vengono raccolti al punto ottimale di maturazione e confezionati con cura per preservarne tutta la freschezza e i nutrienti. Origine: Navarra, Spagna Tipo di fagiolo: Fagioli bianchi Presentazione: Contenitore [&hellip;]<\/p>\n","protected":false},"featured_media":14681,"template":"","meta":{"_et_pb_use_builder":"","_et_pb_old_content":"","_et_gb_content_width":""},"product_brand":[1461],"product_cat":[3743],"product_tag":[],"class_list":{"0":"post-41089","1":"product","2":"type-product","3":"status-publish","4":"has-post-thumbnail","6":"product_brand-a-inigo","7":"product_cat-conserve-it-3","9":"first","10":"outofstock","11":"taxable","12":"shipping-taxable","13":"purchasable","14":"product-type-variable"},"_links":{"self":[{"href":"https:\/\/myspainfood.com\/it\/wp-json\/wp\/v2\/product\/41089","targetHints":{"allow":["GET"]}}],"collection":[{"href":"https:\/\/myspainfood.com\/it\/wp-json\/wp\/v2\/product"}],"about":[{"href":"https:\/\/myspainfood.com\/it\/wp-json\/wp\/v2\/types\/product"}],"wp:featuredmedia":[{"embeddable":true,"href":"https:\/\/myspainfood.com\/it\/wp-json\/wp\/v2\/media\/14681"}],"wp:attachment":[{"href":"https:\/\/myspainfood.com\/it\/wp-json\/wp\/v2\/media?parent=41089"}],"wp:term":[{"taxonomy":"product_brand","embeddable":true,"href":"https:\/\/myspainfood.com\/it\/wp-json\/wp\/v2\/product_brand?post=41089"},{"taxonomy":"product_cat","embeddable":true,"href":"https:\/\/myspainfood.com\/it\/wp-json\/wp\/v2\/product_cat?post=41089"},{"taxonomy":"product_tag","embeddable":true,"href":"https:\/\/myspainfood.com\/it\/wp-json\/wp\/v2\/product_tag?post=41089"}],"curies":[{"name":"wp","href":"https:\/\/api.w.org\/{rel}","templated":true}]}}