{"id":41753,"date":"2025-04-10T12:12:29","date_gmt":"2025-04-10T10:12:29","guid":{"rendered":"https:\/\/myspainfood.com\/producto\/marmellata-di-pesche-la-vieja-fabrica-diet-280-g\/"},"modified":"2025-04-10T12:12:29","modified_gmt":"2025-04-10T10:12:29","slug":"marmellata-di-pesche-la-vieja-fabrica-diet-280-g","status":"publish","type":"product","link":"https:\/\/myspainfood.com\/it\/producto\/marmellata-di-pesche-la-vieja-fabrica-diet-280-g\/","title":{"rendered":"Marmellata di pesche La Vieja F\u00e1brica DIET 280 g"},"content":{"rendered":"<p>La confettura di pesche dietetica di La Vieja F\u00e1brica \u00e8 un&#8217;opzione deliziosa per chi desidera gustare il sapore autentico della frutta senza aggiungere calorie inutili alla propria dieta. Questa marmellata, preparata con pesche selezionate e seguendo le tradizionali ricette artigianali de La Vieja F\u00e1brica, offre un sapore fresco e naturale. <\/p>\n<p><strong>Origine<\/strong>: Spagna Produttore: \u00c1ngel Camacho Alimentaci\u00f3n, S.L.<\/p>\n<p><strong>Indirizzo del produttore<\/strong>: Avda. del Pilar, 6 - 41530 Mor\u00f3n de la Frontera (Sevilla)<\/p>\n<p> <strong> Origine<\/strong>: Prodotto della Spagna<\/p>\n<p><strong>Peso netto<\/strong>: 280 g<\/p>\n<p><strong>Ulteriori informazioni obbligatorie sull&#8217;etichetta<\/strong>: Contiene 55 g di pesca per 100 g.<\/p>\n<p><strong>Zuccheri totali<\/strong>: 42 g per 100 g.<\/p>\n","protected":false},"excerpt":{"rendered":"<p>La confettura di pesche dietetica di La Vieja F\u00e1brica \u00e8 un&#8217;opzione deliziosa per chi desidera gustare il sapore autentico della frutta senza aggiungere calorie inutili alla propria dieta. Questa marmellata, preparata con pesche selezionate e seguendo le tradizionali ricette artigianali de La Vieja F\u00e1brica, offre un sapore fresco e naturale. Origine: Spagna Produttore: \u00c1ngel Camacho [&hellip;]<\/p>\n","protected":false},"featured_media":14258,"template":"","meta":{"_et_pb_use_builder":"","_et_pb_old_content":"","_et_gb_content_width":""},"product_brand":[1460],"product_cat":[1959],"product_tag":[],"class_list":{"0":"post-41753","1":"product","2":"type-product","3":"status-publish","4":"has-post-thumbnail","6":"product_brand-la-vieja-fabrica","7":"product_cat-conserve","9":"first","10":"outofstock","11":"taxable","12":"shipping-taxable","13":"product-type-variable"},"_links":{"self":[{"href":"https:\/\/myspainfood.com\/it\/wp-json\/wp\/v2\/product\/41753","targetHints":{"allow":["GET"]}}],"collection":[{"href":"https:\/\/myspainfood.com\/it\/wp-json\/wp\/v2\/product"}],"about":[{"href":"https:\/\/myspainfood.com\/it\/wp-json\/wp\/v2\/types\/product"}],"wp:featuredmedia":[{"embeddable":true,"href":"https:\/\/myspainfood.com\/it\/wp-json\/wp\/v2\/media\/14258"}],"wp:attachment":[{"href":"https:\/\/myspainfood.com\/it\/wp-json\/wp\/v2\/media?parent=41753"}],"wp:term":[{"taxonomy":"product_brand","embeddable":true,"href":"https:\/\/myspainfood.com\/it\/wp-json\/wp\/v2\/product_brand?post=41753"},{"taxonomy":"product_cat","embeddable":true,"href":"https:\/\/myspainfood.com\/it\/wp-json\/wp\/v2\/product_cat?post=41753"},{"taxonomy":"product_tag","embeddable":true,"href":"https:\/\/myspainfood.com\/it\/wp-json\/wp\/v2\/product_tag?post=41753"}],"curies":[{"name":"wp","href":"https:\/\/api.w.org\/{rel}","templated":true}]}}