{"id":42228,"date":"2025-04-10T12:11:27","date_gmt":"2025-04-10T10:11:27","guid":{"rendered":"https:\/\/myspainfood.com\/producto\/sacchetto-di-assortimento-400-grammi-la-ponderosa\/"},"modified":"2025-04-10T12:11:27","modified_gmt":"2025-04-10T10:11:27","slug":"sacchetto-di-assortimento-400-grammi-la-ponderosa","status":"publish","type":"product","link":"https:\/\/myspainfood.com\/it\/producto\/sacchetto-di-assortimento-400-grammi-la-ponderosa\/","title":{"rendered":"Sacchetto di assortimento 400 grammi La Ponderosa"},"content":{"rendered":"<p>Descrizione<\/p>\n<p>In questo assortimento di minisacchetti da 400 gr. trover\u00e0 i prodotti natalizi pi\u00f9 tradizionali. In un unico prodotto trover\u00e0 una selezione di: <\/p>\n<p>- Ciambelle al vino e mandorle. La versione mini della nostra squisita ciambella al vino. Di forma rotonda, con un foro al centro, realizzata con vino dolce, mandorle, semi di sesamo e zucchero a velo.  <\/p>\n<p>- Polvoroncitos de almendra. Che Natale sarebbe senza i tradizionali polvoronones? Anche se pi\u00f9 piccoli di quelli originali, i nostri polvoroncitos mantengono il caratteristico sapore di mandorla.  <\/p>\n<p>- Pasta frolla alla cannella. Il re del Natale insieme al polvor\u00f3n. La versione mini del nostro mantecado \u00e8 realizzata con gli stessi ingredienti: burro, farina, mandorle macinate, semi di sesamo e cannella.  <\/p>\n<p>Ingredienti<\/p>\n<p>Mini burro alla cannella: farina di frumento, zucchero, strutto iberico (antiossidante: E-320), cannella (1%) e semi di sesamo. Pu\u00f2 contenere tracce di noci, arachidi e solfiti. <\/p>\n<p>Mini polvor\u00f3n alle mandorle: farina di frumento, zucchero, strutto iberico (antiossidante: E-320), mandorle (8%), cannella, chiodi di garofano e aroma di limone. Pu\u00f2 contenere tracce di arachidi, sesamo e solfiti. <\/p>\n<p>Mini ciambella al vino e mandorle: farina di frumento, strutto iberico (antiossidante: E-320), zucchero, vino (contiene solfiti) (12%), mandorle (5%), anice, cannella, semi di sesamo, aroma di anice e aroma di limone. Pu\u00f2 contenere tracce di arachidi. <\/p>\n<p>Allergeni<\/p>\n<p>Contiene glutine, noci, sesamo e solfiti. Pu\u00f2 contenere tracce di arachidi. <\/p>\n","protected":false},"excerpt":{"rendered":"<p>Descrizione In questo assortimento di minisacchetti da 400 gr. trover\u00e0 i prodotti natalizi pi\u00f9 tradizionali. In un unico prodotto trover\u00e0 una selezione di: - Ciambelle al vino e mandorle. La versione mini della nostra squisita ciambella al vino. Di forma rotonda, con un foro al centro, realizzata con vino dolce, mandorle, semi di sesamo e [&hellip;]<\/p>\n","protected":false},"featured_media":13790,"template":"","meta":{"_et_pb_use_builder":"","_et_pb_old_content":"","_et_gb_content_width":""},"product_brand":[1417],"product_cat":[1959,7733],"product_tag":[],"class_list":{"0":"post-42228","1":"product","2":"type-product","3":"status-publish","4":"has-post-thumbnail","6":"product_brand-la-ponderosa","7":"product_cat-conserve","8":"product_cat-speciale-natale","10":"first","11":"outofstock","12":"taxable","13":"shipping-taxable","14":"product-type-variable"},"_links":{"self":[{"href":"https:\/\/myspainfood.com\/it\/wp-json\/wp\/v2\/product\/42228","targetHints":{"allow":["GET"]}}],"collection":[{"href":"https:\/\/myspainfood.com\/it\/wp-json\/wp\/v2\/product"}],"about":[{"href":"https:\/\/myspainfood.com\/it\/wp-json\/wp\/v2\/types\/product"}],"wp:featuredmedia":[{"embeddable":true,"href":"https:\/\/myspainfood.com\/it\/wp-json\/wp\/v2\/media\/13790"}],"wp:attachment":[{"href":"https:\/\/myspainfood.com\/it\/wp-json\/wp\/v2\/media?parent=42228"}],"wp:term":[{"taxonomy":"product_brand","embeddable":true,"href":"https:\/\/myspainfood.com\/it\/wp-json\/wp\/v2\/product_brand?post=42228"},{"taxonomy":"product_cat","embeddable":true,"href":"https:\/\/myspainfood.com\/it\/wp-json\/wp\/v2\/product_cat?post=42228"},{"taxonomy":"product_tag","embeddable":true,"href":"https:\/\/myspainfood.com\/it\/wp-json\/wp\/v2\/product_tag?post=42228"}],"curies":[{"name":"wp","href":"https:\/\/api.w.org\/{rel}","templated":true}]}}