{"id":42459,"date":"2025-04-10T12:12:05","date_gmt":"2025-04-10T10:12:05","guid":{"rendered":"https:\/\/myspainfood.com\/producto\/senorio-de-nava-ribera-del-duero-2022-75-cl\/"},"modified":"2026-01-29T12:34:16","modified_gmt":"2026-01-29T11:34:16","slug":"senorio-de-nava-ribera-del-duero-2022-75-cl","status":"publish","type":"product","link":"https:\/\/myspainfood.com\/it\/producto\/senorio-de-nava-ribera-del-duero-2022-75-cl\/","title":{"rendered":"Se\u00f1or\u00edo De Nava Ribera Del Duero 2022 75 cl"},"content":{"rendered":"<p>Scopra il gusto autentico della Ribera del Duero con Se\u00f1or\u00edo De Nava! Questo prestigioso vino, con Denominaci\u00f3n de Origen Ribera del Duero, cattura l&#8217;essenza stessa di questa rinomata regione vinicola spagnola. <\/p>\n<p>Se\u00f1or\u00edo De Nava Ribera Del Duero \u00e8 il risultato di un&#8217;attenta selezione di uve Tempranillo, la variet\u00e0 emblematica della regione, coltivate in vigneti privilegiati bagnati dal sole della Valle del fiume Duero. Con una fermentazione controllata e un processo di invecchiamento meticoloso in botti di rovere, questo vino si distingue per il suo carattere complesso e l&#8217;eccezionale equilibrio. <\/p>\n<p>Al palato, mostra note intense di frutta matura, sottili sentori di rovere e una struttura ben definita che culmina in un finale lungo e soddisfacente. Se\u00f1or\u00edo De Nava Ribera Del Duero \u00e8 l&#8217;accompagnamento perfetto per le occasioni speciali, dalle cene eleganti agli incontri informali con gli amici. <\/p>\n<p>Si lasci sedurre dall&#8217;eleganza e dalla tradizione della Ribera del Duero ad ogni sorso di Se\u00f1or\u00edo De Nava. Si goda l&#8217;eccellenza enologica di una delle regioni vinicole pi\u00f9 importanti della Spagna e renda memorabile ogni occasione con questo vino squisito!  <\/p>\n","protected":false},"excerpt":{"rendered":"<p>Se\u00f1or\u00edo De Nava Ribera Del Duero \u00e8 il risultato di un&#8217;attenta selezione di uve Tempranillo, la variet\u00e0 emblematica della regione, coltivate in vigneti privilegiati bagnati dal sole della Valle del fiume Duero. Con una fermentazione controllata e un processo di invecchiamento meticoloso in botti di rovere, questo vino si distingue per il suo carattere complesso e l&#8217;eccezionale equilibrio. <\/p>\n","protected":false},"featured_media":14177,"template":"","meta":{"_et_pb_use_builder":"","_et_pb_old_content":"","_et_gb_content_width":""},"product_brand":[1224],"product_cat":[4867,4869],"product_tag":[],"class_list":{"0":"post-42459","1":"product","2":"type-product","3":"status-publish","4":"has-post-thumbnail","6":"product_brand-senorio-de-nava","7":"product_cat-bevande","8":"product_cat-vino-it","10":"first","11":"outofstock","12":"taxable","13":"shipping-taxable","14":"product-type-variable"},"_links":{"self":[{"href":"https:\/\/myspainfood.com\/it\/wp-json\/wp\/v2\/product\/42459","targetHints":{"allow":["GET"]}}],"collection":[{"href":"https:\/\/myspainfood.com\/it\/wp-json\/wp\/v2\/product"}],"about":[{"href":"https:\/\/myspainfood.com\/it\/wp-json\/wp\/v2\/types\/product"}],"wp:featuredmedia":[{"embeddable":true,"href":"https:\/\/myspainfood.com\/it\/wp-json\/wp\/v2\/media\/14177"}],"wp:attachment":[{"href":"https:\/\/myspainfood.com\/it\/wp-json\/wp\/v2\/media?parent=42459"}],"wp:term":[{"taxonomy":"product_brand","embeddable":true,"href":"https:\/\/myspainfood.com\/it\/wp-json\/wp\/v2\/product_brand?post=42459"},{"taxonomy":"product_cat","embeddable":true,"href":"https:\/\/myspainfood.com\/it\/wp-json\/wp\/v2\/product_cat?post=42459"},{"taxonomy":"product_tag","embeddable":true,"href":"https:\/\/myspainfood.com\/it\/wp-json\/wp\/v2\/product_tag?post=42459"}],"curies":[{"name":"wp","href":"https:\/\/api.w.org\/{rel}","templated":true}]}}