{"id":42850,"date":"2025-04-10T12:11:40","date_gmt":"2025-04-10T10:11:40","guid":{"rendered":"https:\/\/myspainfood.com\/producto\/sardine-in-olio-di-girasole-12-14-pezzi-111-g\/"},"modified":"2025-04-10T12:11:40","modified_gmt":"2025-04-10T10:11:40","slug":"sardine-in-olio-di-girasole-12-14-pezzi-111-g","status":"publish","type":"product","link":"https:\/\/myspainfood.com\/it\/producto\/sardine-in-olio-di-girasole-12-14-pezzi-111-g\/","title":{"rendered":"Sardine in olio di girasole 12\/14 pezzi 111 g"},"content":{"rendered":"<p>Scopra il gusto delizioso del mare con le nostre sardine premium in olio di girasole! Ogni boccone \u00e8 un&#8217;esplosione di freschezza e qualit\u00e0 che delizier\u00e0 il suo palato e la trasporter\u00e0 sulle coste pi\u00f9 esotiche. <\/p>\n<p>Le nostre sardine sono pescate con cura nelle acque pi\u00f9 pure e selezionate per garantire la loro freschezza e il loro sapore incomparabili. Immergendole in olio di girasole di prima qualit\u00e0, ne preserviamo la consistenza tenera e il sapore naturale, per rendere ogni boccone un&#8217;esperienza indimenticabile. <\/p>\n<p>Ricche di acidi grassi omega-3, vitamine e minerali essenziali, le nostre sardine in olio di girasole non sono solo deliziose, ma anche una scelta nutriente per la sua dieta quotidiana. Le utilizzi come ingrediente principale di insalate fresche, spuntini gourmet o semplicemente le assaggi direttamente dalla lattina. <\/p>\n<p>Sia che stia preparando una cena elegante o che cerchi uno spuntino sano da portare via, le nostre sardine in olio di girasole sono la scelta perfetta. Osi provarle e scopra perch\u00e9 sono il segreto meglio custodito da tutti i buongustai! <\/p>\n<p>Prenda oggi stesso la sua scatola di sardine in olio di girasole e aggiunga un tocco di sapore di mare ai suoi piatti preferiti!<\/p>\n","protected":false},"excerpt":{"rendered":"<p>Scopra il gusto delizioso del mare con le nostre sardine premium in olio di girasole! Ogni boccone \u00e8 un&#8217;esplosione di freschezza e qualit\u00e0 che delizier\u00e0 il suo palato e la trasporter\u00e0 sulle coste pi\u00f9 esotiche. <\/p>\n","protected":false},"featured_media":14132,"template":"","meta":{"_et_pb_use_builder":"","_et_pb_old_content":"","_et_gb_content_width":""},"product_brand":[1358],"product_cat":[1959,3782],"product_tag":[],"class_list":{"0":"post-42850","1":"product","2":"type-product","3":"status-publish","4":"has-post-thumbnail","6":"product_brand-areoso","7":"product_cat-conserve","8":"product_cat-sardinillas-it","10":"first","11":"outofstock","12":"taxable","13":"shipping-taxable","14":"product-type-simple"},"_links":{"self":[{"href":"https:\/\/myspainfood.com\/it\/wp-json\/wp\/v2\/product\/42850","targetHints":{"allow":["GET"]}}],"collection":[{"href":"https:\/\/myspainfood.com\/it\/wp-json\/wp\/v2\/product"}],"about":[{"href":"https:\/\/myspainfood.com\/it\/wp-json\/wp\/v2\/types\/product"}],"wp:featuredmedia":[{"embeddable":true,"href":"https:\/\/myspainfood.com\/it\/wp-json\/wp\/v2\/media\/14132"}],"wp:attachment":[{"href":"https:\/\/myspainfood.com\/it\/wp-json\/wp\/v2\/media?parent=42850"}],"wp:term":[{"taxonomy":"product_brand","embeddable":true,"href":"https:\/\/myspainfood.com\/it\/wp-json\/wp\/v2\/product_brand?post=42850"},{"taxonomy":"product_cat","embeddable":true,"href":"https:\/\/myspainfood.com\/it\/wp-json\/wp\/v2\/product_cat?post=42850"},{"taxonomy":"product_tag","embeddable":true,"href":"https:\/\/myspainfood.com\/it\/wp-json\/wp\/v2\/product_tag?post=42850"}],"curies":[{"name":"wp","href":"https:\/\/api.w.org\/{rel}","templated":true}]}}