{"id":43683,"date":"2025-04-10T12:05:33","date_gmt":"2025-04-10T10:05:33","guid":{"rendered":"https:\/\/myspainfood.com\/producto\/olive-machacamoya\/"},"modified":"2025-04-10T12:05:33","modified_gmt":"2025-04-10T10:05:33","slug":"olive-machacamoya","status":"publish","type":"product","link":"https:\/\/myspainfood.com\/it\/producto\/olive-machacamoya\/","title":{"rendered":"Olive Machacamoya"},"content":{"rendered":"<p>L&#8217;oliva Machacamoya si distingue per il suo tipico sapore amaro. Per i palati pi\u00f9 selezionati, \u00e8 un&#8217;oliva ovale, condita con aglio e paprika, erbe aromatiche e aceto. \u00c8 un&#8217;oliva molto popolare nei bar. Perfetta da abbinare a un vino spagnolo o a un bicchiere di birra.   <\/p>\n","protected":false},"excerpt":{"rendered":"<p>L&#8217;oliva Machacamoya si distingue per il suo tipico sapore amaro. Per i palati pi\u00f9 selezionati, \u00e8 un&#8217;oliva ovale, condita con aglio e paprika, erbe aromatiche e aceto. \u00c8 un&#8217;oliva molto popolare nei bar. Perfetta da abbinare a un vino spagnolo o a un bicchiere di birra.<\/p>\n","protected":false},"featured_media":7670,"template":"","meta":{"_et_pb_use_builder":"","_et_pb_old_content":"","_et_gb_content_width":""},"product_brand":[1057],"product_cat":[1563,1562],"product_tag":[8942],"class_list":{"0":"post-43683","1":"product","2":"type-product","3":"status-publish","4":"has-post-thumbnail","6":"product_brand-la-encajera","7":"product_cat-olive","8":"product_cat-sottaceti","9":"product_tag-machacamoya-it","11":"first","12":"outofstock","13":"taxable","14":"shipping-taxable","15":"product-type-variable"},"_links":{"self":[{"href":"https:\/\/myspainfood.com\/it\/wp-json\/wp\/v2\/product\/43683","targetHints":{"allow":["GET"]}}],"collection":[{"href":"https:\/\/myspainfood.com\/it\/wp-json\/wp\/v2\/product"}],"about":[{"href":"https:\/\/myspainfood.com\/it\/wp-json\/wp\/v2\/types\/product"}],"wp:featuredmedia":[{"embeddable":true,"href":"https:\/\/myspainfood.com\/it\/wp-json\/wp\/v2\/media\/7670"}],"wp:attachment":[{"href":"https:\/\/myspainfood.com\/it\/wp-json\/wp\/v2\/media?parent=43683"}],"wp:term":[{"taxonomy":"product_brand","embeddable":true,"href":"https:\/\/myspainfood.com\/it\/wp-json\/wp\/v2\/product_brand?post=43683"},{"taxonomy":"product_cat","embeddable":true,"href":"https:\/\/myspainfood.com\/it\/wp-json\/wp\/v2\/product_cat?post=43683"},{"taxonomy":"product_tag","embeddable":true,"href":"https:\/\/myspainfood.com\/it\/wp-json\/wp\/v2\/product_tag?post=43683"}],"curies":[{"name":"wp","href":"https:\/\/api.w.org\/{rel}","templated":true}]}}