{"id":44676,"date":"2025-04-10T12:11:42","date_gmt":"2025-04-10T10:11:42","guid":{"rendered":"https:\/\/myspainfood.com\/producto\/nabeel-nafisah-sweets-dolce-damasco-baklava-siria-150-g\/"},"modified":"2025-04-10T12:11:42","modified_gmt":"2025-04-10T10:11:42","slug":"nabeel-nafisah-sweets-dolce-damasco-baklava-siria-150-g","status":"publish","type":"product","link":"https:\/\/myspainfood.com\/it\/producto\/nabeel-nafisah-sweets-dolce-damasco-baklava-siria-150-g\/","title":{"rendered":"Nabeel Nafisah Sweets Dolce Damasco Baklava Siria 150 g"},"content":{"rendered":"","protected":false},"excerpt":{"rendered":"<p>Baklava, una pasta fillo stratificata, ripiena di noci tritate e ricoperta di ghee e sciroppo di zucchero. \u00c8 un dolce croccante, il pi\u00f9 popolare tra le popolazioni arabe e mediterranee. Si tratta di una combinazione di diverse variet\u00e0 di Baklava disposte e organizzate in uno speciale design orientale.  <\/p>\n","protected":false},"featured_media":13898,"template":"","meta":{"_et_pb_use_builder":"","_et_pb_old_content":"","_et_gb_content_width":""},"product_brand":[1453],"product_cat":[1959,7733],"product_tag":[],"class_list":{"0":"post-44676","1":"product","2":"type-product","3":"status-publish","4":"has-post-thumbnail","6":"product_brand-nabeel-nafisah","7":"product_cat-conserve","8":"product_cat-speciale-natale","10":"first","11":"outofstock","12":"taxable","13":"shipping-taxable","14":"purchasable","15":"product-type-simple"},"_links":{"self":[{"href":"https:\/\/myspainfood.com\/it\/wp-json\/wp\/v2\/product\/44676","targetHints":{"allow":["GET"]}}],"collection":[{"href":"https:\/\/myspainfood.com\/it\/wp-json\/wp\/v2\/product"}],"about":[{"href":"https:\/\/myspainfood.com\/it\/wp-json\/wp\/v2\/types\/product"}],"wp:featuredmedia":[{"embeddable":true,"href":"https:\/\/myspainfood.com\/it\/wp-json\/wp\/v2\/media\/13898"}],"wp:attachment":[{"href":"https:\/\/myspainfood.com\/it\/wp-json\/wp\/v2\/media?parent=44676"}],"wp:term":[{"taxonomy":"product_brand","embeddable":true,"href":"https:\/\/myspainfood.com\/it\/wp-json\/wp\/v2\/product_brand?post=44676"},{"taxonomy":"product_cat","embeddable":true,"href":"https:\/\/myspainfood.com\/it\/wp-json\/wp\/v2\/product_cat?post=44676"},{"taxonomy":"product_tag","embeddable":true,"href":"https:\/\/myspainfood.com\/it\/wp-json\/wp\/v2\/product_tag?post=44676"}],"curies":[{"name":"wp","href":"https:\/\/api.w.org\/{rel}","templated":true}]}}