{"id":45799,"date":"2025-04-10T12:11:14","date_gmt":"2025-04-10T10:11:14","guid":{"rendered":"https:\/\/myspainfood.com\/producto\/vermouth-cocktail-los-cantabros-025-lata-di-jairo-cuetao-imbottigliato-da-bodegas-igarmi\/"},"modified":"2026-01-29T12:55:30","modified_gmt":"2026-01-29T11:55:30","slug":"vermouth-cocktail-los-cantabros-025-lata-di-jairo-cuetao-imbottigliato-da-bodegas-igarmi","status":"publish","type":"product","link":"https:\/\/myspainfood.com\/it\/producto\/vermouth-cocktail-los-cantabros-025-lata-di-jairo-cuetao-imbottigliato-da-bodegas-igarmi\/","title":{"rendered":"Vermouth cocktail los C\u00e1ntabros 0,25 Lata di Jairo Cuetao imbottigliato da bodegas Igarmi"},"content":{"rendered":"<p>Verm\u00fa los C\u00e1ntabros \u00e8 un omaggio a tutti quegli uomini e quelle donne che hanno saputo preservare e diffondere la nostra cultura.<\/p>\n<p>Anche le nostre radici e tradizioni, accompagnate da fiere, feste, giochi e gastronomia, dal mare alle montagne della nostra amata Cantabria.<\/p>\n<p>Questo prodotto \u00e8 imbottigliato da Bodegas Igarmi.  <\/p>\n<p>Bodegas Igarmi \u00e8 il presente di una tradizione che, dal 1890, si caratterizza per la qualit\u00e0 e il servizio al cliente.<\/p>\n<p>Un&#8217;azienda familiare la cui passione e dedizione per il vino le ha permesso di imbottigliare e commercializzare vini con un rapporto qualit\u00e0-prezzo imbattibile, molto apprezzati dal mercato e dai consumatori.<\/p>\n<p>Bodegas Igarmi dispone di 3.000 m\u00b2 di strutture nella citt\u00e0 di Heras, con una capacit\u00e0 di stoccaggio di circa un milione di litri.<\/p>\n<p>\u00c8 anche la cantina pi\u00f9 grande della Cantabria.<\/p>\n<p>Si tratta di un grande team di oltre 30 persone impegnate a fornire al cliente il miglior prodotto e il miglior servizio per cui ci distinguiamo.<\/p>\n<p>Dispone di una flotta di 20 veicoli per la consegna e la distribuzione dei prodotti in tutta la Cantabria e nelle comunit\u00e0 limitrofe.<\/p>\n<p>Se desidera acquistare il Vermouth Los C\u00e1ntabros 5 litri Bag in Box o qualsiasi altro tipo di bevanda, non esiti a dare un&#8217;occhiata al nostro catalogo online per vedere l&#8217;ampia variet\u00e0 di bevande che abbiamo.<\/p>\n<p>Ci scriva per maggiori informazioni.<\/p>\n","protected":false},"excerpt":{"rendered":"<p>Verm\u00fa los C\u00e1ntabros \u00e8 un omaggio a tutti quegli uomini e quelle donne che hanno saputo preservare e diffondere la nostra cultura. Anche le nostre radici e tradizioni, accompagnate da fiere, feste, giochi e gastronomia, dal mare alle montagne della nostra amata Cantabria. Questo prodotto \u00e8 imbottigliato da Bodegas Igarmi. Bodegas Igarmi \u00e8 il presente [&hellip;]<\/p>\n","protected":false},"featured_media":13601,"template":"","meta":{"_et_pb_use_builder":"","_et_pb_old_content":"","_et_gb_content_width":""},"product_brand":[1244,1245],"product_cat":[4867,5779],"product_tag":[5780],"class_list":{"0":"post-45799","1":"product","2":"type-product","3":"status-publish","4":"has-post-thumbnail","6":"product_brand-igarmi","7":"product_brand-los-cantabros","8":"product_cat-bevande","9":"product_cat-vermouth-it","10":"product_tag-igarmi-it","12":"first","13":"outofstock","14":"featured","15":"taxable","16":"shipping-taxable","17":"product-type-variable"},"_links":{"self":[{"href":"https:\/\/myspainfood.com\/it\/wp-json\/wp\/v2\/product\/45799","targetHints":{"allow":["GET"]}}],"collection":[{"href":"https:\/\/myspainfood.com\/it\/wp-json\/wp\/v2\/product"}],"about":[{"href":"https:\/\/myspainfood.com\/it\/wp-json\/wp\/v2\/types\/product"}],"wp:featuredmedia":[{"embeddable":true,"href":"https:\/\/myspainfood.com\/it\/wp-json\/wp\/v2\/media\/13601"}],"wp:attachment":[{"href":"https:\/\/myspainfood.com\/it\/wp-json\/wp\/v2\/media?parent=45799"}],"wp:term":[{"taxonomy":"product_brand","embeddable":true,"href":"https:\/\/myspainfood.com\/it\/wp-json\/wp\/v2\/product_brand?post=45799"},{"taxonomy":"product_cat","embeddable":true,"href":"https:\/\/myspainfood.com\/it\/wp-json\/wp\/v2\/product_cat?post=45799"},{"taxonomy":"product_tag","embeddable":true,"href":"https:\/\/myspainfood.com\/it\/wp-json\/wp\/v2\/product_tag?post=45799"}],"curies":[{"name":"wp","href":"https:\/\/api.w.org\/{rel}","templated":true}]}}