{"id":45934,"date":"2025-04-10T12:11:27","date_gmt":"2025-04-10T10:11:27","guid":{"rendered":"https:\/\/myspainfood.com\/producto\/pasta-frolla-fatta-in-casa-500-grammi-sacchetto-la-ponderosa\/"},"modified":"2025-04-10T12:11:27","modified_gmt":"2025-04-10T10:11:27","slug":"pasta-frolla-fatta-in-casa-500-grammi-sacchetto-la-ponderosa","status":"publish","type":"product","link":"https:\/\/myspainfood.com\/it\/producto\/pasta-frolla-fatta-in-casa-500-grammi-sacchetto-la-ponderosa\/","title":{"rendered":"Pasta frolla fatta in casa 500 grammi sacchetto La Ponderosa"},"content":{"rendered":"<p>Cioccolato, limone, cannella&#8230; Ci sono molti gusti di mantecados sul mercato, ma se ce ne sono alcuni che non possono mancare sulla tavola di Natale, sono i mantecados fatti in casa. Il mix di qualit\u00e0, dato che i nostri mantecados fatti in casa sono realizzati con i migliori ingredienti, con l&#8217;artigianalit\u00e0, la tradizione di un prodotto che \u00e8 stato commercializzato per anni nel nostro Paese, lo rendono uno dei prodotti pi\u00f9 venduti dai nostri clienti. <\/p>\n<p>Ingredienti:<\/p>\n<p>Farina di frumento, zucchero, strutto iberico (antiossidante: E-320), cannella e semi di sesamo. Pu\u00f2 contenere tracce di noci, arachidi e solfiti. <\/p>\n<p>Allergeni<\/p>\n<p>Contiene glutine e sesamo. Pu\u00f2 contenere tracce di noci, arachidi e solfiti. <\/p>\n","protected":false},"excerpt":{"rendered":"<p>Cioccolato, limone, cannella&#8230; Ci sono molti gusti di mantecados sul mercato, ma se ce ne sono alcuni che non possono mancare sulla tavola di Natale, sono i mantecados fatti in casa. Il mix di qualit\u00e0, dato che i nostri mantecados fatti in casa sono realizzati con i migliori ingredienti, con l&#8217;artigianalit\u00e0, la tradizione di un [&hellip;]<\/p>\n","protected":false},"featured_media":13772,"template":"","meta":{"_et_pb_use_builder":"","_et_pb_old_content":"","_et_gb_content_width":""},"product_brand":[1417],"product_cat":[1959,7733],"product_tag":[],"class_list":{"0":"post-45934","1":"product","2":"type-product","3":"status-publish","4":"has-post-thumbnail","6":"product_brand-la-ponderosa","7":"product_cat-conserve","8":"product_cat-speciale-natale","10":"first","11":"outofstock","12":"taxable","13":"shipping-taxable","14":"product-type-variable"},"_links":{"self":[{"href":"https:\/\/myspainfood.com\/it\/wp-json\/wp\/v2\/product\/45934","targetHints":{"allow":["GET"]}}],"collection":[{"href":"https:\/\/myspainfood.com\/it\/wp-json\/wp\/v2\/product"}],"about":[{"href":"https:\/\/myspainfood.com\/it\/wp-json\/wp\/v2\/types\/product"}],"wp:featuredmedia":[{"embeddable":true,"href":"https:\/\/myspainfood.com\/it\/wp-json\/wp\/v2\/media\/13772"}],"wp:attachment":[{"href":"https:\/\/myspainfood.com\/it\/wp-json\/wp\/v2\/media?parent=45934"}],"wp:term":[{"taxonomy":"product_brand","embeddable":true,"href":"https:\/\/myspainfood.com\/it\/wp-json\/wp\/v2\/product_brand?post=45934"},{"taxonomy":"product_cat","embeddable":true,"href":"https:\/\/myspainfood.com\/it\/wp-json\/wp\/v2\/product_cat?post=45934"},{"taxonomy":"product_tag","embeddable":true,"href":"https:\/\/myspainfood.com\/it\/wp-json\/wp\/v2\/product_tag?post=45934"}],"curies":[{"name":"wp","href":"https:\/\/api.w.org\/{rel}","templated":true}]}}