{"id":46115,"date":"2025-04-10T12:11:40","date_gmt":"2025-04-10T10:11:40","guid":{"rendered":"https:\/\/myspainfood.com\/producto\/asparagi-bianchi-nieva-cojonudos-extra-13-16-molto-spessi\/"},"modified":"2025-04-10T12:11:40","modified_gmt":"2025-04-10T10:11:40","slug":"asparagi-bianchi-nieva-cojonudos-extra-13-16-molto-spessi","status":"publish","type":"product","link":"https:\/\/myspainfood.com\/it\/producto\/asparagi-bianchi-nieva-cojonudos-extra-13-16-molto-spessi\/","title":{"rendered":"Asparagi bianchi Nieva &#8221;Cojonudos&#8221; Extra 13\/16 Molto spessi"},"content":{"rendered":"<p>Si immerga nella squisitezza degli asparagi bianchi molto spessi di Nieva e scopra un&#8217;esperienza culinaria unica! Ogni asparago viene accuratamente selezionato e coltivato nelle terre pi\u00f9 fertili, garantendo la massima qualit\u00e0 e freschezza in ogni boccone. <\/p>\n<p>Gli asparagi bianchi del marchio Nieva si distinguono per le dimensioni generose e la consistenza soda e succosa. Con un diametro eccezionalmente grande, questi asparagi sono la scelta perfetta per chi cerca un sapore intenso e una consistenza deliziosa in ogni porzione. <\/p>\n<p>Provenienti dai campi pi\u00f9 accuratamente coltivati e raccolti a maturazione ottimale, i nostri asparagi bianchi sono un tesoro della natura che delizier\u00e0 il suo palato ed elever\u00e0 i suoi piatti a nuove vette gastronomiche.<\/p>\n<p>Si goda il loro sapore delicato e leggermente amaro e la loro consistenza tenera ma tenace. Che li gusti come guarnizione dei suoi piatti principali, li aggiunga a fresche insalate o li inserisca in ricette gourmet, gli asparagi bianchi molto spessi di Nieva sono la scelta perfetta per gli amanti della buona cucina. <\/p>\n<p>Sorprenda i suoi ospiti con l&#8217;eccellenza gastronomica dei nostri asparagi bianchi e trasformi ogni pasto in un&#8217;esperienza indimenticabile. Li prenda subito e scopra perch\u00e9 Nieva \u00e8 sinonimo di qualit\u00e0 eccezionale e di sapore in ogni boccone! <\/p>\n","protected":false},"excerpt":{"rendered":"<p>Si immerga nella squisitezza degli asparagi bianchi molto spessi di Nieva e scopra un&#8217;esperienza culinaria unica! Ogni asparago viene accuratamente selezionato e coltivato nelle terre pi\u00f9 fertili, garantendo la massima qualit\u00e0 e freschezza in ogni boccone. <\/p>\n","protected":false},"featured_media":14114,"template":"","meta":{"_et_pb_use_builder":"","_et_pb_old_content":"","_et_gb_content_width":""},"product_brand":[1458],"product_cat":[6336,1959],"product_tag":[],"class_list":{"0":"post-46115","1":"product","2":"type-product","3":"status-publish","4":"has-post-thumbnail","6":"product_brand-nieva-cojonudos","7":"product_cat-asparagi","8":"product_cat-conserve","10":"first","11":"outofstock","12":"taxable","13":"shipping-taxable","14":"product-type-variable"},"_links":{"self":[{"href":"https:\/\/myspainfood.com\/it\/wp-json\/wp\/v2\/product\/46115","targetHints":{"allow":["GET"]}}],"collection":[{"href":"https:\/\/myspainfood.com\/it\/wp-json\/wp\/v2\/product"}],"about":[{"href":"https:\/\/myspainfood.com\/it\/wp-json\/wp\/v2\/types\/product"}],"wp:featuredmedia":[{"embeddable":true,"href":"https:\/\/myspainfood.com\/it\/wp-json\/wp\/v2\/media\/14114"}],"wp:attachment":[{"href":"https:\/\/myspainfood.com\/it\/wp-json\/wp\/v2\/media?parent=46115"}],"wp:term":[{"taxonomy":"product_brand","embeddable":true,"href":"https:\/\/myspainfood.com\/it\/wp-json\/wp\/v2\/product_brand?post=46115"},{"taxonomy":"product_cat","embeddable":true,"href":"https:\/\/myspainfood.com\/it\/wp-json\/wp\/v2\/product_cat?post=46115"},{"taxonomy":"product_tag","embeddable":true,"href":"https:\/\/myspainfood.com\/it\/wp-json\/wp\/v2\/product_tag?post=46115"}],"curies":[{"name":"wp","href":"https:\/\/api.w.org\/{rel}","templated":true}]}}