{"id":46148,"date":"2025-04-10T12:12:05","date_gmt":"2025-04-10T10:12:05","guid":{"rendered":"https:\/\/myspainfood.com\/producto\/marmellata-di-arance-amare-la-vieja-fabrica-280-g\/"},"modified":"2025-04-10T12:12:05","modified_gmt":"2025-04-10T10:12:05","slug":"marmellata-di-arance-amare-la-vieja-fabrica-280-g","status":"publish","type":"product","link":"https:\/\/myspainfood.com\/it\/producto\/marmellata-di-arance-amare-la-vieja-fabrica-280-g\/","title":{"rendered":"Marmellata di arance amare La Vieja F\u00e1brica 280 g"},"content":{"rendered":"<p>La marmellata di arance amare La Vieja F\u00e1brica \u00e8 un prodotto tradizionale spagnolo che si distingue per il suo sapore autentico e delizioso. Realizzata con le migliori arance amare e seguendo le ricette tradizionali, offre un perfetto equilibrio tra dolcezza e amarezza. Ideale per accompagnare colazioni, spuntini o dessert, questa marmellata \u00e8 una delizia che porta sulla sua tavola la ricchezza dei sapori tradizionali della Spagna.  <\/p>\n<p>&nbsp;<\/p>\n<p><span class=\"info-key \"><strong>Nome del prodotto alimentare<\/strong>:<\/span> Marmellata di arance amare<\/p>\n<p><span class=\"info-key \"><strong>Nome dell&#8217;operatore<\/strong>:<\/span> \u00c1ngel Camacho Alimentaci\u00f3n, S.L.<\/p>\n<p><span class=\"info-key \"><strong>Indirizzo dell&#8217;operatore<\/strong>:<\/span> Avda. del Pilar, 6 - 41530 Mor\u00f3n de la Frontera (Sevilla)<\/p>\n<p><span class=\"info-key \"><strong>Luogo di origine del prodotto alimentare<\/strong>:<\/span> Prodotto della Spagna<\/p>\n<p><span class=\"info-key \"><strong>Quantit\u00e0 netta<\/strong>:<\/span> 365 g<\/p>\n<p><span class=\"info-key \"><strong>Altre informazioni obbligatorie sull&#8217;etichettatura<\/strong>:<\/span> Prodotto con 40 g di arance per 100 g.<\/p>\n<p><strong>Contenuto totale di zucchero<\/strong> 65 g per 100 g.<\/p>\n","protected":false},"excerpt":{"rendered":"<p>La marmellata di arance amare La Vieja F\u00e1brica \u00e8 un prodotto tradizionale spagnolo che si distingue per il suo sapore autentico e delizioso. Realizzata con le migliori arance amare e seguendo le ricette tradizionali, offre un perfetto equilibrio tra dolcezza e amarezza. Ideale per accompagnare colazioni, spuntini o dessert, questa marmellata \u00e8 una delizia che [&hellip;]<\/p>\n","protected":false},"featured_media":14213,"template":"","meta":{"_et_pb_use_builder":"","_et_pb_old_content":"","_et_gb_content_width":""},"product_brand":[1460],"product_cat":[1959],"product_tag":[],"class_list":{"0":"post-46148","1":"product","2":"type-product","3":"status-publish","4":"has-post-thumbnail","6":"product_brand-la-vieja-fabrica","7":"product_cat-conserve","9":"first","10":"outofstock","11":"taxable","12":"shipping-taxable","13":"product-type-variable"},"_links":{"self":[{"href":"https:\/\/myspainfood.com\/it\/wp-json\/wp\/v2\/product\/46148","targetHints":{"allow":["GET"]}}],"collection":[{"href":"https:\/\/myspainfood.com\/it\/wp-json\/wp\/v2\/product"}],"about":[{"href":"https:\/\/myspainfood.com\/it\/wp-json\/wp\/v2\/types\/product"}],"wp:featuredmedia":[{"embeddable":true,"href":"https:\/\/myspainfood.com\/it\/wp-json\/wp\/v2\/media\/14213"}],"wp:attachment":[{"href":"https:\/\/myspainfood.com\/it\/wp-json\/wp\/v2\/media?parent=46148"}],"wp:term":[{"taxonomy":"product_brand","embeddable":true,"href":"https:\/\/myspainfood.com\/it\/wp-json\/wp\/v2\/product_brand?post=46148"},{"taxonomy":"product_cat","embeddable":true,"href":"https:\/\/myspainfood.com\/it\/wp-json\/wp\/v2\/product_cat?post=46148"},{"taxonomy":"product_tag","embeddable":true,"href":"https:\/\/myspainfood.com\/it\/wp-json\/wp\/v2\/product_tag?post=46148"}],"curies":[{"name":"wp","href":"https:\/\/api.w.org\/{rel}","templated":true}]}}