{"id":46270,"date":"2025-04-10T12:07:15","date_gmt":"2025-04-10T10:07:15","guid":{"rendered":"https:\/\/myspainfood.com\/producto\/piselli-molto-fini-extra\/"},"modified":"2025-04-10T12:07:15","modified_gmt":"2025-04-10T10:07:15","slug":"piselli-molto-fini-extra","status":"publish","type":"product","link":"https:\/\/myspainfood.com\/it\/producto\/piselli-molto-fini-extra\/","title":{"rendered":"Piselli molto fini extra"},"content":{"rendered":"<p>Il Guisantes muy fino extra \u00e8 un <a href=\"https:\/\/twitter.com\/mca_spain\" target=\"_blank\" rel=\"noopener noreferrer nofollow\">Prodotto della Spagna<\/a>.<\/p>\n<p>Ingredienti: Piselli, acqua, zucchero e sale.<\/p>\n<p>Una volta aperto, conservare in frigorifero e consumare preferibilmente entro 5 giorni.<\/p>\n<p>La Viuda de Mateo \u00e8 uno dei marchi commerciali con cui il gruppo MCA Spagna va sul mercato.<\/p>\n<p>L&#8217;origine di MCA Spagna risiede nell&#8217;esperienza di Carlos Ripa, il suo attuale Direttore Generale, dopo un decennio di lavoro in un&#8217;azienda familiare legata al settore alimentare al dettaglio.<\/p>\n<p>Tuttavia, fu a met\u00e0 degli anni &#8217;80 che Ripa lanci\u00f2 il suo progetto personale nella sua citt\u00e0 natale (Mendavia, Navarra): un&#8217;azienda conserviera, MCA Spain.<\/p>\n<p>Questa azienda si \u00e8 posizionata, a partire dalle conserve vegetali e dalle conserve di pesce, nella prima divisione del settore agroalimentare spagnolo.<\/p>\n<p>Uno sviluppo spettacolare che non sarebbe stato possibile senza un team di prima classe e una vocazione al servizio clienti.<\/p>\n<p>Se desidera acquistare piselli extra fini o qualsiasi altro tipo di <a href=\"https:\/\/latiendadesami.com\/categoria-producto\/conservas\/\" rel=\"noopener noreferrer nofollow\" target=\"_blank\">cibo in scatola<\/a>, non esiti a dare un&#8217;occhiata al nostro catalogo online.<\/p>\n<p>Abbiamo la massima qualit\u00e0 al miglior prezzo.<\/p>\n<p>Ci scriva per maggiori informazioni o se ha domande su questo o altri prodotti del nostro catalogo.<\/p>\n","protected":false},"excerpt":{"rendered":"<p>Piselli molto fini Extra<\/p>\n","protected":false},"featured_media":9488,"template":"","meta":{"_et_pb_use_builder":"","_et_pb_old_content":"","_et_gb_content_width":""},"product_brand":[1129],"product_cat":[1959,3720],"product_tag":[],"class_list":{"0":"post-46270","1":"product","2":"type-product","3":"status-publish","4":"has-post-thumbnail","6":"product_brand-mateo","7":"product_cat-conserve","8":"product_cat-verdure","10":"first","11":"instock","12":"taxable","13":"shipping-taxable","14":"purchasable","15":"product-type-variable"},"_links":{"self":[{"href":"https:\/\/myspainfood.com\/it\/wp-json\/wp\/v2\/product\/46270","targetHints":{"allow":["GET"]}}],"collection":[{"href":"https:\/\/myspainfood.com\/it\/wp-json\/wp\/v2\/product"}],"about":[{"href":"https:\/\/myspainfood.com\/it\/wp-json\/wp\/v2\/types\/product"}],"wp:featuredmedia":[{"embeddable":true,"href":"https:\/\/myspainfood.com\/it\/wp-json\/wp\/v2\/media\/9488"}],"wp:attachment":[{"href":"https:\/\/myspainfood.com\/it\/wp-json\/wp\/v2\/media?parent=46270"}],"wp:term":[{"taxonomy":"product_brand","embeddable":true,"href":"https:\/\/myspainfood.com\/it\/wp-json\/wp\/v2\/product_brand?post=46270"},{"taxonomy":"product_cat","embeddable":true,"href":"https:\/\/myspainfood.com\/it\/wp-json\/wp\/v2\/product_cat?post=46270"},{"taxonomy":"product_tag","embeddable":true,"href":"https:\/\/myspainfood.com\/it\/wp-json\/wp\/v2\/product_tag?post=46270"}],"curies":[{"name":"wp","href":"https:\/\/api.w.org\/{rel}","templated":true}]}}