{"id":46311,"date":"2025-04-10T12:07:16","date_gmt":"2025-04-10T10:07:16","guid":{"rendered":"https:\/\/myspainfood.com\/producto\/filetto-di-acciuga-mateo-950-gr\/"},"modified":"2025-06-24T16:22:14","modified_gmt":"2025-06-24T14:22:14","slug":"filetto-di-acciuga-mateo-950-gr","status":"publish","type":"product","link":"https:\/\/myspainfood.com\/it\/producto\/filetto-di-acciuga-mateo-950-gr\/","title":{"rendered":"Filetto di acciuga Mateo 950 gr"},"content":{"rendered":"<p>Filetto di acciuga Mateo 950 gr in olio <a href=\"https:\/\/twitter.com\/mca_spain\" target=\"_blank\" rel=\"noopener noreferrer nofollow\">di girasole<\/a>.<\/p>\n<p>Ingredienti: Acciughe, olio di girasole (32%) e sale.<\/p>\n<p>Una volta aperto, conservare in frigorifero e consumare preferibilmente entro 5 giorni.<\/p>\n<p>La Viuda de Mateo \u00e8 uno dei marchi commerciali con cui il gruppo MCA Spagna va sul mercato.<\/p>\n<p>L&#8217;origine di MCA Spagna risiede nell&#8217;esperienza di Carlos Ripa, il suo attuale Direttore Generale, dopo un decennio di lavoro in un&#8217;azienda familiare legata al settore alimentare al dettaglio.<\/p>\n<p>Tuttavia, fu a met\u00e0 degli anni &#8217;80 che Ripa lanci\u00f2 il suo progetto personale nella sua citt\u00e0 natale (Mendavia, Navarra): un&#8217;azienda conserviera, MCA Spain.<\/p>\n<p>Questa azienda si \u00e8 posizionata, a partire dalle conserve vegetali e dalle conserve di pesce, nella prima divisione del settore agroalimentare spagnolo.<\/p>\n<p>Uno sviluppo spettacolare che non sarebbe stato possibile senza un team di prima classe e una vocazione al servizio clienti.<\/p>\n<p>Se desidera acquistare il filetto di acciughe Mateo 950 gr o qualsiasi altro tipo di <a href=\"https:\/\/latiendadesami.com\/categoria-producto\/frio\/\" rel=\"noopener noreferrer nofollow\" target=\"_blank\">alimento freddo<\/a>, non esiti a dare un&#8217;occhiata al nostro intero catalogo online.<\/p>\n<p>Abbiamo la massima qualit\u00e0 al miglior prezzo.<\/p>\n<p>Ci scriva per maggiori informazioni o se ha domande su questo o altri prodotti del nostro catalogo.<\/p>\n","protected":false},"excerpt":{"rendered":"<p>Filetto di acciuga Mateo 950 gr in olio di girasole. Ingredienti: Acciughe, olio di girasole (32%) e sale. Una volta aperto, conservare in frigorifero e consumare preferibilmente entro 5 giorni. La Viuda de Mateo \u00e8 uno dei marchi commerciali con cui il gruppo MCA Spagna va sul mercato. L&#8217;origine di MCA Spagna risiede nell&#8217;esperienza di [&hellip;]<\/p>\n","protected":false},"featured_media":9749,"template":"","meta":{"_et_pb_use_builder":"","_et_pb_old_content":"","_et_gb_content_width":""},"product_brand":[1129],"product_cat":[1831,1829],"product_tag":[],"class_list":{"0":"post-46311","1":"product","2":"type-product","3":"status-publish","4":"has-post-thumbnail","6":"product_brand-mateo","7":"product_cat-acciughe","8":"product_cat-freddo","9":"product_shipping_class-spedizione-a-freddo","11":"first","12":"outofstock","13":"taxable","14":"shipping-taxable","15":"product-type-variable"},"_links":{"self":[{"href":"https:\/\/myspainfood.com\/it\/wp-json\/wp\/v2\/product\/46311","targetHints":{"allow":["GET"]}}],"collection":[{"href":"https:\/\/myspainfood.com\/it\/wp-json\/wp\/v2\/product"}],"about":[{"href":"https:\/\/myspainfood.com\/it\/wp-json\/wp\/v2\/types\/product"}],"wp:featuredmedia":[{"embeddable":true,"href":"https:\/\/myspainfood.com\/it\/wp-json\/wp\/v2\/media\/9749"}],"wp:attachment":[{"href":"https:\/\/myspainfood.com\/it\/wp-json\/wp\/v2\/media?parent=46311"}],"wp:term":[{"taxonomy":"product_brand","embeddable":true,"href":"https:\/\/myspainfood.com\/it\/wp-json\/wp\/v2\/product_brand?post=46311"},{"taxonomy":"product_cat","embeddable":true,"href":"https:\/\/myspainfood.com\/it\/wp-json\/wp\/v2\/product_cat?post=46311"},{"taxonomy":"product_tag","embeddable":true,"href":"https:\/\/myspainfood.com\/it\/wp-json\/wp\/v2\/product_tag?post=46311"}],"curies":[{"name":"wp","href":"https:\/\/api.w.org\/{rel}","templated":true}]}}