{"id":48541,"date":"2025-04-10T12:10:00","date_gmt":"2025-04-10T10:10:00","guid":{"rendered":"https:\/\/myspainfood.com\/producto\/alino-de-mi-pueblo-chicon-olive-900-grammi-confezione-6-unita\/"},"modified":"2025-09-09T17:00:00","modified_gmt":"2025-09-09T15:00:00","slug":"alino-de-mi-pueblo-chicon-olive-900-grammi-confezione-6-unita","status":"publish","type":"product","link":"https:\/\/myspainfood.com\/it\/producto\/alino-de-mi-pueblo-chicon-olive-900-grammi-confezione-6-unita\/","title":{"rendered":"Ali\u00f1o de mi pueblo Chic\u00f3n olive 900 grammi confezione 6 unit\u00e0"},"content":{"rendered":"<p>Le <strong>olive condite<\/strong> manzanilla &#8220;Ali\u00f1o de mi Pueblo&#8221; sono <a href=\"https:\/\/aceitunaschiconlebron.com\/catalogo-productos\/comprar-aceitunas\/deshuesadas\/\" target=\"_blank\" rel=\"noopener noreferrer nofollow\">olive snocciolate<\/a> e condite con i migliori ingredienti secondo una ricetta tradizionale.<\/p>\n<p>L&#8217;uso di spezie naturali e il controllo della temperatura sono il segreto per ottenere il sapore speciale di queste olive.<\/p>\n<p>Le olive Ali\u00f1o de mi pueblo sono morbide e la polpa succosa conferisce loro un sapore inconfondibile.<\/p>\n<p>Immerse in salamoia e trattate per ridurne l&#8217;acidit\u00e0, le olive <a href=\"https:\/\/latiendadesami.com\/categoria-producto\/encurtidos\/\" target=\"_blank\" rel=\"noopener noreferrer nofollow\">marinate<\/a> fatte in casa sono una vista comune su molte terrazze e nei ristoranti.<\/p>\n<h3>Benefici delle olive Ali\u00f1o de mi Pueblo<\/h3>\n<p>Conosceva i molteplici benefici di queste <strong>olive<\/strong>? Sono molto efficaci nella prevenzione delle malattie cardiache e circolatorie in generale. <\/p>\n<p>Ci\u00f2 \u00e8 dovuto al suo alto contenuto di grassi insaturi. Inoltre, \u00e8 un alimento che contiene molto ferro e fibre ed \u00e8 altamente saziante, il che lo rende uno spuntino perfetto. <\/p>\n<p>Se vuoi acquistare olive o qualsiasi altro tipo di <a href=\"https:\/\/latiendadesami.com\/categoria-producto\/encurtidos\/\" rel=\"noopener noreferrer nofollow\" target=\"_blank\">sottaceti<\/a>, non esitare a dare un&#8217;occhiata al nostro catalogo online per vedere l&#8217;ampia variet\u00e0 di <a href=\"https:\/\/latiendadesami.com\/categoria-producto\/encurtidos\/aceitunas\/\" target=\"_blank\" rel=\"noopener noreferrer nofollow\">olive<\/a> che abbiamo.<\/p>\n","protected":false},"excerpt":{"rendered":"<p>Le olive condite manzanilla &#8220;Ali\u00f1o de mi Pueblo&#8221; sono olive snocciolate e condite con i migliori ingredienti secondo una ricetta tradizionale. L&#8217;uso di spezie naturali e il controllo della temperatura sono il segreto per ottenere il sapore speciale di queste olive. Le olive Ali\u00f1o de mi pueblo sono morbide e la polpa succosa conferisce loro [&hellip;]<\/p>\n","protected":false},"featured_media":12314,"template":"","meta":{"_et_pb_use_builder":"","_et_pb_old_content":"","_et_gb_content_width":""},"product_brand":[1036],"product_cat":[2903,3099],"product_tag":[9866],"class_list":{"0":"post-48541","1":"product","2":"type-product","3":"status-publish","4":"has-post-thumbnail","6":"product_brand-chicon","7":"product_cat-allingrosso","8":"product_cat-sottaceti-it","9":"product_tag-villaggio","11":"first","12":"instock","13":"taxable","14":"shipping-taxable","15":"purchasable","16":"product-type-variable"},"_links":{"self":[{"href":"https:\/\/myspainfood.com\/it\/wp-json\/wp\/v2\/product\/48541","targetHints":{"allow":["GET"]}}],"collection":[{"href":"https:\/\/myspainfood.com\/it\/wp-json\/wp\/v2\/product"}],"about":[{"href":"https:\/\/myspainfood.com\/it\/wp-json\/wp\/v2\/types\/product"}],"wp:featuredmedia":[{"embeddable":true,"href":"https:\/\/myspainfood.com\/it\/wp-json\/wp\/v2\/media\/12314"}],"wp:attachment":[{"href":"https:\/\/myspainfood.com\/it\/wp-json\/wp\/v2\/media?parent=48541"}],"wp:term":[{"taxonomy":"product_brand","embeddable":true,"href":"https:\/\/myspainfood.com\/it\/wp-json\/wp\/v2\/product_brand?post=48541"},{"taxonomy":"product_cat","embeddable":true,"href":"https:\/\/myspainfood.com\/it\/wp-json\/wp\/v2\/product_cat?post=48541"},{"taxonomy":"product_tag","embeddable":true,"href":"https:\/\/myspainfood.com\/it\/wp-json\/wp\/v2\/product_tag?post=48541"}],"curies":[{"name":"wp","href":"https:\/\/api.w.org\/{rel}","templated":true}]}}