{"id":49195,"date":"2025-04-10T12:07:42","date_gmt":"2025-04-10T10:07:42","guid":{"rendered":"https:\/\/myspainfood.com\/producto\/peperoncino-15-kg-di-peso-netto\/"},"modified":"2025-04-10T12:07:42","modified_gmt":"2025-04-10T10:07:42","slug":"peperoncino-15-kg-di-peso-netto","status":"publish","type":"product","link":"https:\/\/myspainfood.com\/it\/producto\/peperoncino-15-kg-di-peso-netto\/","title":{"rendered":"Peperoncino 1,5 kg di peso netto"},"content":{"rendered":"<p>La Piparra da 1,5 kg di peso netto in aceto dar\u00e0 ai nostri <a href=\"https:\/\/es.wikipedia.org\/wiki\/Guindilla_de_Ibarra\" target=\"_blank\" rel=\"noopener noreferrer nofollow\">piatti<\/a> quel tocco piccante che li far\u00e0 risaltare.<\/p>\n<p>Questo prodotto far\u00e0 vibrare il suo palato, essendo molto apprezzato accanto a stufati o salse piene di sapore.<\/p>\n<p>Tra i tanti ingredienti tradizionali della cucina basca c&#8217;\u00e8 il peperoncino piparra.<\/p>\n<p>Un peperoncino molto speciale, perch\u00e9 non brucia affatto.<\/p>\n<p>Si adatta molto bene a tutti i tipi di menu e viene accolto molto bene anche da coloro che non amano particolarmente questo sapore.<\/p>\n<p>I Piparra di 1,5 kg netti di questo contenitore sono di medie dimensioni e vengono preparati con l&#8217;aceto.<\/p>\n<p>Un tocco genuino con cui le piparas vengono normalmente servite e che le far\u00e0 provare un brivido di sapore intenso ad ogni boccone.<\/p>\n<p>Alcune propriet\u00e0 del guineafowl:<\/p>\n<ul>\n<li>Abbassa il colesterolo.<\/li>\n<li>Stimola la circolazione sanguigna e respiratoria.<\/li>\n<li>Si ritiene che possa aiutare a ridurre il peso in eccesso accelerando il metabolismo.<\/li>\n<li>Secondo alcuni studi, protegge lo stomaco facendogli produrre pi\u00f9 muco.<\/li>\n<\/ul>\n<p>Se desidera acquistare olive o qualsiasi altro tipo di <a href=\"https:\/\/latiendadesami.com\/categoria-producto\/encurtidos\/\" rel=\"noopener noreferrer nofollow\" target=\"_blank\">sottaceti<\/a>, non esiti a dare un&#8217;occhiata al nostro catalogo online per vedere l&#8217;ampia variet\u00e0 di <a href=\"https:\/\/latiendadesami.com\/categoria-producto\/encurtidos\/pepinillos\/\" target=\"_blank\" rel=\"noopener noreferrer nofollow\">cetriolini<\/a> che abbiamo.<\/p>\n","protected":false},"excerpt":{"rendered":"<p>La Piparra da 1,5 kg di peso netto in aceto dar\u00e0 ai nostri piatti quel tocco piccante che li far\u00e0 risaltare. Questo prodotto far\u00e0 vibrare il suo palato, essendo molto apprezzato accanto a stufati o salse piene di sapore. Tra i tanti ingredienti tradizionali della cucina basca c&#8217;\u00e8 il peperoncino piparra. Un peperoncino molto speciale, [&hellip;]<\/p>\n","protected":false},"featured_media":10019,"template":"","meta":{"_et_pb_use_builder":"","_et_pb_old_content":"","_et_gb_content_width":""},"product_brand":[1069],"product_cat":[3993,1562],"product_tag":[9939],"class_list":{"0":"post-49195","1":"product","2":"type-product","3":"status-publish","4":"has-post-thumbnail","6":"product_brand-sangar","7":"product_cat-peperoncino","8":"product_cat-sottaceti","9":"product_tag-piparra-it","11":"first","12":"outofstock","13":"taxable","14":"shipping-taxable","15":"purchasable","16":"product-type-simple"},"_links":{"self":[{"href":"https:\/\/myspainfood.com\/it\/wp-json\/wp\/v2\/product\/49195","targetHints":{"allow":["GET"]}}],"collection":[{"href":"https:\/\/myspainfood.com\/it\/wp-json\/wp\/v2\/product"}],"about":[{"href":"https:\/\/myspainfood.com\/it\/wp-json\/wp\/v2\/types\/product"}],"wp:featuredmedia":[{"embeddable":true,"href":"https:\/\/myspainfood.com\/it\/wp-json\/wp\/v2\/media\/10019"}],"wp:attachment":[{"href":"https:\/\/myspainfood.com\/it\/wp-json\/wp\/v2\/media?parent=49195"}],"wp:term":[{"taxonomy":"product_brand","embeddable":true,"href":"https:\/\/myspainfood.com\/it\/wp-json\/wp\/v2\/product_brand?post=49195"},{"taxonomy":"product_cat","embeddable":true,"href":"https:\/\/myspainfood.com\/it\/wp-json\/wp\/v2\/product_cat?post=49195"},{"taxonomy":"product_tag","embeddable":true,"href":"https:\/\/myspainfood.com\/it\/wp-json\/wp\/v2\/product_tag?post=49195"}],"curies":[{"name":"wp","href":"https:\/\/api.w.org\/{rel}","templated":true}]}}